{"id":82,"date":"2024-11-11T15:59:54","date_gmt":"2024-11-11T14:59:54","guid":{"rendered":"https:\/\/www.univda.it\/bdai2025\/?page_id=82"},"modified":"2025-05-06T17:09:15","modified_gmt":"2025-05-06T15:09:15","slug":"venue","status":"publish","type":"page","link":"https:\/\/www.univda.it\/bdai2025\/venue\/","title":{"rendered":"Venue"},"content":{"rendered":"\t\t<div data-elementor-type=\"wp-page\" data-elementor-id=\"82\" class=\"elementor elementor-82\">\n\t\t\t\t<div class=\"elementor-element elementor-element-4b083eb e-flex e-con-boxed e-con e-parent\" data-id=\"4b083eb\" data-element_type=\"container\" data-e-type=\"container\">\n\t\t\t\t\t<div class=\"e-con-inner\">\n\t\t<div class=\"elementor-element elementor-element-0558d90 e-con-full e-flex e-con e-child\" data-id=\"0558d90\" data-element_type=\"container\" data-e-type=\"container\">\n\t\t\t\t<div class=\"elementor-element elementor-element-e9dd12c elementor-widget elementor-widget-image\" data-id=\"e9dd12c\" data-element_type=\"widget\" data-e-type=\"widget\" data-widget_type=\"image.default\">\n\t\t\t\t<div class=\"elementor-widget-container\">\n\t\t\t\t\t\t\t\t\t\t\t\t\t\t\t<img fetchpriority=\"high\" decoding=\"async\" width=\"800\" height=\"533\" src=\"https:\/\/www.univda.it\/bdai2025\/wp-content\/uploads\/sites\/8\/2025\/05\/nuovo-polo-universitario-rid-per-sito-2048x1364-1-1024x682.jpg\" class=\"attachment-large size-large wp-image-343\" alt=\"\" srcset=\"https:\/\/www.univda.it\/bdai2025\/wp-content\/uploads\/sites\/8\/2025\/05\/nuovo-polo-universitario-rid-per-sito-2048x1364-1-1024x682.jpg 1024w, https:\/\/www.univda.it\/bdai2025\/wp-content\/uploads\/sites\/8\/2025\/05\/nuovo-polo-universitario-rid-per-sito-2048x1364-1-300x200.jpg 300w, https:\/\/www.univda.it\/bdai2025\/wp-content\/uploads\/sites\/8\/2025\/05\/nuovo-polo-universitario-rid-per-sito-2048x1364-1-768x512.jpg 768w, https:\/\/www.univda.it\/bdai2025\/wp-content\/uploads\/sites\/8\/2025\/05\/nuovo-polo-universitario-rid-per-sito-2048x1364-1-1536x1023.jpg 1536w, https:\/\/www.univda.it\/bdai2025\/wp-content\/uploads\/sites\/8\/2025\/05\/nuovo-polo-universitario-rid-per-sito-2048x1364-1.jpg 2048w\" sizes=\"(max-width: 800px) 100vw, 800px\" \/>\t\t\t\t\t\t\t\t\t\t\t\t\t\t\t<\/div>\n\t\t\t\t<\/div>\n\t\t\t\t<\/div>\n\t\t<div class=\"elementor-element elementor-element-b1d00df e-con-full e-flex e-con e-child\" data-id=\"b1d00df\" data-element_type=\"container\" data-e-type=\"container\">\n\t\t\t\t<div class=\"elementor-element elementor-element-7c87240 elementor-widget elementor-widget-heading\" data-id=\"7c87240\" data-element_type=\"widget\" data-e-type=\"widget\" data-widget_type=\"heading.default\">\n\t\t\t\t<div class=\"elementor-widget-container\">\n\t\t\t\t\t<h4 class=\"elementor-heading-title elementor-size-default\">Universit\u00e0 della Valle d'Aosta<br>Universit\u00e9 de la Vall\u00e9e d'Aoste<\/h4>\t\t\t\t<\/div>\n\t\t\t\t<\/div>\n\t\t\t\t<div class=\"elementor-element elementor-element-147d3f8 elementor-widget elementor-widget-text-editor\" data-id=\"147d3f8\" data-element_type=\"widget\" data-e-type=\"widget\" data-widget_type=\"text-editor.default\">\n\t\t\t\t<div class=\"elementor-widget-container\">\n\t\t\t\t\t\t\t\t\t<p>BDAI 2025 will take place in the beautiful location of the new campus of the University of Valle d&#8217;Aosta, opened in 2024.<\/p><p>The campus is situated in the city center of Aosta, close to the railway station and 5 minutes walking from Aosta&#8217;s main square, Piazza \u00c9mile Chanoux.<\/p><p>The address for accessing the campus is:<\/p><p><strong>Via Monte Solarolo, 20, 11100 Aosta AO<\/strong><\/p>\t\t\t\t\t\t\t\t<\/div>\n\t\t\t\t<\/div>\n\t\t\t\t<\/div>\n\t\t\t\t\t<\/div>\n\t\t\t\t<\/div>\n\t\t<div class=\"elementor-element elementor-element-381c8ca e-flex e-con-boxed e-con e-parent\" data-id=\"381c8ca\" data-element_type=\"container\" data-e-type=\"container\">\n\t\t\t\t\t<div class=\"e-con-inner\">\n\t\t\t\t<div class=\"elementor-element elementor-element-28d06cc elementor-widget elementor-widget-google_maps\" data-id=\"28d06cc\" data-element_type=\"widget\" data-e-type=\"widget\" data-widget_type=\"google_maps.default\">\n\t\t\t\t<div class=\"elementor-widget-container\">\n\t\t\t\t\t\t\t<div class=\"elementor-custom-embed\">\n\t\t\t<iframe loading=\"lazy\"\n\t\t\t\t\tsrc=\"https:\/\/maps.google.com\/maps?q=Via%20Monte%20Solarolo%2020%2C%20aosta&#038;t=m&#038;z=16&#038;output=embed&#038;iwloc=near\"\n\t\t\t\t\ttitle=\"Via Monte Solarolo 20, aosta\"\n\t\t\t\t\taria-label=\"Via Monte Solarolo 20, aosta\"\n\t\t\t><\/iframe>\n\t\t<\/div>\n\t\t\t\t\t\t<\/div>\n\t\t\t\t<\/div>\n\t\t\t\t\t<\/div>\n\t\t\t\t<\/div>\n\t\t<div class=\"elementor-element elementor-element-76849ea e-flex e-con-boxed e-con e-parent\" data-id=\"76849ea\" data-element_type=\"container\" data-e-type=\"container\">\n\t\t\t\t\t<div class=\"e-con-inner\">\n\t\t\t\t<div class=\"elementor-element elementor-element-de5376f elementor-widget elementor-widget-heading\" data-id=\"de5376f\" data-element_type=\"widget\" data-e-type=\"widget\" data-widget_type=\"heading.default\">\n\t\t\t\t<div class=\"elementor-widget-container\">\n\t\t\t\t\t<h4 class=\"elementor-heading-title elementor-size-default\">Accommodation<\/h4>\t\t\t\t<\/div>\n\t\t\t\t<\/div>\n\t\t\t\t<div class=\"elementor-element elementor-element-cfab203 elementor-widget elementor-widget-text-editor\" data-id=\"cfab203\" data-element_type=\"widget\" data-e-type=\"widget\" data-widget_type=\"text-editor.default\">\n\t\t\t\t<div class=\"elementor-widget-container\">\n\t\t\t\t\t\t\t\t\t<div class=\"x_elementToProof\"><p>In the city of Aosta, several accommodation facilities are available.<\/p><p>We report some of them:<\/p><ul><li><a href=\"https:\/\/www.hbaostahotel.com\/\">HB Aosta<\/a><\/li><li><a href=\"https:\/\/www.aostacamere.com\/\">Affittacamere Maison Colombot<\/a><\/li><li><a href=\"https:\/\/www.lerevecharmant.com\/\">B&amp;B Le R\u00eave Charmant<\/a><\/li><li><a href=\"https:\/\/www.nordenpalaceaosta.it\/index.php?lang=it\">Norden Palace<\/a><\/li><li><a href=\"https:\/\/www.alpissima.it\/duca-aosta\/\">Hotel Duca d&#8217;Aosta<\/a><\/li><li><a href=\"https:\/\/www.alpissima.it\/omama\/\">Omama Social Hotel<\/a><\/li><li><a href=\"https:\/\/www.chaletdaoste.it\/\">B&amp;B Chalet d&#8217;Aoste<\/a><\/li><li><a href=\"https:\/\/www.maisonbondaz.it\/\">B&amp;B Maison Bondaz<\/a><\/li><li><a href=\"https:\/\/www.aymondechallant.it\/\">B&amp;B Aymon de Challant<\/a><\/li><li><a href=\"https:\/\/www.lepageot.it\/it\/home\/\">Hotel Le Pageot<\/a><\/li><li><a href=\"https:\/\/www.hotelmilleluci.com\/homepage9f3e.html?l=1\">Hotel Milleluci<\/a><\/li><\/ul><\/div><div>\u00a0<\/div><div>Other options are available through, e.g.,\u00a0<a href=\"https:\/\/www.booking.com\/searchresults.it.html?ss=Aosta&amp;ssne=Hone&amp;ssne_untouched=Hone&amp;efdco=1&amp;label=gen173nr-1FCAEoggI46AdIFFgEaHGIAQGYARS4ARfIAQzYAQHoAQH4AQKIAgGoAgO4AvjojbMGwAIB0gIkMzNkNzRlNTQtMTY4NC00ZDhlLWI5MDEtNDE2MWMwOTdjMjk12AIF4AIB&amp;aid=304142&amp;lang=it&amp;sb=1&amp;src_elem=sb&amp;src=searchresults&amp;dest_id=-110502&amp;dest_type=city&amp;ac_position=0&amp;ac_click_type=b&amp;ac_langcode=it&amp;ac_suggestion_list_length=5&amp;search_selected=true&amp;search_pageview_id=9a3a4c6f6a260610&amp;ac_meta=GhA5YTNhNGM2ZjZhMjYwNjEwIAAoATICaXQ6BUFvc3RhQABKAFAA&amp;checkin=2025-05-28&amp;checkout=2025-05-31&amp;group_adults=1&amp;no_rooms=1&amp;group_children=0\">Booking<\/a>\u00a0or\u00a0<a href=\"https:\/\/www.airbnb.it\/s\/Aosta--Italia\/homes?refinement_paths%5B%5D=%2Fhomes&amp;flexible_trip_lengths%5B%5D=one_week&amp;monthly_start_date=2025-06-01&amp;monthly_length=3&amp;monthly_end_date=2025-09-01&amp;price_filter_input_type=0&amp;channel=EXPLORE&amp;date_picker_type=calendar&amp;adults=1&amp;source=structured_search_input_header&amp;search_type=autocomplete_click&amp;disable_auto_translation=true&amp;price_filter_num_nights=5&amp;place_id=ChIJt6-2PrcgiUcRECbuQ-RJZwA&amp;location_bb=QjcLuEDrIptCNueuQOkRdA%3D%3D&amp;acp_id=39e20933-90cf-41b1-aeeb-500cf02c180b&amp;checkin=2025-05-28&amp;checkout=2025-05-31\">Airbnb<\/a>.<\/div>\t\t\t\t\t\t\t\t<\/div>\n\t\t\t\t<\/div>\n\t\t\t\t\t<\/div>\n\t\t\t\t<\/div>\n\t\t<div class=\"elementor-element elementor-element-ed0ec5e e-flex e-con-boxed e-con e-parent\" data-id=\"ed0ec5e\" data-element_type=\"container\" data-e-type=\"container\">\n\t\t\t\t\t<div class=\"e-con-inner\">\n\t\t\t\t<div class=\"elementor-element elementor-element-898587f elementor-widget elementor-widget-heading\" data-id=\"898587f\" data-element_type=\"widget\" data-e-type=\"widget\" data-widget_type=\"heading.default\">\n\t\t\t\t<div class=\"elementor-widget-container\">\n\t\t\t\t\t<h4 class=\"elementor-heading-title elementor-size-default\">Social dinner<\/h4>\t\t\t\t<\/div>\n\t\t\t\t<\/div>\n\t\t\t\t<div class=\"elementor-element elementor-element-6537b00 elementor-widget elementor-widget-text-editor\" data-id=\"6537b00\" data-element_type=\"widget\" data-e-type=\"widget\" data-widget_type=\"text-editor.default\">\n\t\t\t\t<div class=\"elementor-widget-container\">\n\t\t\t\t\t\t\t\t\t<p>The social dinner will take place\u00a0<strong>at the restaurant \u201c<a href=\"https:\/\/www.ristorantesociete.it\/index.php?option=com_sppagebuilder&amp;view=page&amp;id=101&amp;Itemid=239\">La Soci\u00e9t\u00e9 en Ville<\/a>\u201d<\/strong> (~50\u20ac\/person) on Thursday 29th evening.<\/p>\t\t\t\t\t\t\t\t<\/div>\n\t\t\t\t<\/div>\n\t\t\t\t\t<\/div>\n\t\t\t\t<\/div>\n\t\t<div class=\"elementor-element elementor-element-775072d e-flex e-con-boxed e-con e-parent\" data-id=\"775072d\" data-element_type=\"container\" data-e-type=\"container\">\n\t\t\t\t\t<div class=\"e-con-inner\">\n\t\t\t\t<div class=\"elementor-element elementor-element-4de5fca elementor-widget elementor-widget-heading\" data-id=\"4de5fca\" data-element_type=\"widget\" data-e-type=\"widget\" data-widget_type=\"heading.default\">\n\t\t\t\t<div class=\"elementor-widget-container\">\n\t\t\t\t\t<h4 class=\"elementor-heading-title elementor-size-default\">How to get there<\/h4>\t\t\t\t<\/div>\n\t\t\t\t<\/div>\n\t\t\t\t<div class=\"elementor-element elementor-element-cca5f9e elementor-widget elementor-widget-text-editor\" data-id=\"cca5f9e\" data-element_type=\"widget\" data-e-type=\"widget\" data-widget_type=\"text-editor.default\">\n\t\t\t\t<div class=\"elementor-widget-container\">\n\t\t\t\t\t\t\t\t\t<div class=\"x_elementToProof\"><div class=\"x_elementToProof\"><div class=\"x_elementToProof\"><strong>By train<\/strong><\/div><div class=\"x_elementToProof\">The Aosta train station is located 10 minutes walking from the workshop location.<\/div><div class=\"x_elementToProof\">Please note that <strong>from January 3rd 2024 to December 31st 2026 a replacement bus service is active for the electrification works on the Ivrea-Aosta line<\/strong>.<\/div><div class=\"x_elementToProof\">It is thus necessary to take the train from Torino to Ivrea and then the bus.<\/div><div>\u00a0<\/div><div class=\"x_elementToProof\"><strong>By car<\/strong><\/div><div class=\"x_elementToProof\">Aosta is the regional capital of the Aosta Valley, located about 120 km from Torino and 160 km from Milano. It is easily accessible by car via the A5 motorway, which connects directly to Torino and the main highways from northern Italy. The recommended exit is \u201cAosta Est\u201d or \u201cAosta Ovest,\u201d depending on your destination within the city. Aosta can also be reached from France and Switzerland through the Mont Blanc Tunnel or the Great St Bernard Tunnel, making it a convenient crossroads between Italy and the Alpine region.<\/div><\/div><div class=\"x_elementToProof\"><div>\u00a0<\/div><div class=\"x_elementToProof\"><strong>By bus<\/strong><\/div><div class=\"x_elementToProof\">Local transport lines:<\/div><ul><li><ul><li class=\"x_elementToProof\"><a id=\"LPlnk394470\" class=\"x_OWAAutoLink\" title=\"http:\/\/www.vitagroup.it\/linee-urbane-extra-vda\" href=\"http:\/\/www.vitagroup.it\/linee-urbane-extra-vda\" data-auth=\"NotApplicable\" data-linkindex=\"2\">Vita Group<\/a><\/li><li class=\"x_elementToProof\"><a id=\"LPlnk631816\" class=\"x_OWAAutoLink\" title=\"https:\/\/savda.arriva.it\/\" href=\"https:\/\/savda.arriva.it\/\" data-auth=\"NotApplicable\" data-linkindex=\"3\">Arriva<\/a><\/li><\/ul><\/li><\/ul><div class=\"x_elementToProof\">To move between the towns of the Aosta Valley there is a public bus.<\/div><div class=\"x_elementToProof\">Timetables and stops are available\u00a0<a id=\"LPlnk983080\" class=\"x_OWAAutoLink\" title=\"https:\/\/arriva.it\/app\/uploads\/sites\/3\/2020\/07\/000110-Aosta-PontSaintMartin.pdf\" href=\"https:\/\/arriva.it\/app\/uploads\/sites\/3\/2020\/07\/000110-Aosta-PontSaintMartin.pdf\" data-auth=\"NotApplicable\" data-linkindex=\"4\">here<\/a>.<\/div><div>\u00a0<\/div><div class=\"x_elementToProof\"><strong>By plane<\/strong><\/div><div class=\"x_elementToProof\">The nearest airport is Torino Caselle, about 100 km away.<\/div><div>From Malpensa airport to Aosta, a <a href=\"https:\/\/aosta.arriva.it\/aosta-aeroporto-di-milano-malpensa\/\">direct shuttle service<\/a> is available, with a fare of \u20ac25.<\/div><\/div><\/div>\t\t\t\t\t\t\t\t<\/div>\n\t\t\t\t<\/div>\n\t\t\t\t\t<\/div>\n\t\t\t\t<\/div>\n\t\t<div class=\"elementor-element elementor-element-aebf7db e-flex e-con-boxed e-con e-parent\" data-id=\"aebf7db\" data-element_type=\"container\" data-e-type=\"container\">\n\t\t\t\t\t<div class=\"e-con-inner\">\n\t\t\t\t<div class=\"elementor-element elementor-element-1997c74 elementor-widget elementor-widget-heading\" data-id=\"1997c74\" data-element_type=\"widget\" data-e-type=\"widget\" data-widget_type=\"heading.default\">\n\t\t\t\t<div class=\"elementor-widget-container\">\n\t\t\t\t\t<h4 class=\"elementor-heading-title elementor-size-default\">Where to eat<\/h4>\t\t\t\t<\/div>\n\t\t\t\t<\/div>\n\t\t\t\t<div class=\"elementor-element elementor-element-61b92da elementor-widget elementor-widget-text-editor\" data-id=\"61b92da\" data-element_type=\"widget\" data-e-type=\"widget\" data-widget_type=\"text-editor.default\">\n\t\t\t\t<div class=\"elementor-widget-container\">\n\t\t\t\t\t\t\t\t\t<ul><li><a href=\"https:\/\/www.ristoranteosteriadelloca.com\">Osteria dell\u2019oca<\/a><\/li><li><a href=\"https:\/\/www.aldenteresturant.com\"> Ristorante Aldente<\/a><\/li><li><a href=\"https:\/\/losteria.aosta.it\">Osteria Aosta<\/a><\/li><li>Trattoria di Montagna <a href=\"https:\/\/www.lebaravin.it\/\">Le bar \u00e0 vin<\/a><\/li><li><a href=\"https:\/\/stefenellidesk.com\/\">Stefenelli desk<\/a><\/li><li><a href=\"https:\/\/b63aosta.com\">B63<\/a><\/li><li><a href=\"https:\/\/www.bataclan.it\/\">Bataclan<\/a><\/li><\/ul>\t\t\t\t\t\t\t\t<\/div>\n\t\t\t\t<\/div>\n\t\t\t\t\t<\/div>\n\t\t\t\t<\/div>\n\t\t<div class=\"elementor-element elementor-element-f5b36b0 e-flex e-con-boxed e-con e-parent\" data-id=\"f5b36b0\" data-element_type=\"container\" data-e-type=\"container\">\n\t\t\t\t\t<div class=\"e-con-inner\">\n\t\t\t\t<div class=\"elementor-element elementor-element-5b9b7f7 elementor-widget elementor-widget-heading\" data-id=\"5b9b7f7\" data-element_type=\"widget\" data-e-type=\"widget\" data-widget_type=\"heading.default\">\n\t\t\t\t<div class=\"elementor-widget-container\">\n\t\t\t\t\t<h4 class=\"elementor-heading-title elementor-size-default\">What to see<\/h4>\t\t\t\t<\/div>\n\t\t\t\t<\/div>\n\t\t\t\t<div class=\"elementor-element elementor-element-42de69d elementor-widget elementor-widget-text-editor\" data-id=\"42de69d\" data-element_type=\"widget\" data-e-type=\"widget\" data-widget_type=\"text-editor.default\">\n\t\t\t\t<div class=\"elementor-widget-container\">\n\t\t\t\t\t\t\t\t\t<ul><li>Arco di Augusto<\/li><li>Porta Praetoria<\/li><li>Teatro Romano<\/li><li>Criptoportico<\/li><li>Cattedrale di Aosta<\/li><li>Museo Archeologico<\/li><li>Collegiata di Sant\u2019Orso<\/li><li>Anfiteatro<\/li><li>Piazza Chanoux<\/li><\/ul>\t\t\t\t\t\t\t\t<\/div>\n\t\t\t\t<\/div>\n\t\t\t\t\t<\/div>\n\t\t\t\t<\/div>\n\t\t\t\t<\/div>\n\t\t","protected":false},"excerpt":{"rendered":"<p>\/*! elementor &#8211; v3.20.0 &#8211; 26-03-2024 *\/ .elementor-widget-image{text-align:center}.elementor-widget-image a{display:inline-block}.elementor-widget-image a img[src$=&#8221;.svg&#8221;]{width:48px}.elementor-widget-image img{vertical-align:middle;display:inline-block} \/*! elementor &#8211; v3.20.0 &#8211; 26-03-2024 *\/ .elementor-heading-title{padding:0;margin:0;line-height:1}.elementor-widget-heading .elementor-heading-title[class*=elementor-size-]&gt;a{color:inherit;font-size:inherit;line-height:inherit}.elementor-widget-heading .elementor-heading-title.elementor-size-small{font-size:15px}.elementor-widget-heading .elementor-heading-title.elementor-size-medium{font-size:19px}.elementor-widget-heading .elementor-heading-title.elementor-size-large{font-size:29px}.elementor-widget-heading .elementor-heading-title.elementor-size-xl{font-size:39px}.elementor-widget-heading .elementor-heading-title.elementor-size-xxl{font-size:59px} Universit\u00e0 della Valle d&#8217;AostaUniversit\u00e9 de la Vall\u00e9e d&#8217;Aoste BDAI 2025 will take place in the beautiful location of the new campus of the University of Valle d&#8217;Aosta, opened in [&hellip;]<\/p>\n","protected":false},"author":757,"featured_media":0,"parent":0,"menu_order":2,"comment_status":"closed","ping_status":"closed","template":"","meta":{"_seopress_robots_primary_cat":"","_seopress_titles_title":"","_seopress_titles_desc":"","_seopress_robots_index":"","footnotes":""},"class_list":["post-82","page","type-page","status-publish","hentry"],"acf":[],"_links":{"self":[{"href":"https:\/\/www.univda.it\/bdai2025\/wp-json\/wp\/v2\/pages\/82","targetHints":{"allow":["GET"]}}],"collection":[{"href":"https:\/\/www.univda.it\/bdai2025\/wp-json\/wp\/v2\/pages"}],"about":[{"href":"https:\/\/www.univda.it\/bdai2025\/wp-json\/wp\/v2\/types\/page"}],"author":[{"embeddable":true,"href":"https:\/\/www.univda.it\/bdai2025\/wp-json\/wp\/v2\/users\/757"}],"replies":[{"embeddable":true,"href":"https:\/\/www.univda.it\/bdai2025\/wp-json\/wp\/v2\/comments?post=82"}],"version-history":[{"count":20,"href":"https:\/\/www.univda.it\/bdai2025\/wp-json\/wp\/v2\/pages\/82\/revisions"}],"predecessor-version":[{"id":382,"href":"https:\/\/www.univda.it\/bdai2025\/wp-json\/wp\/v2\/pages\/82\/revisions\/382"}],"wp:attachment":[{"href":"https:\/\/www.univda.it\/bdai2025\/wp-json\/wp\/v2\/media?parent=82"}],"curies":[{"name":"wp","href":"https:\/\/api.w.org\/{rel}","templated":true}]}}