{"id":39783,"date":"2020-10-13T11:31:02","date_gmt":"2020-10-13T09:31:02","guid":{"rendered":"https:\/\/www.univda.it\/?page_id=39783"},"modified":"2020-10-22T14:08:24","modified_gmt":"2020-10-22T12:08:24","slug":"mobilita-studio-in-ingresso","status":"publish","type":"page","link":"https:\/\/www.univda.it\/en\/student-services\/international-mobility\/36161-2\/mobilita-studio-in-ingresso\/","title":{"rendered":"Incoming students"},"content":{"rendered":"<p><img loading=\"lazy\" decoding=\"async\" class=\"alignnone size-medium wp-image-22617\" src=\"https:\/\/www.univda.it\/wp-content\/uploads\/2019\/03\/910_foto_mobilit__ingresso-300x88.jpg\" alt=\"\" width=\"300\" height=\"88\" srcset=\"https:\/\/www.univda.it\/wp-content\/uploads\/2019\/03\/910_foto_mobilit__ingresso-300x88.jpg 300w, https:\/\/www.univda.it\/wp-content\/uploads\/2019\/03\/910_foto_mobilit__ingresso.jpg 350w\" sizes=\"auto, (max-width: 300px) 100vw, 300px\" \/><\/p>\n<p class=\"JustifyFull\">Dear students,<\/p>\n<p class=\"JustifyFull\">welcome at the Universit\u00e0 della Valle d&#8217;Aosta -Universit\u00e9 de la Vall\u00e9e d&#8217;Aoste!<\/p>\n<p class=\"JustifyFull\"><span class=\"Bold\">The Mobility<\/span> and Placement office will assist you during your stay in Valle d&#8217;Aosta.<\/p>\n","protected":false},"excerpt":{"rendered":"<p>Dear students, welcome at the Universit\u00e0 della Valle d&#8217;Aosta -Universit\u00e9 de la Vall\u00e9e d&#8217;Aoste! The Mobility and Placement office will assist you during your stay in Valle d&#8217;Aosta.<\/p>\n","protected":false},"author":11,"featured_media":0,"parent":36161,"menu_order":28,"comment_status":"open","ping_status":"closed","template":"page-sidebar-child.php","meta":{"_seopress_robots_primary_cat":"","_seopress_titles_title":"","_seopress_titles_desc":"","_seopress_robots_index":"","footnotes":""},"tags":[],"class_list":["post-39783","page","type-page","status-publish","hentry"],"acf":[],"publishpress_future_action":{"enabled":false,"date":"2026-04-23 05:07:08","action":"change-status","newStatus":"draft","terms":[],"taxonomy":"post_tag","extraData":[]},"publishpress_future_workflow_manual_trigger":{"enabledWorkflows":[]},"_links":{"self":[{"href":"https:\/\/www.univda.it\/en\/wp-json\/wp\/v2\/pages\/39783","targetHints":{"allow":["GET"]}}],"collection":[{"href":"https:\/\/www.univda.it\/en\/wp-json\/wp\/v2\/pages"}],"about":[{"href":"https:\/\/www.univda.it\/en\/wp-json\/wp\/v2\/types\/page"}],"author":[{"embeddable":true,"href":"https:\/\/www.univda.it\/en\/wp-json\/wp\/v2\/users\/11"}],"replies":[{"embeddable":true,"href":"https:\/\/www.univda.it\/en\/wp-json\/wp\/v2\/comments?post=39783"}],"version-history":[{"count":4,"href":"https:\/\/www.univda.it\/en\/wp-json\/wp\/v2\/pages\/39783\/revisions"}],"predecessor-version":[{"id":40120,"href":"https:\/\/www.univda.it\/en\/wp-json\/wp\/v2\/pages\/39783\/revisions\/40120"}],"up":[{"embeddable":true,"href":"https:\/\/www.univda.it\/en\/wp-json\/wp\/v2\/pages\/36161"}],"wp:attachment":[{"href":"https:\/\/www.univda.it\/en\/wp-json\/wp\/v2\/media?parent=39783"}],"wp:term":[{"taxonomy":"post_tag","embeddable":true,"href":"https:\/\/www.univda.it\/en\/wp-json\/wp\/v2\/tags?post=39783"}],"curies":[{"name":"wp","href":"https:\/\/api.w.org\/{rel}","templated":true}]}}