{"id":39787,"date":"2020-10-13T11:33:52","date_gmt":"2020-10-13T09:33:52","guid":{"rendered":"https:\/\/www.univda.it\/?page_id=39787"},"modified":"2020-10-22T15:26:07","modified_gmt":"2020-10-22T13:26:07","slug":"prima-dellarrivo-in-italia","status":"publish","type":"page","link":"https:\/\/www.univda.it\/en\/student-services\/international-mobility\/36161-2\/mobilita-studio-in-ingresso\/prima-dellarrivo-in-italia\/","title":{"rendered":"Before your arrival"},"content":{"rendered":"<p>If you want to spend an Erasmus study period at the Universit\u00e0 della Valle d&#8217;Aosta- Universit\u00e9 de la Vall\u00e9e d&#8217;Aoste follow these steps:<\/p>\n<p>1. you have to be officially nominated by your home university.<\/p>\n<p>The following data should be e-mailed by your home university to <span style=\"text-decoration: underline\">mobilita@univda.it<\/span> ;<\/p>\n<p>Home University (Erasmus code)<br \/>\nName<br \/>\nSurname<br \/>\nDate of birth<br \/>\nPlace of birth (Country and town\/city)<br \/>\nE-mail<br \/>\nPeriod of study (1st or 2nd semester, or full year)<br \/>\nArea of study (isced code)<br \/>\nLevel of study (BA, MA, PhD)<\/p>\n<p>2.Fill in the\u00a0Learning Agreement and e-mail it to the Mobility and Placement office: <span style=\"text-decoration: underline\">mobilita@univda.it<\/span> by 30 June (for 1st semester and full year) or by 30 November (for 2nd semester);<\/p>\n<p>3.You will receive a welcome mail with the instructions for application;<\/p>\n<p class=\"JustifyFull\">4. get ready for your Erasmus stay in Aosta!<\/p>\n","protected":false},"excerpt":{"rendered":"<p>If you want to spend an Erasmus study period at the Universit\u00e0 della Valle d&#8217;Aosta- Universit\u00e9 de la Vall\u00e9e d&#8217;Aoste follow these steps: 1. you have to be officially nominated by your home university. The following data should be e-mailed by your home university to mobilita@univda.it ; Home University (Erasmus code) Name Surname Date of [&hellip;]<\/p>\n","protected":false},"author":11,"featured_media":0,"parent":39783,"menu_order":0,"comment_status":"open","ping_status":"closed","template":"page-full-width.php","meta":{"_seopress_robots_primary_cat":"","_seopress_titles_title":"","_seopress_titles_desc":"","_seopress_robots_index":"","footnotes":""},"tags":[],"class_list":["post-39787","page","type-page","status-publish","hentry"],"acf":[],"publishpress_future_action":{"enabled":false,"date":"2026-04-23 12:09:02","action":"change-status","newStatus":"draft","terms":[],"taxonomy":"post_tag","extraData":[]},"publishpress_future_workflow_manual_trigger":{"enabledWorkflows":[]},"_links":{"self":[{"href":"https:\/\/www.univda.it\/en\/wp-json\/wp\/v2\/pages\/39787","targetHints":{"allow":["GET"]}}],"collection":[{"href":"https:\/\/www.univda.it\/en\/wp-json\/wp\/v2\/pages"}],"about":[{"href":"https:\/\/www.univda.it\/en\/wp-json\/wp\/v2\/types\/page"}],"author":[{"embeddable":true,"href":"https:\/\/www.univda.it\/en\/wp-json\/wp\/v2\/users\/11"}],"replies":[{"embeddable":true,"href":"https:\/\/www.univda.it\/en\/wp-json\/wp\/v2\/comments?post=39787"}],"version-history":[{"count":3,"href":"https:\/\/www.univda.it\/en\/wp-json\/wp\/v2\/pages\/39787\/revisions"}],"predecessor-version":[{"id":40122,"href":"https:\/\/www.univda.it\/en\/wp-json\/wp\/v2\/pages\/39787\/revisions\/40122"}],"up":[{"embeddable":true,"href":"https:\/\/www.univda.it\/en\/wp-json\/wp\/v2\/pages\/39783"}],"wp:attachment":[{"href":"https:\/\/www.univda.it\/en\/wp-json\/wp\/v2\/media?parent=39787"}],"wp:term":[{"taxonomy":"post_tag","embeddable":true,"href":"https:\/\/www.univda.it\/en\/wp-json\/wp\/v2\/tags?post=39787"}],"curies":[{"name":"wp","href":"https:\/\/api.w.org\/{rel}","templated":true}]}}