{"id":39831,"date":"2020-10-13T11:46:43","date_gmt":"2020-10-13T09:46:43","guid":{"rendered":"https:\/\/www.univda.it\/?page_id=39831"},"modified":"2020-11-09T11:09:01","modified_gmt":"2020-11-09T10:09:01","slug":"mobilita-presso-luniversite-internationale-de-rabat-uir","status":"publish","type":"page","link":"https:\/\/www.univda.it\/en\/student-services\/international-mobility\/mobilita-presso-luniversite-internationale-de-rabat-uir\/","title":{"rendered":"Exchange program with Universit\u00e9 Internationale de Rabat (UIR)"},"content":{"rendered":"<div id=\"container\">\n<div id=\"main\">\n<div class=\"content\">\n<div class=\"right\">\n<div id=\"contextBox\">\n<div class=\"padding_rd\">\n<div class=\"bodyBox clearBig width_100\">\n<p>international exchange partnership with UIR gives the opportunity for two students of the Universit\u00e0 della Valle d&#8217;Aosta- Universit\u00e9 de la Vall\u00e9e d&#8217;Aoste to spend a semester in Rabat.<\/p>\n<p>&nbsp;<\/p>\n<p>&nbsp;<\/p>\n<\/div>\n<\/div>\n<\/div>\n<\/div>\n<\/div>\n<\/div>\n<\/div>\n","protected":false},"excerpt":{"rendered":"<p>international exchange partnership with UIR gives the opportunity for two students of the Universit\u00e0 della Valle d&#8217;Aosta- Universit\u00e9 de la Vall\u00e9e d&#8217;Aoste to spend a semester in Rabat. &nbsp; &nbsp;<\/p>\n","protected":false},"author":11,"featured_media":0,"parent":5186,"menu_order":35,"comment_status":"open","ping_status":"closed","template":"page-full-width.php","meta":{"_seopress_robots_primary_cat":"","_seopress_titles_title":"","_seopress_titles_desc":"","_seopress_robots_index":"","footnotes":""},"tags":[],"class_list":["post-39831","page","type-page","status-publish","hentry"],"acf":[],"publishpress_future_action":{"enabled":false,"date":"2026-04-22 23:27:59","action":"change-status","newStatus":"draft","terms":[],"taxonomy":"post_tag","extraData":[]},"publishpress_future_workflow_manual_trigger":{"enabledWorkflows":[]},"_links":{"self":[{"href":"https:\/\/www.univda.it\/en\/wp-json\/wp\/v2\/pages\/39831","targetHints":{"allow":["GET"]}}],"collection":[{"href":"https:\/\/www.univda.it\/en\/wp-json\/wp\/v2\/pages"}],"about":[{"href":"https:\/\/www.univda.it\/en\/wp-json\/wp\/v2\/types\/page"}],"author":[{"embeddable":true,"href":"https:\/\/www.univda.it\/en\/wp-json\/wp\/v2\/users\/11"}],"replies":[{"embeddable":true,"href":"https:\/\/www.univda.it\/en\/wp-json\/wp\/v2\/comments?post=39831"}],"version-history":[{"count":4,"href":"https:\/\/www.univda.it\/en\/wp-json\/wp\/v2\/pages\/39831\/revisions"}],"predecessor-version":[{"id":40455,"href":"https:\/\/www.univda.it\/en\/wp-json\/wp\/v2\/pages\/39831\/revisions\/40455"}],"up":[{"embeddable":true,"href":"https:\/\/www.univda.it\/en\/wp-json\/wp\/v2\/pages\/5186"}],"wp:attachment":[{"href":"https:\/\/www.univda.it\/en\/wp-json\/wp\/v2\/media?parent=39831"}],"wp:term":[{"taxonomy":"post_tag","embeddable":true,"href":"https:\/\/www.univda.it\/en\/wp-json\/wp\/v2\/tags?post=39831"}],"curies":[{"name":"wp","href":"https:\/\/api.w.org\/{rel}","templated":true}]}}