{"id":39841,"date":"2020-10-13T11:49:23","date_gmt":"2020-10-13T09:49:23","guid":{"rendered":"https:\/\/www.univda.it\/?page_id=39841"},"modified":"2020-11-09T11:11:42","modified_gmt":"2020-11-09T10:11:42","slug":"mobilita-presso-luniversity-of-louisville-uofl-solo-lm37","status":"publish","type":"page","link":"https:\/\/www.univda.it\/en\/student-services\/international-mobility\/other-forms-of-international-mobility\/mobilita-presso-luniversity-of-louisville-uofl-solo-lm37\/","title":{"rendered":"Exchange program with University of Louisville (UofL)"},"content":{"rendered":"<p>If you are a student enrolled in LM37 in Universt\u00e0 della Valle d&#8217;Aosta- Universit\u00e9 de la Vall\u00e9e d&#8217;Aoste, you have the chance to spend a full semester in the USA, just respond to the call!<\/p>\n<hr \/>\n<p>&nbsp;<\/p>\n<p>&nbsp;<\/p>\n<p>&nbsp;<\/p>\n","protected":false},"excerpt":{"rendered":"<p>If you are a student enrolled in LM37 in Universt\u00e0 della Valle d&#8217;Aosta- Universit\u00e9 de la Vall\u00e9e d&#8217;Aoste, you have the chance to spend a full semester in the USA, just respond to the call! &nbsp; &nbsp; &nbsp;<\/p>\n","protected":false},"author":11,"featured_media":0,"parent":5188,"menu_order":0,"comment_status":"closed","ping_status":"closed","template":"page-full-width.php","meta":{"_seopress_robots_primary_cat":"","_seopress_titles_title":"","_seopress_titles_desc":"","_seopress_robots_index":"","footnotes":""},"tags":[],"class_list":["post-39841","page","type-page","status-publish","hentry"],"acf":[],"publishpress_future_action":{"enabled":false,"date":"2026-04-28 19:45:29","action":"change-status","newStatus":"draft","terms":[],"taxonomy":"post_tag","extraData":[]},"publishpress_future_workflow_manual_trigger":{"enabledWorkflows":[]},"_links":{"self":[{"href":"https:\/\/www.univda.it\/en\/wp-json\/wp\/v2\/pages\/39841","targetHints":{"allow":["GET"]}}],"collection":[{"href":"https:\/\/www.univda.it\/en\/wp-json\/wp\/v2\/pages"}],"about":[{"href":"https:\/\/www.univda.it\/en\/wp-json\/wp\/v2\/types\/page"}],"author":[{"embeddable":true,"href":"https:\/\/www.univda.it\/en\/wp-json\/wp\/v2\/users\/11"}],"replies":[{"embeddable":true,"href":"https:\/\/www.univda.it\/en\/wp-json\/wp\/v2\/comments?post=39841"}],"version-history":[{"count":5,"href":"https:\/\/www.univda.it\/en\/wp-json\/wp\/v2\/pages\/39841\/revisions"}],"predecessor-version":[{"id":40456,"href":"https:\/\/www.univda.it\/en\/wp-json\/wp\/v2\/pages\/39841\/revisions\/40456"}],"up":[{"embeddable":true,"href":"https:\/\/www.univda.it\/en\/wp-json\/wp\/v2\/pages\/5188"}],"wp:attachment":[{"href":"https:\/\/www.univda.it\/en\/wp-json\/wp\/v2\/media?parent=39841"}],"wp:term":[{"taxonomy":"post_tag","embeddable":true,"href":"https:\/\/www.univda.it\/en\/wp-json\/wp\/v2\/tags?post=39841"}],"curies":[{"name":"wp","href":"https:\/\/api.w.org\/{rel}","templated":true}]}}