{"id":40479,"date":"2020-11-09T18:11:15","date_gmt":"2020-11-09T17:11:15","guid":{"rendered":"https:\/\/www.univda.it\/?page_id=40479"},"modified":"2020-12-22T15:07:00","modified_gmt":"2020-12-22T14:07:00","slug":"doppio-diploma-scienze-politiche-con-luniversidad-de-zaragoza","status":"publish","type":"page","link":"https:\/\/www.univda.it\/en\/student-services\/international-mobility\/mobilita-internazionali-per-doppi-diplomi\/doppio-diploma-scienze-politiche-con-luniversidad-de-zaragoza\/","title":{"rendered":"Double Degree in Political Science with Universidad de Zaragoza"},"content":{"rendered":"<p>The Department of Political Science offers the possibility to obtain the following double degree in cooperation with <a href=\"https:\/\/www.unizar.es\/\">Universidad de Zaragoza:<\/a><\/p>\n<ul>\n<li>diploma di laurea in Gesti\u00f3n y Administraci\u00f3n P\u00fablica dell\u2019UNIZAR;<\/li>\n<li>diploma di laurea in Scienze politiche e delle relazioni internazionali dell\u2019UNIVDA.<\/li>\n<\/ul>\n<p>Every year <strong>4 students<\/strong> can take part in the program.<\/p>\n<p>Details\u00a0regarding the application procedure, the selection process, deadlines, and further information, will be included\u00a0in the call for applications.<\/p>\n","protected":false},"excerpt":{"rendered":"<p>The Department of Political Science offers the possibility to obtain the following double degree in cooperation with Universidad de Zaragoza: diploma di laurea in Gesti\u00f3n y Administraci\u00f3n P\u00fablica dell\u2019UNIZAR; diploma di laurea in Scienze politiche e delle relazioni internazionali dell\u2019UNIVDA. Every year 4 students can take part in the program. Details\u00a0regarding the application procedure, the [&hellip;]<\/p>\n","protected":false},"author":11,"featured_media":0,"parent":40477,"menu_order":31,"comment_status":"open","ping_status":"closed","template":"page-full-width.php","meta":{"_seopress_robots_primary_cat":"","_seopress_titles_title":"","_seopress_titles_desc":"","_seopress_robots_index":"","footnotes":""},"tags":[],"class_list":["post-40479","page","type-page","status-publish","hentry"],"acf":[],"publishpress_future_action":{"enabled":false,"date":"2026-04-15 15:28:46","action":"change-status","newStatus":"draft","terms":[],"taxonomy":"post_tag","extraData":[]},"publishpress_future_workflow_manual_trigger":{"enabledWorkflows":[]},"_links":{"self":[{"href":"https:\/\/www.univda.it\/en\/wp-json\/wp\/v2\/pages\/40479","targetHints":{"allow":["GET"]}}],"collection":[{"href":"https:\/\/www.univda.it\/en\/wp-json\/wp\/v2\/pages"}],"about":[{"href":"https:\/\/www.univda.it\/en\/wp-json\/wp\/v2\/types\/page"}],"author":[{"embeddable":true,"href":"https:\/\/www.univda.it\/en\/wp-json\/wp\/v2\/users\/11"}],"replies":[{"embeddable":true,"href":"https:\/\/www.univda.it\/en\/wp-json\/wp\/v2\/comments?post=40479"}],"version-history":[{"count":3,"href":"https:\/\/www.univda.it\/en\/wp-json\/wp\/v2\/pages\/40479\/revisions"}],"predecessor-version":[{"id":41460,"href":"https:\/\/www.univda.it\/en\/wp-json\/wp\/v2\/pages\/40479\/revisions\/41460"}],"up":[{"embeddable":true,"href":"https:\/\/www.univda.it\/en\/wp-json\/wp\/v2\/pages\/40477"}],"wp:attachment":[{"href":"https:\/\/www.univda.it\/en\/wp-json\/wp\/v2\/media?parent=40479"}],"wp:term":[{"taxonomy":"post_tag","embeddable":true,"href":"https:\/\/www.univda.it\/en\/wp-json\/wp\/v2\/tags?post=40479"}],"curies":[{"name":"wp","href":"https:\/\/api.w.org\/{rel}","templated":true}]}}