{"id":40483,"date":"2020-11-09T18:13:35","date_gmt":"2020-11-09T17:13:35","guid":{"rendered":"https:\/\/www.univda.it\/?page_id=40483"},"modified":"2020-12-22T15:21:31","modified_gmt":"2020-12-22T14:21:31","slug":"doppio-diploma-scienze-politiche-con-luniversite-savoie-mont-blanc","status":"publish","type":"page","link":"https:\/\/www.univda.it\/en\/student-services\/international-mobility\/mobilita-internazionali-per-doppi-diplomi\/doppio-diploma-scienze-politiche-con-luniversite-savoie-mont-blanc\/","title":{"rendered":"Double degree in political science with Universit\u00e9 Savoie Mont Blanc"},"content":{"rendered":"<p>The Department of Political Science offers the possibility to obtain the following double degree in cooperation with <a href=\"http:\/\/www.univ-smb.fr\/\"><span class=\"Bold\">Universit\u00e9 Savoie Mont Blanc:<\/span><\/a><\/p>\n<ul>\n<li><span class=\"Bold\">Diploma di laurea in Scienze politiche e delle relazioni internazionali<\/span>, rilasciato dall&#8217;Universit\u00e0 della Valle d&#8217;Aosta &#8211; Universit\u00e9 de la Vall\u00e9e d&#8217;Aoste;<\/li>\n<li><span class=\"Bold\">Licence\u00a0en Droit<\/span>, rilasciata dall&#8217;Universit\u00e9 Savoie Mont Blanc.<\/li>\n<\/ul>\n<p>Every year 15<strong>\u00a0students<\/strong>\u00a0can take part in the program.<\/p>\n<p>Details\u00a0regarding the application procedure, the selection process, deadlines, and further information, will be included\u00a0in the call for applications.<\/p>\n","protected":false},"excerpt":{"rendered":"<p>The Department of Political Science offers the possibility to obtain the following double degree in cooperation with Universit\u00e9 Savoie Mont Blanc: Diploma di laurea in Scienze politiche e delle relazioni internazionali, rilasciato dall&#8217;Universit\u00e0 della Valle d&#8217;Aosta &#8211; Universit\u00e9 de la Vall\u00e9e d&#8217;Aoste; Licence\u00a0en Droit, rilasciata dall&#8217;Universit\u00e9 Savoie Mont Blanc. Every year 15\u00a0students\u00a0can take part in [&hellip;]<\/p>\n","protected":false},"author":11,"featured_media":0,"parent":40477,"menu_order":45,"comment_status":"open","ping_status":"closed","template":"page-full-width.php","meta":{"_seopress_robots_primary_cat":"","_seopress_titles_title":"","_seopress_titles_desc":"","_seopress_robots_index":"","footnotes":""},"tags":[],"class_list":["post-40483","page","type-page","status-publish","hentry"],"acf":[],"publishpress_future_action":{"enabled":false,"date":"2026-04-27 20:12:00","action":"change-status","newStatus":"draft","terms":[],"taxonomy":"post_tag","extraData":[]},"publishpress_future_workflow_manual_trigger":{"enabledWorkflows":[]},"_links":{"self":[{"href":"https:\/\/www.univda.it\/en\/wp-json\/wp\/v2\/pages\/40483","targetHints":{"allow":["GET"]}}],"collection":[{"href":"https:\/\/www.univda.it\/en\/wp-json\/wp\/v2\/pages"}],"about":[{"href":"https:\/\/www.univda.it\/en\/wp-json\/wp\/v2\/types\/page"}],"author":[{"embeddable":true,"href":"https:\/\/www.univda.it\/en\/wp-json\/wp\/v2\/users\/11"}],"replies":[{"embeddable":true,"href":"https:\/\/www.univda.it\/en\/wp-json\/wp\/v2\/comments?post=40483"}],"version-history":[{"count":3,"href":"https:\/\/www.univda.it\/en\/wp-json\/wp\/v2\/pages\/40483\/revisions"}],"predecessor-version":[{"id":41465,"href":"https:\/\/www.univda.it\/en\/wp-json\/wp\/v2\/pages\/40483\/revisions\/41465"}],"up":[{"embeddable":true,"href":"https:\/\/www.univda.it\/en\/wp-json\/wp\/v2\/pages\/40477"}],"wp:attachment":[{"href":"https:\/\/www.univda.it\/en\/wp-json\/wp\/v2\/media?parent=40483"}],"wp:term":[{"taxonomy":"post_tag","embeddable":true,"href":"https:\/\/www.univda.it\/en\/wp-json\/wp\/v2\/tags?post=40483"}],"curies":[{"name":"wp","href":"https:\/\/api.w.org\/{rel}","templated":true}]}}