{"id":40509,"date":"2020-11-09T18:22:23","date_gmt":"2020-11-09T17:22:23","guid":{"rendered":"https:\/\/www.univda.it\/?page_id=40509"},"modified":"2020-12-22T15:35:50","modified_gmt":"2020-12-22T14:35:50","slug":"doppio-diploma-lm56-con-luniversite-savoie-mont-blanc","status":"publish","type":"page","link":"https:\/\/www.univda.it\/en\/student-services\/international-mobility\/mobilita-internazionali-per-doppi-diplomi\/doppio-diploma-lm56-con-luniversite-savoie-mont-blanc\/","title":{"rendered":"Double degree LM56 with Universit\u00e9 Savoie Mont Blanc"},"content":{"rendered":"<div class=\"bodyBox clearBig width_100\">\n<div class=\"col-lg-6 col-md-7 col-sm-8 col-xs-12\">\n<div class=\"region region-content\">\n<section id=\"block-system-main\" class=\"block block-system clearfix\">\n<div>\n<article class=\"node node-pagina node-promoted clearfix\">\n<div class=\"post_content post_content_cell clearfix\">\n<div class=\"field field-name-body field-type-text-with-summary field-label-hidden\">\n<div class=\"field-items\">\n<div class=\"field-item even\">\n<div class=\"entry-content\">\n<p>The Department of Economics and Political Science offers the possibility to obtain the following\u00a0 master double degree in cooperation with <a href=\"http:\/\/www.univ-smb.fr\/\"><span class=\"Bold\">Universit\u00e9 Savoie Mont Blanc:<\/span><\/a><\/p>\n<ul>\n<li><span class=\"Bold\">Master en Langues \u00e9trang\u00e8res appliqu\u00e9s \u00e0 l&#8217;internationalisation des organizations<\/span>\u00a0 (parcours D\u00e9veloppement et internationalisation des entreprises et des territories)<\/li>\n<li>Laurea Magistrale in Economia e Politiche del Territorio e dell&#8217;Impresa<\/li>\n<\/ul>\n<p>Every year <strong>5\u00a0students<\/strong>\u00a0can take part in the program.<\/p>\n<p>Details regarding the application procedure, the selection process, deadlines, and further information, will be included in the call for applications.<\/p>\n<\/div>\n<\/div>\n<\/div>\n<\/div>\n<\/div>\n<\/article>\n<\/div>\n<\/section>\n<\/div>\n<\/div>\n<\/div>\n","protected":false},"excerpt":{"rendered":"<p>The Department of Economics and Political Science offers the possibility to obtain the following\u00a0 master double degree in cooperation with Universit\u00e9 Savoie Mont Blanc: Master en Langues \u00e9trang\u00e8res appliqu\u00e9s \u00e0 l&#8217;internationalisation des organizations\u00a0 (parcours D\u00e9veloppement et internationalisation des entreprises et des territories) Laurea Magistrale in Economia e Politiche del Territorio e dell&#8217;Impresa Every year 5\u00a0students\u00a0can [&hellip;]<\/p>\n","protected":false},"author":11,"featured_media":0,"parent":40477,"menu_order":51,"comment_status":"open","ping_status":"closed","template":"page-full-width.php","meta":{"_seopress_robots_primary_cat":"","_seopress_titles_title":"","_seopress_titles_desc":"","_seopress_robots_index":"","footnotes":""},"tags":[],"class_list":["post-40509","page","type-page","status-publish","hentry"],"acf":[],"publishpress_future_action":{"enabled":false,"date":"2026-04-19 09:33:30","action":"change-status","newStatus":"draft","terms":[],"taxonomy":"post_tag","extraData":[]},"publishpress_future_workflow_manual_trigger":{"enabledWorkflows":[]},"_links":{"self":[{"href":"https:\/\/www.univda.it\/en\/wp-json\/wp\/v2\/pages\/40509","targetHints":{"allow":["GET"]}}],"collection":[{"href":"https:\/\/www.univda.it\/en\/wp-json\/wp\/v2\/pages"}],"about":[{"href":"https:\/\/www.univda.it\/en\/wp-json\/wp\/v2\/types\/page"}],"author":[{"embeddable":true,"href":"https:\/\/www.univda.it\/en\/wp-json\/wp\/v2\/users\/11"}],"replies":[{"embeddable":true,"href":"https:\/\/www.univda.it\/en\/wp-json\/wp\/v2\/comments?post=40509"}],"version-history":[{"count":4,"href":"https:\/\/www.univda.it\/en\/wp-json\/wp\/v2\/pages\/40509\/revisions"}],"predecessor-version":[{"id":41472,"href":"https:\/\/www.univda.it\/en\/wp-json\/wp\/v2\/pages\/40509\/revisions\/41472"}],"up":[{"embeddable":true,"href":"https:\/\/www.univda.it\/en\/wp-json\/wp\/v2\/pages\/40477"}],"wp:attachment":[{"href":"https:\/\/www.univda.it\/en\/wp-json\/wp\/v2\/media?parent=40509"}],"wp:term":[{"taxonomy":"post_tag","embeddable":true,"href":"https:\/\/www.univda.it\/en\/wp-json\/wp\/v2\/tags?post=40509"}],"curies":[{"name":"wp","href":"https:\/\/api.w.org\/{rel}","templated":true}]}}