{"id":46598,"date":"2021-06-25T15:11:18","date_gmt":"2021-06-25T13:11:18","guid":{"rendered":"https:\/\/www.univda.it\/?page_id=46598"},"modified":"2026-03-04T09:05:44","modified_gmt":"2026-03-04T08:05:44","slug":"idem-identity-management-for-authentication-and-authorization","status":"publish","type":"page","link":"https:\/\/www.univda.it\/en\/idem-identity-management-for-authentication-and-authorization\/","title":{"rendered":"IDEM &#8211; (IDEntity Management for authentication and authorization) and eduGAIN"},"content":{"rendered":"<h1><strong>About IDEM<\/strong><\/h1>\n<p>The Universit\u00e0 della Valle d&#8217;Aosta-Universit\u00e9 de la Vall\u00e9e d&#8217;Aoste has joined the <strong>IDEM<\/strong> Federation (<strong>IDE<\/strong>ntity <strong>M<\/strong>anagement for federated access), aimed at setting up the Authentication and Authorizazion infrastructure of the GARR network, as well as the interfederation <strong>eduGAIN.<\/strong><\/p>\n<p>&nbsp;<\/p>\n<p><a href=\"https:\/\/www.idem.garr.it\/\" target=\"_blank\" rel=\"noopener\"><img loading=\"lazy\" decoding=\"async\" class=\"alignleft wp-image-46085\" src=\"https:\/\/www.univda.it\/wp-content\/uploads\/2021\/06\/IDEM_logo.jpg\" alt=\"\" width=\"120\" height=\"82\" srcset=\"https:\/\/www.univda.it\/wp-content\/uploads\/2021\/06\/IDEM_logo.jpg 332w, https:\/\/www.univda.it\/wp-content\/uploads\/2021\/06\/IDEM_logo-300x205.jpg 300w\" sizes=\"auto, (max-width: 120px) 100vw, 120px\" \/><\/a><strong>IDEM<\/strong> is the Italian national federation for universities and research institutions for authentication and authorisation, which grants access to a number of federated services using the institutional digital identity. For example, users can access electronic journals, data bases and any other resource made available by the Federation by logging in with the credentials they use for the other services offered by the University (email, Wi-Fi, etc.).<\/p>\n<p>&nbsp;<\/p>\n<p>Click below to view the list of resources related to the IDEM GARR AAI Federation which can be accessed via the credentials provided by the University: <a href=\"https:\/\/www.idem.garr.it\/partecipare\/risorse-idem\">IDEM Federation Resources<\/a><\/p>\n<p style=\"text-align: justify;\">Members of the IDEM Federation agree to accept and comply with of the <a href=\"https:\/\/www.garr.it\/it\/regole-di-utilizzo-della-rete-aup\">Acceptable Use Policies (AUP)<\/a> for accessing and using the GARR network.<\/p>\n<p>&nbsp;<\/p>\n<p><img loading=\"lazy\" decoding=\"async\" class=\"wp-image-92493 alignleft\" src=\"https:\/\/www.univda.it\/wp-content\/uploads\/2026\/02\/LogoEdugain.jpg\" alt=\"\" width=\"153\" height=\"84\" \/><\/p>\n<p data-start=\"0\" data-end=\"122\"><strong>eduGAIN<\/strong> is the inter-federation service that connects identity federations worldwide and enables collaboration among them.<\/p>\n<p data-start=\"124\" data-end=\"297\">Access to eduGAIN is granted exclusively through an identity federation; therefore, participation requires membership in an existing federation. IDEM is a member of eduGAIN.<\/p>\n<p data-start=\"299\" data-end=\"557\" data-is-last-node=\"\" data-is-only-node=\"\">In addition to the standard eduGAIN authentication (invoked by each individual inter-federation service), the University of Valle d\u2019Aosta provides, for certain services, an integrated eduGAIN authentication managed through a dedicated <a href=\"https:\/\/www.univda.it\/servizi\/servizi-online-di-rete-locale-e-wifi-2\/the-univda-service-gateway\/\" target=\"_blank\" rel=\"noopener\">UNIVDA Service Gateway<\/a>.<\/p>\n<h1><\/h1>\n<h1 data-start=\"0\" data-end=\"37\"><strong data-start=\"0\" data-end=\"37\">Who the Services Are Intended For<\/strong><\/h1>\n<p data-start=\"39\" data-end=\"76\">The IDEM service is intended for:<\/p>\n<ul>\n<li data-start=\"79\" data-end=\"95\">Academic staff<\/li>\n<li data-start=\"98\" data-end=\"134\">Technical and administrative staff<\/li>\n<li data-start=\"137\" data-end=\"166\">Students (currently enrolled)<\/li>\n<\/ul>\n<p data-start=\"168\" data-end=\"215\">The UNIVDA Service Gateway is intended for:<\/p>\n<ul>\n<li data-start=\"218\" data-end=\"269\">Users from universities federated through eduGAIN<\/li>\n<\/ul>\n<h1><strong>Technical support<\/strong><\/h1>\n<p>If you encounter any problems logging in, please contact<a href=\"mailto:sistemi@univda.it\">sistemi@univda.it<\/a><\/p>\n<h1><strong>How user attributes are released to resource providers <\/strong><\/h1>\n<p data-start=\"0\" data-end=\"271\">To access a specific resource within the IDEM\/eduGAIN Federation, the University\u2019s Identity Provider (IdP) must supply the resource provider with certain information (attributes) about the user attempting to log in; only the attributes strictly necessary are transmitted.<\/p>\n<p data-start=\"273\" data-end=\"453\">During the authentication process, the attributes requested by the resource are clearly displayed, and access to the requested service will be granted only upon the user\u2019s consent.<\/p>\n<p data-start=\"455\" data-end=\"668\">The set of user information to be transmitted may vary from one resource to another.<br data-start=\"539\" data-end=\"542\" \/>The University\u2019s Identity Provider (IdP) will send each resource only the information that the resource specifically requires.<\/p>\n<p data-start=\"670\" data-end=\"809\" data-is-last-node=\"\" data-is-only-node=\"\">The table below lists all the information that the University of Valle d\u2019Aosta\u2019s IdP may transmit to an IDEM\/eduGAIN resource upon request:<\/p>\n<p>&nbsp;<\/p>\n<table style=\"height: 514px;\" width=\"741\">\n<tbody>\n<tr>\n<td style=\"background-color: #808080;\"><strong>Attribute<\/strong><\/td>\n<td style=\"background-color: #808080;\">\u00a0 <strong>Meaning<\/strong><\/td>\n<\/tr>\n<tr>\n<td>sn<\/td>\n<td>Surname<\/td>\n<\/tr>\n<tr>\n<td>givenName<\/td>\n<td>First name<\/td>\n<\/tr>\n<tr>\n<td>employeeID<\/td>\n<td>Tax ID code<\/td>\n<\/tr>\n<tr>\n<td>uid<\/td>\n<td>user name<\/td>\n<\/tr>\n<tr>\n<td>mail<\/td>\n<td>Institutional email<\/td>\n<\/tr>\n<tr>\n<td>userPrincipalName<\/td>\n<td>user name@domain name<\/td>\n<\/tr>\n<tr>\n<td>eduPersonPrincipalName<\/td>\n<td>Identificativo univoco per l&#8217;utente<\/td>\n<\/tr>\n<tr>\n<td>eduPersonScopeAffiliation<\/td>\n<td>Type of affiliation with the organization<\/td>\n<\/tr>\n<tr>\n<td>eduPersonEntitlement<\/td>\n<td>One o more URI (URN or URL) to access to some resources<\/td>\n<\/tr>\n<tr>\n<td>schacPersonalUniqueID<\/td>\n<td>A unique and legally recognized identifier associated with an individual, used within federated identity frameworks.<\/td>\n<\/tr>\n<tr>\n<td>schacPersonalUniqueCode<\/td>\n<td>A unique and persistent personal identifier primarily used to transmit the European Student Identifier (ESI) within the Erasmus+ framework.<\/td>\n<\/tr>\n<tr>\n<td>schacHomeOrganization<\/td>\n<td>A standard attribute used within identity federations to uniquely identify a user\u2019s home organization.<\/td>\n<\/tr>\n<\/tbody>\n<\/table>\n<p>To view the Data Protection Notice of the Universit\u00e0 della Valle d&#8217;Aosta click here: <a href=\"https:\/\/www.univda.it\/protezione_dati_personali\/\" target=\"_blank\" rel=\"noopener\">Notice<\/a><\/p>\n","protected":false},"excerpt":{"rendered":"<p>About IDEM The Universit\u00e0 della Valle d&#8217;Aosta-Universit\u00e9 de la Vall\u00e9e d&#8217;Aoste has joined the IDEM Federation (IDEntity Management for federated access), aimed at setting up the Authentication and Authorizazion infrastructure of the GARR network, as well as the interfederation eduGAIN. &nbsp; IDEM is the Italian national federation for universities and research institutions for authentication and [&hellip;]<\/p>\n","protected":false},"author":523,"featured_media":0,"parent":0,"menu_order":28,"comment_status":"open","ping_status":"closed","template":"page-full-width.php","meta":{"_seopress_robots_primary_cat":"","_seopress_titles_title":"","_seopress_titles_desc":"","_seopress_robots_index":"","footnotes":""},"tags":[],"class_list":["post-46598","page","type-page","status-publish","hentry"],"acf":[],"publishpress_future_action":{"enabled":false,"date":"2026-05-04 10:53:53","action":"change-status","newStatus":"draft","terms":[],"taxonomy":"post_tag","extraData":[]},"publishpress_future_workflow_manual_trigger":{"enabledWorkflows":[]},"_links":{"self":[{"href":"https:\/\/www.univda.it\/en\/wp-json\/wp\/v2\/pages\/46598","targetHints":{"allow":["GET"]}}],"collection":[{"href":"https:\/\/www.univda.it\/en\/wp-json\/wp\/v2\/pages"}],"about":[{"href":"https:\/\/www.univda.it\/en\/wp-json\/wp\/v2\/types\/page"}],"author":[{"embeddable":true,"href":"https:\/\/www.univda.it\/en\/wp-json\/wp\/v2\/users\/523"}],"replies":[{"embeddable":true,"href":"https:\/\/www.univda.it\/en\/wp-json\/wp\/v2\/comments?post=46598"}],"version-history":[{"count":10,"href":"https:\/\/www.univda.it\/en\/wp-json\/wp\/v2\/pages\/46598\/revisions"}],"predecessor-version":[{"id":92839,"href":"https:\/\/www.univda.it\/en\/wp-json\/wp\/v2\/pages\/46598\/revisions\/92839"}],"wp:attachment":[{"href":"https:\/\/www.univda.it\/en\/wp-json\/wp\/v2\/media?parent=46598"}],"wp:term":[{"taxonomy":"post_tag","embeddable":true,"href":"https:\/\/www.univda.it\/en\/wp-json\/wp\/v2\/tags?post=46598"}],"curies":[{"name":"wp","href":"https:\/\/api.w.org\/{rel}","templated":true}]}}