{"id":5211,"date":"2018-11-30T14:32:12","date_gmt":"2018-11-30T13:32:12","guid":{"rendered":"https:\/\/www.univda.it\/?page_id=5211"},"modified":"2020-11-09T10:45:57","modified_gmt":"2020-11-09T09:45:57","slug":"international-internship-at-the-oif-2","status":"publish","type":"page","link":"https:\/\/www.univda.it\/en\/student-services\/international-mobility\/other-forms-of-international-mobility\/international-internship-at-the-oif-2\/","title":{"rendered":"International Internship at the &#8220;Organisation Internationale de la Francophonie&#8221;"},"content":{"rendered":"<p>As part of the agreement signed between the Universit\u00e0 della Valle d&#8217;Aosta &#8211; Universit\u00e9 de la Vall\u00e9e d&#8217;Aoste and the Organisation Internationale de la Francophonie, one student per year has the opportunity to carry out an internship at the OIF in Paris. The duration will be\u00a04 months.<\/p>\n<div><\/div>\n","protected":false},"excerpt":{"rendered":"<p>As part of the agreement signed between the Universit\u00e0 della Valle d&#8217;Aosta &#8211; Universit\u00e9 de la Vall\u00e9e d&#8217;Aoste and the Organisation Internationale de la Francophonie, one student per year has the opportunity to carry out an internship at the OIF in Paris. The duration will be\u00a04 months.<\/p>\n","protected":false},"author":1,"featured_media":0,"parent":5188,"menu_order":0,"comment_status":"open","ping_status":"closed","template":"page-full-width.php","meta":{"_seopress_robots_primary_cat":"","_seopress_titles_title":"","_seopress_titles_desc":"","_seopress_robots_index":"","footnotes":""},"tags":[],"class_list":["post-5211","page","type-page","status-publish","hentry"],"acf":[],"publishpress_future_action":{"enabled":false,"date":"2026-04-23 04:39:25","action":"change-status","newStatus":"draft","terms":[],"taxonomy":"post_tag","extraData":[]},"publishpress_future_workflow_manual_trigger":{"enabledWorkflows":[]},"_links":{"self":[{"href":"https:\/\/www.univda.it\/en\/wp-json\/wp\/v2\/pages\/5211","targetHints":{"allow":["GET"]}}],"collection":[{"href":"https:\/\/www.univda.it\/en\/wp-json\/wp\/v2\/pages"}],"about":[{"href":"https:\/\/www.univda.it\/en\/wp-json\/wp\/v2\/types\/page"}],"author":[{"embeddable":true,"href":"https:\/\/www.univda.it\/en\/wp-json\/wp\/v2\/users\/1"}],"replies":[{"embeddable":true,"href":"https:\/\/www.univda.it\/en\/wp-json\/wp\/v2\/comments?post=5211"}],"version-history":[{"count":3,"href":"https:\/\/www.univda.it\/en\/wp-json\/wp\/v2\/pages\/5211\/revisions"}],"predecessor-version":[{"id":40450,"href":"https:\/\/www.univda.it\/en\/wp-json\/wp\/v2\/pages\/5211\/revisions\/40450"}],"up":[{"embeddable":true,"href":"https:\/\/www.univda.it\/en\/wp-json\/wp\/v2\/pages\/5188"}],"wp:attachment":[{"href":"https:\/\/www.univda.it\/en\/wp-json\/wp\/v2\/media?parent=5211"}],"wp:term":[{"taxonomy":"post_tag","embeddable":true,"href":"https:\/\/www.univda.it\/en\/wp-json\/wp\/v2\/tags?post=5211"}],"curies":[{"name":"wp","href":"https:\/\/api.w.org\/{rel}","templated":true}]}}