{"id":5839,"date":"2018-12-13T10:33:38","date_gmt":"2018-12-13T09:33:38","guid":{"rendered":"https:\/\/www.univda.it\/?page_id=5839"},"modified":"2020-11-09T11:20:40","modified_gmt":"2020-11-09T10:20:40","slug":"student-mobility-grants-for-international-internships","status":"publish","type":"page","link":"https:\/\/www.univda.it\/en\/student-services\/international-mobility\/student-mobility-grants-for-international-internships\/","title":{"rendered":"Student Mobility Grants for International Internships"},"content":{"rendered":"<p>the Universit\u00e0 della Valle d&#8217;Aosta- Universit\u00e9 de la Vall\u00e9e d&#8217;Aoste\u00a0 awards mobility grants for students who want to carry out an international internship in an extra- EU country.<\/p>\n<p>&nbsp;<\/p>\n","protected":false},"excerpt":{"rendered":"<p>the Universit\u00e0 della Valle d&#8217;Aosta- Universit\u00e9 de la Vall\u00e9e d&#8217;Aoste\u00a0 awards mobility grants for students who want to carry out an international internship in an extra- EU country. &nbsp;<\/p>\n","protected":false},"author":1,"featured_media":0,"parent":5186,"menu_order":0,"comment_status":"open","ping_status":"closed","template":"page-full-width.php","meta":{"_seopress_robots_primary_cat":"","_seopress_titles_title":"","_seopress_titles_desc":"For the academic year 2013\/14, the Universit\u00e0 della Valle d'Aosta had some mobility grants available for its students to carry out international internships.","_seopress_robots_index":"","footnotes":""},"tags":[],"class_list":["post-5839","page","type-page","status-publish","hentry"],"acf":[],"publishpress_future_action":{"enabled":false,"date":"2026-04-12 16:55:42","action":"change-status","newStatus":"draft","terms":[],"taxonomy":"post_tag","extraData":[]},"publishpress_future_workflow_manual_trigger":{"enabledWorkflows":[]},"_links":{"self":[{"href":"https:\/\/www.univda.it\/en\/wp-json\/wp\/v2\/pages\/5839","targetHints":{"allow":["GET"]}}],"collection":[{"href":"https:\/\/www.univda.it\/en\/wp-json\/wp\/v2\/pages"}],"about":[{"href":"https:\/\/www.univda.it\/en\/wp-json\/wp\/v2\/types\/page"}],"author":[{"embeddable":true,"href":"https:\/\/www.univda.it\/en\/wp-json\/wp\/v2\/users\/1"}],"replies":[{"embeddable":true,"href":"https:\/\/www.univda.it\/en\/wp-json\/wp\/v2\/comments?post=5839"}],"version-history":[{"count":3,"href":"https:\/\/www.univda.it\/en\/wp-json\/wp\/v2\/pages\/5839\/revisions"}],"predecessor-version":[{"id":40458,"href":"https:\/\/www.univda.it\/en\/wp-json\/wp\/v2\/pages\/5839\/revisions\/40458"}],"up":[{"embeddable":true,"href":"https:\/\/www.univda.it\/en\/wp-json\/wp\/v2\/pages\/5186"}],"wp:attachment":[{"href":"https:\/\/www.univda.it\/en\/wp-json\/wp\/v2\/media?parent=5839"}],"wp:term":[{"taxonomy":"post_tag","embeddable":true,"href":"https:\/\/www.univda.it\/en\/wp-json\/wp\/v2\/tags?post=5839"}],"curies":[{"name":"wp","href":"https:\/\/api.w.org\/{rel}","templated":true}]}}