{"id":2971,"date":"2018-10-19T11:42:03","date_gmt":"2018-10-19T09:42:03","guid":{"rendered":"https:\/\/www.univda.it\/universite\/chaire-senghor-de-la-francophonie\/"},"modified":"2020-02-18T13:10:41","modified_gmt":"2020-02-18T12:10:41","slug":"chaire-senghor-de-la-francophonie","status":"publish","type":"page","link":"https:\/\/www.univda.it\/fr\/universite\/chaire-senghor-de-la-francophonie\/","title":{"rendered":"Chaire Senghor de la Francophonie"},"content":{"rendered":"","protected":false},"excerpt":{"rendered":"","protected":false},"author":1,"featured_media":0,"parent":2916,"menu_order":223,"comment_status":"closed","ping_status":"closed","template":"page-primo-livello.php","meta":{"_seopress_robots_primary_cat":"","_seopress_titles_title":"%%title%% %%sep%% Universit\u00e9 de la Vall\u00e9e d'Aoste","_seopress_titles_desc":"Le r\u00e9seau international des Chaires Senghor de la Francophonie a pour vocation de mailler les territoires francophones afin de former \u00e0 la Francophonie institutionnelle","_seopress_robots_index":"","footnotes":""},"tags":[],"class_list":["post-2971","page","type-page","status-publish","hentry"],"acf":[],"publishpress_future_action":{"enabled":false,"date":"2026-04-27 06:59:08","action":"change-status","newStatus":"draft","terms":[],"taxonomy":"post_tag","extraData":[]},"publishpress_future_workflow_manual_trigger":{"enabledWorkflows":[]},"_links":{"self":[{"href":"https:\/\/www.univda.it\/fr\/wp-json\/wp\/v2\/pages\/2971","targetHints":{"allow":["GET"]}}],"collection":[{"href":"https:\/\/www.univda.it\/fr\/wp-json\/wp\/v2\/pages"}],"about":[{"href":"https:\/\/www.univda.it\/fr\/wp-json\/wp\/v2\/types\/page"}],"author":[{"embeddable":true,"href":"https:\/\/www.univda.it\/fr\/wp-json\/wp\/v2\/users\/1"}],"replies":[{"embeddable":true,"href":"https:\/\/www.univda.it\/fr\/wp-json\/wp\/v2\/comments?post=2971"}],"version-history":[{"count":1,"href":"https:\/\/www.univda.it\/fr\/wp-json\/wp\/v2\/pages\/2971\/revisions"}],"predecessor-version":[{"id":2972,"href":"https:\/\/www.univda.it\/fr\/wp-json\/wp\/v2\/pages\/2971\/revisions\/2972"}],"up":[{"embeddable":true,"href":"https:\/\/www.univda.it\/fr\/wp-json\/wp\/v2\/pages\/2916"}],"wp:attachment":[{"href":"https:\/\/www.univda.it\/fr\/wp-json\/wp\/v2\/media?parent=2971"}],"wp:term":[{"taxonomy":"post_tag","embeddable":true,"href":"https:\/\/www.univda.it\/fr\/wp-json\/wp\/v2\/tags?post=2971"}],"curies":[{"name":"wp","href":"https:\/\/api.w.org\/{rel}","templated":true}]}}