{"id":2973,"date":"2018-10-22T13:52:50","date_gmt":"2018-10-22T11:52:50","guid":{"rendered":"https:\/\/www.univda.it\/universite\/chaire-senghor-de-la-francophonie\/reseau-international-des-chaires-senghor\/"},"modified":"2020-03-20T11:03:08","modified_gmt":"2020-03-20T10:03:08","slug":"reseau-international-des-chaires-senghor","status":"publish","type":"page","link":"https:\/\/www.univda.it\/fr\/universite\/chaire-senghor-de-la-francophonie\/reseau-international-des-chaires-senghor\/","title":{"rendered":"R\u00e9seau international des Chaires Senghor"},"content":{"rendered":"<p>Cr\u00e9\u00e9 en\u00a0<span class=\"Bold\">2003<\/span>\u00a0\u00e0 l&rsquo;initiative du Recteur\u00a0Michel Guillou, le r\u00e9seau international des Chaires Senghor de la Francophonie a pour vocation de mailler les territoires francophones afin de former \u00e0 la\u00a0<a href=\"http:\/\/www.francophonie.org\/\" target=\"_blank\" rel=\"noopener noreferrer\">Francophonie institutionnelle<\/a>, mais aussi d&rsquo;observer et de travailler de mani\u00e8re ind\u00e9pendante sur la Francophonie.<\/p>\n<p>&nbsp;<\/p>\n<p>Dans ses statuts le r\u00e9seau se donne\u00a0<span class=\"Bold\">quatre missions\u00a0<\/span>:<\/p>\n<p>1. Diffuser un enseignement de base sur l&rsquo;histoire, la g\u00e9opolitique, et les institutions et les coop\u00e9rations de la Francophonie.<\/p>\n<p>2. Produire de la recherche sur l&rsquo;objet \u00ab francophonie \u00bb.<\/p>\n<p>3. Animer un d\u00e9bat d&rsquo;id\u00e9es sur le monde francophone et son \u00e9volution.<\/p>\n<p>4. Favoriser la coop\u00e9ration entre partenaires francophones.<\/p>\n<p>&nbsp;<\/p>\n<p>Aujourd&rsquo;hui fort de\u00a0<span class=\"Bold\">18 chaires<\/span>\u00a0et de deux observateurs, le r\u00e9seau est pr\u00e9sent en Afrique, Am\u00e9rique, Asie et Europe et concours \u00e0 faire progresser notre connaissance de la Francophonie.<\/p>\n<p>&nbsp;<\/p>\n<p><a href=\"https:\/\/framacarte.org\/fr\/map\/reseau-international-des-chaires-senghor-de-la-fra_6144#6\/51.000\/2.000\" target=\"_blank\" rel=\"noopener noreferrer\">Le r\u00e9seau<\/a><\/p>\n","protected":false},"excerpt":{"rendered":"<p>Cr\u00e9\u00e9 en\u00a02003\u00a0\u00e0 l&rsquo;initiative du Recteur\u00a0Michel Guillou, le r\u00e9seau international des Chaires Senghor de la Francophonie a pour vocation de mailler les territoires francophones afin de former \u00e0 la\u00a0Francophonie institutionnelle, mais aussi d&rsquo;observer et de travailler de mani\u00e8re ind\u00e9pendante sur la Francophonie. &nbsp; Dans ses statuts le r\u00e9seau se donne\u00a0quatre missions\u00a0: 1. Diffuser un enseignement de [&hellip;]<\/p>\n","protected":false},"author":1,"featured_media":0,"parent":2971,"menu_order":0,"comment_status":"closed","ping_status":"closed","template":"page-sidebar-child.php","meta":{"_seopress_robots_primary_cat":"","_seopress_titles_title":"","_seopress_titles_desc":"Le r\u00e9seau international des Chaires Senghor de la Francophonie a pour vocation de mailler les territoires francophones.","_seopress_robots_index":"","footnotes":""},"tags":[],"class_list":["post-2973","page","type-page","status-publish","hentry"],"acf":[],"publishpress_future_action":{"enabled":false,"date":"2026-04-23 16:13:07","action":"change-status","newStatus":"draft","terms":[],"taxonomy":"post_tag","extraData":[]},"publishpress_future_workflow_manual_trigger":{"enabledWorkflows":[]},"_links":{"self":[{"href":"https:\/\/www.univda.it\/fr\/wp-json\/wp\/v2\/pages\/2973","targetHints":{"allow":["GET"]}}],"collection":[{"href":"https:\/\/www.univda.it\/fr\/wp-json\/wp\/v2\/pages"}],"about":[{"href":"https:\/\/www.univda.it\/fr\/wp-json\/wp\/v2\/types\/page"}],"author":[{"embeddable":true,"href":"https:\/\/www.univda.it\/fr\/wp-json\/wp\/v2\/users\/1"}],"replies":[{"embeddable":true,"href":"https:\/\/www.univda.it\/fr\/wp-json\/wp\/v2\/comments?post=2973"}],"version-history":[{"count":3,"href":"https:\/\/www.univda.it\/fr\/wp-json\/wp\/v2\/pages\/2973\/revisions"}],"predecessor-version":[{"id":33484,"href":"https:\/\/www.univda.it\/fr\/wp-json\/wp\/v2\/pages\/2973\/revisions\/33484"}],"up":[{"embeddable":true,"href":"https:\/\/www.univda.it\/fr\/wp-json\/wp\/v2\/pages\/2971"}],"wp:attachment":[{"href":"https:\/\/www.univda.it\/fr\/wp-json\/wp\/v2\/media?parent=2973"}],"wp:term":[{"taxonomy":"post_tag","embeddable":true,"href":"https:\/\/www.univda.it\/fr\/wp-json\/wp\/v2\/tags?post=2973"}],"curies":[{"name":"wp","href":"https:\/\/api.w.org\/{rel}","templated":true}]}}