{"id":2975,"date":"2018-10-22T13:56:34","date_gmt":"2018-10-22T11:56:34","guid":{"rendered":"https:\/\/www.univda.it\/universite\/chaire-senghor-de-la-francophonie\/historique\/"},"modified":"2020-03-20T11:12:48","modified_gmt":"2020-03-20T10:12:48","slug":"historique","status":"publish","type":"page","link":"https:\/\/www.univda.it\/fr\/universite\/chaire-senghor-de-la-francophonie\/historique\/","title":{"rendered":"Historique"},"content":{"rendered":"<div class=\"boxPic\"><img loading=\"lazy\" decoding=\"async\" class=\"alignnone size-medium wp-image-21885\" src=\"https:\/\/www.univda.it\/wp-content\/uploads\/2019\/02\/Tebbaa-Grange-300x169.jpg\" alt=\"\" width=\"300\" height=\"169\" srcset=\"https:\/\/www.univda.it\/wp-content\/uploads\/2019\/02\/Tebbaa-Grange-300x169.jpg 300w, https:\/\/www.univda.it\/wp-content\/uploads\/2019\/02\/Tebbaa-Grange-768x432.jpg 768w, https:\/\/www.univda.it\/wp-content\/uploads\/2019\/02\/Tebbaa-Grange-1024x576.jpg 1024w, https:\/\/www.univda.it\/wp-content\/uploads\/2019\/02\/Tebbaa-Grange-624x351.jpg 624w, https:\/\/www.univda.it\/wp-content\/uploads\/2019\/02\/Tebbaa-Grange.jpg 1200w\" sizes=\"auto, (max-width: 300px) 100vw, 300px\" \/><\/div>\n<div class=\"bodyBox\">\n<p>La Chaire Senghor a \u00e9t\u00e9 cr\u00e9\u00e9 aupr\u00e8s de l&rsquo;Universit\u00e9 de la Vall\u00e9e d&rsquo;Aoste <strong>en\u00a0<span class=\"Bold\">2008<\/span><\/strong>, au sein de la Facult\u00e9 de Sciences Politiques et des Relations Internationales (\u00e0 l&rsquo;heure actuelle D\u00e9partement des Sciences \u00e9conomiques et politiques).<\/p>\n<p>La titularit\u00e9 de la Chaire a \u00e9t\u00e9 confi\u00e9e d&rsquo;abord \u00e0 M. Michele Vellano, Professeur Ordinaire de Droit International et par la suite \u00e0 M. Roberto Calvo, Professeur Ordinaire de Droit Priv\u00e9.<\/p>\n<p>Depuis 2016, la\u00a0<span class=\"Bold\"><strong>Titulaire<\/strong> de la Chaire<\/span>\u00a0est\u00a0<span class=\"Bold\">Mme <strong>Teresa Grange<\/strong><\/span>, Professeure Ordinaire de P\u00e9dagogie Exp\u00e9rimentale.<\/p>\n<p>&nbsp;<\/p>\n<p>Les Chaires de la Francophonie ont pour but de contribuer \u00e0 <strong>faire de la Francophonie une activit\u00e9 universitaire<\/strong> de plein exercice en mati\u00e8re de\u00a0<span class=\"Bold\">formation<\/span>\u00a0et de\u00a0<span class=\"Bold\">recherche<\/span>. La cr\u00e9ation des Chaires Senghor de la francophonie part du constat que la Francophonie est m\u00e9connue des Francophones eux-m\u00eames. Les Chaires contribuent \u00e0 la prise de conscience des enjeux du pluralisme culturel et linguistique dans la mondialisation et du r\u00f4le politique de la Communaut\u00e9 francophone en mati\u00e8re de paix, de d\u00e9mocratie, de dialogue solidaire des cultures et de d\u00e9veloppement durable.<\/p>\n<p>&nbsp;<\/p>\n<p>En particulier, la\u00a0<span class=\"Bold\">Chaire Senghor de la Vall\u00e9e d&rsquo;Aoste<\/span>\u00a0se d\u00e9finit comme un\u00a0<span class=\"Bold\">espace de <strong>r\u00e9flexion<\/strong> universitaire sur la Francophonie<\/span>\u00a0dans sa <strong>dimension internationale<\/strong>. La Chaire Senghor de la Vall\u00e9e d&rsquo;Aoste n&rsquo;est pas exclusivement consacr\u00e9e \u00e0 la recherche au sens classique du terme. Comme toutes les autres Chaires, elle comporte bien entendu, un volet recherche, mais elle veut se pr\u00e9senter aussi comme un espace de d\u00e9bat, un lieu de formation sur les diff\u00e9rents aspects de la Francophonie et un milieu d&rsquo;accueil pour les \u00e9tudiants, les gestionnaires et les acteurs politiquement engag\u00e9s dans le d\u00e9veloppement de la Francophonie.<\/p>\n<\/div>\n","protected":false},"excerpt":{"rendered":"<p>La Chaire Senghor a \u00e9t\u00e9 cr\u00e9\u00e9 aupr\u00e8s de l&rsquo;Universit\u00e9 de la Vall\u00e9e d&rsquo;Aoste en\u00a02008, au sein de la Facult\u00e9 de Sciences Politiques et des Relations Internationales (\u00e0 l&rsquo;heure actuelle D\u00e9partement des Sciences \u00e9conomiques et politiques). La titularit\u00e9 de la Chaire a \u00e9t\u00e9 confi\u00e9e d&rsquo;abord \u00e0 M. Michele Vellano, Professeur Ordinaire de Droit International et par [&hellip;]<\/p>\n","protected":false},"author":1,"featured_media":0,"parent":2971,"menu_order":0,"comment_status":"closed","ping_status":"closed","template":"page-sidebar-child.php","meta":{"_seopress_robots_primary_cat":"","_seopress_titles_title":"","_seopress_titles_desc":"Les Chaires de la Francophonie ont pour but de contribuer \u00e0 faire de la Francophonie une activit\u00e9 universitaire de plein exercice","_seopress_robots_index":"","footnotes":""},"tags":[],"class_list":["post-2975","page","type-page","status-publish","hentry"],"acf":[],"publishpress_future_action":{"enabled":false,"date":"2026-04-24 01:20:42","action":"change-status","newStatus":"draft","terms":[],"taxonomy":"post_tag","extraData":[]},"publishpress_future_workflow_manual_trigger":{"enabledWorkflows":[]},"_links":{"self":[{"href":"https:\/\/www.univda.it\/fr\/wp-json\/wp\/v2\/pages\/2975","targetHints":{"allow":["GET"]}}],"collection":[{"href":"https:\/\/www.univda.it\/fr\/wp-json\/wp\/v2\/pages"}],"about":[{"href":"https:\/\/www.univda.it\/fr\/wp-json\/wp\/v2\/types\/page"}],"author":[{"embeddable":true,"href":"https:\/\/www.univda.it\/fr\/wp-json\/wp\/v2\/users\/1"}],"replies":[{"embeddable":true,"href":"https:\/\/www.univda.it\/fr\/wp-json\/wp\/v2\/comments?post=2975"}],"version-history":[{"count":3,"href":"https:\/\/www.univda.it\/fr\/wp-json\/wp\/v2\/pages\/2975\/revisions"}],"predecessor-version":[{"id":33488,"href":"https:\/\/www.univda.it\/fr\/wp-json\/wp\/v2\/pages\/2975\/revisions\/33488"}],"up":[{"embeddable":true,"href":"https:\/\/www.univda.it\/fr\/wp-json\/wp\/v2\/pages\/2971"}],"wp:attachment":[{"href":"https:\/\/www.univda.it\/fr\/wp-json\/wp\/v2\/media?parent=2975"}],"wp:term":[{"taxonomy":"post_tag","embeddable":true,"href":"https:\/\/www.univda.it\/fr\/wp-json\/wp\/v2\/tags?post=2975"}],"curies":[{"name":"wp","href":"https:\/\/api.w.org\/{rel}","templated":true}]}}