{"id":2977,"date":"2018-10-22T13:54:40","date_gmt":"2018-10-22T11:54:40","guid":{"rendered":"https:\/\/www.univda.it\/universite\/chaire-senghor-de-la-francophonie\/reseau-international-des-chaires-senghor\/leopold-sedar-senghor\/"},"modified":"2020-03-20T11:05:11","modified_gmt":"2020-03-20T10:05:11","slug":"leopold-sedar-senghor","status":"publish","type":"page","link":"https:\/\/www.univda.it\/fr\/universite\/chaire-senghor-de-la-francophonie\/reseau-international-des-chaires-senghor\/leopold-sedar-senghor\/","title":{"rendered":"L\u00e9opold S\u00e9dar Senghor"},"content":{"rendered":"<div id=\"contextBox\">\n<div class=\"padding_rd\">\n<div class=\"boxPic\">N\u00e9 \u00e0 Joal, au S\u00e9n\u00e9gal, le 9 octobre 1906, L\u00e9opold S\u00e9dar Senghor fait ses \u00e9tudes \u00e0 la mission catholique de Ngasobil, au coll\u00e8ge Libermann et au cours d&rsquo;enseignement secondaire de Dakar, puis, \u00e0 Paris, au lyc\u00e9e Louis-le-Grand et \u00e0 la Sorbonne. Il est re\u00e7u \u00e0 l&rsquo;agr\u00e9gation de grammaire en 1935.<\/div>\n<div class=\"bodyBox\">\n<p>&nbsp;<\/p>\n<p>Tout en enseignant les lettres et la grammaire au lyc\u00e9e Descartes \u00e0 Tours (1935-1938), il suit les cours de linguistique n\u00e9gro-africaine de Lilias Homburger \u00e0 l&rsquo;\u00c9cole pratique des hautes \u00e9tudes et ceux de Paul Rivet, de Marcel Mauss et de Marcel Cohen \u00e0 l&rsquo;Institut d&rsquo;ethnologie de Paris. Nomm\u00e9 professeur au lyc\u00e9e Marcellin Berthelot de Saint-Maur-des-Foss\u00e9s en 1938, il est mobilis\u00e9 en 1939 et fait prisonnier en juin 1940. R\u00e9form\u00e9 pour maladie en janvier 1942, il participe \u00e0 la R\u00e9sistance dans le Front national universitaire.<\/p>\n<p>&nbsp;<\/p>\n<p>De 1944 jusqu&rsquo;\u00e0 l&rsquo;ind\u00e9pendance du S\u00e9n\u00e9gal, il occupe la chaire de langues et civilisation n\u00e9gro-africaines \u00e0 l&rsquo;\u00c9cole nationale de la France d&rsquo;outre-mer.<\/p>\n<p>L&rsquo;ann\u00e9e 1945 marque le d\u00e9but de sa carri\u00e8re politique. \u00c9lu d\u00e9put\u00e9 du S\u00e9n\u00e9gal, il est, par la suite, constamment r\u00e9\u00e9lu (1946, 1951, 1956). Membre de l&rsquo;assembl\u00e9e consultative du Conseil de l&rsquo;Europe, il est, en outre, plusieurs fois d\u00e9l\u00e9gu\u00e9 de la France \u00e0 la conf\u00e9rence de l&rsquo;UNESCO et \u00e0 l&rsquo;assembl\u00e9e g\u00e9n\u00e9rale de l&rsquo;ONU. Secr\u00e9taire d&rsquo;\u00c9tat \u00e0 la pr\u00e9sidence du Conseil (cabinet Edgar Faure : 23 f\u00e9vrier 1955 &#8211; 24 janvier 1956), il devient maire de Thi\u00e8s au S\u00e9n\u00e9gal, en novembre 1956. Ministre-conseiller du gouvernement de la R\u00e9publique fran\u00e7aise en juillet 1959, il est \u00e9lu premier Pr\u00e9sident de la R\u00e9publique du S\u00e9n\u00e9gal, le 5 septembre 1960. Ses activit\u00e9s culturelles sont constantes : en 1966, se tient, \u00e0 Dakar, le 1er Festival mondial des arts n\u00e8gres. R\u00e9\u00e9lu Pr\u00e9sident de la R\u00e9publique en 1963, 1968, 1973, 1978, il se d\u00e9met de ses fonctions le 31 d\u00e9cembre 1980.<\/p>\n<p>&nbsp;<\/p>\n<p>L\u00e9opold S\u00e9dar Senghor est m\u00e9daille d&rsquo;or de la langue fran\u00e7aise ; grand prix international de po\u00e9sie de la Soci\u00e9t\u00e9 des po\u00e8tes et artistes de France et de langue fran\u00e7aise (1963) ; m\u00e9daille d&rsquo;or du m\u00e9rite po\u00e9tique du prix international Dag Hammarskjoeld (1965) ; grand prix litt\u00e9raire international Rouge et Vert (1966) ; prix de la Paix des libraires allemands (1968) ; prix litt\u00e9raire de l&rsquo;Acad\u00e9mie internationale des arts et lettres de Rome (1969) ; grand prix international de po\u00e9sie de la Biennale de Knokke-le-Zoute (1970) ; prix Guillaume Apollinaire (1974) ; prince en po\u00e9sie 1977, d\u00e9cern\u00e9 par l&rsquo;association litt\u00e9raire fran\u00e7aise L&rsquo;Amiti\u00e9 par le livre ; prix Cino del Duca (1978) ; prix international du livre, attribu\u00e9 par le Comit\u00e9 international du livre (Communaut\u00e9 mondiale du livre, UNESCO, 1979) ; Prix pour ses activit\u00e9s culturelles en Afrique et ses \u0153uvres pour la paix, d\u00e9cern\u00e9 par le pr\u00e9sident Sadate (1980) ; m\u00e9daille d&rsquo;or de la CISAC (Conf\u00e9d\u00e9ration internationale des soci\u00e9t\u00e9s d&rsquo;auteurs et compositeurs) ; premier prix mondial Aasan ; prix Alfred de Vigny (1981) ; prix Ath\u00e9na\u00ef, \u00e0 Ath\u00e8nes (1985) ; prix international du Lion d&rsquo;or, \u00e0 Venise (1986) ; prix Louise Michel, \u00e0 Paris (1986) ; prix du Mont-Saint-Michel, aux Rencontres po\u00e9tiques de Bretagne (1986) ; prix Intercultura, \u00e0 Rome (1987).<\/p>\n<p>&nbsp;<\/p>\n<p>Il est docteur honoris causa de trente-sept universit\u00e9s, dont Paris-Sorbonne, Strasbourg, Louvain, Bordeaux, Harvard, If\u00e9, Oxford, Vienne, Montr\u00e9al, Francfort, Yale, Meiji, Nancy, Bahia et Evora.<\/p>\n<p>&nbsp;<\/p>\n<p>Il est membre correspondant de l&rsquo;Acad\u00e9mie bavaroise (1961) ; membre associ\u00e9 (\u00e9tranger) de l&rsquo;Acad\u00e9mie des sciences morales et politiques (1969) ; membre (\u00e9tranger) de l&rsquo;Acad\u00e9mie des sciences, belles-lettres et arts de Bordeaux ; membre (\u00e9tranger) de l&rsquo;Acad\u00e9mie des sciences d&rsquo;outre-mer (1971) ; membre (\u00e9tranger) de The Black Academy of Arts and Letters (1973) ; membre (\u00e9tranger) de l&rsquo;Acad\u00e9mie Mallarm\u00e9 (1976) ; membre (\u00e9tranger) de l&rsquo;Acad\u00e9mie du royaume du Maroc (1980).<\/p>\n<p>&nbsp;<\/p>\n<p>Il est \u00e9lu \u00e0 l&rsquo;Acad\u00e9mie fran\u00e7aise, le 2 juin 1983, au fauteuil du duc de L\u00e9vis-Mirepoix (16e fauteuil).<\/p>\n<p>&nbsp;<\/p>\n<p>Mort le 20 d\u00e9cembre 2001.<\/p>\n<p>&nbsp;<\/p>\n<p>(source\u00a0<a href=\"http:\/\/www.academie-francaise.fr\/les-immortels\/leopold-sedar-senghor\" target=\"_blank\" rel=\"noopener noreferrer\">http:\/\/www.academie-francaise.fr\/les-immortels\/leopold-sedar-senghor<\/a>)<\/p>\n<\/div>\n<\/div>\n<\/div>\n","protected":false},"excerpt":{"rendered":"<p>N\u00e9 \u00e0 Joal, au S\u00e9n\u00e9gal, le 9 octobre 1906, L\u00e9opold S\u00e9dar Senghor fait ses \u00e9tudes \u00e0 la mission catholique de Ngasobil, au coll\u00e8ge Libermann et au cours d&rsquo;enseignement secondaire de Dakar, puis, \u00e0 Paris, au lyc\u00e9e Louis-le-Grand et \u00e0 la Sorbonne. Il est re\u00e7u \u00e0 l&rsquo;agr\u00e9gation de grammaire en 1935. &nbsp; Tout en enseignant les [&hellip;]<\/p>\n","protected":false},"author":1,"featured_media":0,"parent":2973,"menu_order":0,"comment_status":"closed","ping_status":"closed","template":"page-full-width.php","meta":{"_seopress_robots_primary_cat":"","_seopress_titles_title":"","_seopress_titles_desc":"L\u00e9opold S\u00e9dar Senghor est m\u00e9daille d'or de la langue fran\u00e7aise. Vie, histoire et prix de L\u00e9opold S\u00e9dar,","_seopress_robots_index":"","footnotes":""},"tags":[],"class_list":["post-2977","page","type-page","status-publish","hentry"],"acf":[],"publishpress_future_action":{"enabled":false,"date":"2026-04-23 16:13:06","action":"change-status","newStatus":"draft","terms":[],"taxonomy":"post_tag","extraData":[]},"publishpress_future_workflow_manual_trigger":{"enabledWorkflows":[]},"_links":{"self":[{"href":"https:\/\/www.univda.it\/fr\/wp-json\/wp\/v2\/pages\/2977","targetHints":{"allow":["GET"]}}],"collection":[{"href":"https:\/\/www.univda.it\/fr\/wp-json\/wp\/v2\/pages"}],"about":[{"href":"https:\/\/www.univda.it\/fr\/wp-json\/wp\/v2\/types\/page"}],"author":[{"embeddable":true,"href":"https:\/\/www.univda.it\/fr\/wp-json\/wp\/v2\/users\/1"}],"replies":[{"embeddable":true,"href":"https:\/\/www.univda.it\/fr\/wp-json\/wp\/v2\/comments?post=2977"}],"version-history":[{"count":4,"href":"https:\/\/www.univda.it\/fr\/wp-json\/wp\/v2\/pages\/2977\/revisions"}],"predecessor-version":[{"id":33486,"href":"https:\/\/www.univda.it\/fr\/wp-json\/wp\/v2\/pages\/2977\/revisions\/33486"}],"up":[{"embeddable":true,"href":"https:\/\/www.univda.it\/fr\/wp-json\/wp\/v2\/pages\/2973"}],"wp:attachment":[{"href":"https:\/\/www.univda.it\/fr\/wp-json\/wp\/v2\/media?parent=2977"}],"wp:term":[{"taxonomy":"post_tag","embeddable":true,"href":"https:\/\/www.univda.it\/fr\/wp-json\/wp\/v2\/tags?post=2977"}],"curies":[{"name":"wp","href":"https:\/\/api.w.org\/{rel}","templated":true}]}}