{"id":2981,"date":"2018-10-22T14:11:39","date_gmt":"2018-10-22T12:11:39","guid":{"rendered":"https:\/\/www.univda.it\/complements\/"},"modified":"2022-10-25T16:08:06","modified_gmt":"2022-10-25T14:08:06","slug":"complements","status":"publish","type":"page","link":"https:\/\/www.univda.it\/fr\/universite\/chaire-senghor-de-la-francophonie\/actions\/complements\/","title":{"rendered":"Compl\u00e9ments"},"content":{"rendered":"<div class=\"boxPic\">\n<div id=\"attachment_58459\" style=\"width: 310px\" class=\"wp-caption alignnone\"><img loading=\"lazy\" decoding=\"async\" aria-describedby=\"caption-attachment-58459\" class=\"size-medium wp-image-58459\" src=\"https:\/\/www.univda.it\/wp-content\/uploads\/2022\/10\/foto-gruppo-300x200.jpg\" alt=\"Foto di gruppo rencontre annuelle r\u00e9seau des Chiares Senghor de la francophonie\" width=\"300\" height=\"200\" srcset=\"https:\/\/www.univda.it\/wp-content\/uploads\/2022\/10\/foto-gruppo-300x200.jpg 300w, https:\/\/www.univda.it\/wp-content\/uploads\/2022\/10\/foto-gruppo-1024x681.jpg 1024w, https:\/\/www.univda.it\/wp-content\/uploads\/2022\/10\/foto-gruppo-768x511.jpg 768w, https:\/\/www.univda.it\/wp-content\/uploads\/2022\/10\/foto-gruppo-1536x1022.jpg 1536w, https:\/\/www.univda.it\/wp-content\/uploads\/2022\/10\/foto-gruppo-2048x1363.jpg 2048w, https:\/\/www.univda.it\/wp-content\/uploads\/2022\/10\/foto-gruppo-624x415.jpg 624w\" sizes=\"auto, (max-width: 300px) 100vw, 300px\" \/><p id=\"caption-attachment-58459\" class=\"wp-caption-text\">Rencontre annuelle du r\u00e9seau des Chaires Senghor de la francophonie. Octobre 2022, Ottawa, Canada.<\/p><\/div>\n<p>&nbsp;<\/p>\n<p>La titulaire de la Chaire Senghor de la Vall\u00e9e d&rsquo;Aoste, Mme Grange, a personnellement particip\u00e9 aux <span class=\"Bold\">activit\u00e9s du R\u00e9seau international<\/span>\u00a0des Chaires Senghor de la Francophonie:<\/p>\n<\/div>\n<div class=\"bodyBox\">\n<ul>\n<li>R\u00e9union annuelle \u00e0 Ottawa (11, 12 et 13 octobre 2022) ;<\/li>\n<li>R\u00e9union annuelle \u00e0 Chamb\u00e9ry (1er et 2 septembre 2016) ;<\/li>\n<li>R\u00e9union annuelle \u00e0 Bucarest (15 septembre 2017) ;<\/li>\n<li>R\u00e9union du Bureau par visioconf\u00e9rence (14 d\u00e9cembre 2017) ;<\/li>\n<li>Evaluation de la Chaire Senghor de Lyon (mars 2018) ;<\/li>\n<li>R\u00e9union du Bureau \u00e0 Paris (29 mai 2018).<\/li>\n<\/ul>\n<p><span class=\"Bold\">Responsabilit\u00e9s au sein du RICSF\u00a0<\/span>:<\/p>\n<ul>\n<li>Responsable de la section \u00ab\u00a0Education\u00a0\u00bb de l&rsquo;ouvrage \u00ab\u00a0Les nouveaux visages de l&rsquo;Afrique francophone\u00a0\u00bb lanc\u00e9 lors de la R\u00e9union Annuelle du RICSF en 2017, avec la subvention de l&rsquo;AUF, en cours d&rsquo;\u00e9dition.<\/li>\n<li>Membre du Bureau du RICSF (Vice-pr\u00e9sidente), depuis le 15 septembre 2017.<\/li>\n<\/ul>\n<div>\n<p>A&rsquo; l\u2019occasion de l\u2019Assembl\u00e9e G\u00e9n\u00e9rale du 11 au 13 octobre 2022, le RICSF a adopt\u00e9 \u00e0 l\u2019unanimit\u00e9 la <strong><a href=\"https:\/\/www.univda.it\/wp-content\/uploads\/2022\/10\/Declaration-dOttawa.pdf\">\u201cD\u00e9claration d\u2019Ottawa\u201d<\/a><\/strong>, par laquelle l\u2019Universit\u00e9 d\u2019Ottawa et les membres du R\u00e9seau International des Chaires Senghor de la Francophonie renouvellent leur engagement pour une diplomatie scientifique francophone forte et \u00e9quitable.<\/p>\n<h3><\/h3>\n<p><strong><span class=\"Bold\">Revue Internationale des Francophonies<\/span><\/strong><\/p>\n<p>Membre du Comit\u00e9 Scientifique de la \u00ab\u00a0Revue Internationale des Francophonies\u00a0\u00bb<\/p>\n<\/div>\n<p>&nbsp;<\/p>\n<p><strong><span class=\"Bold\">Convention Inter-chaire\u00a0<\/span>:<\/strong><\/p>\n<ul>\n<li>Convention entre l&rsquo;Universit\u00e9 de la Vall\u00e9e d&rsquo;Aoste et l&rsquo;Universit\u00e9 Jean Moulin Lyon 3 pour le compte de l&rsquo;Institut international pour la Francophonie (2IF), dans la finalit\u00e9 d&rsquo;assurer des formations et des recherches universitaires en mati\u00e8re de Francophonie afin que celle-ci soit mieux connue des peuples et des d\u00e9cideurs.<\/li>\n<\/ul>\n<\/div>\n","protected":false},"excerpt":{"rendered":"<p>&nbsp; La titulaire de la Chaire Senghor de la Vall\u00e9e d&rsquo;Aoste, Mme Grange, a personnellement particip\u00e9 aux activit\u00e9s du R\u00e9seau international\u00a0des Chaires Senghor de la Francophonie: R\u00e9union annuelle \u00e0 Ottawa (11, 12 et 13 octobre 2022) ; R\u00e9union annuelle \u00e0 Chamb\u00e9ry (1er et 2 septembre 2016) ; R\u00e9union annuelle \u00e0 Bucarest (15 septembre 2017) ; [&hellip;]<\/p>\n","protected":false},"author":1,"featured_media":0,"parent":2984,"menu_order":62,"comment_status":"closed","ping_status":"closed","template":"page-full-width.php","meta":{"_seopress_robots_primary_cat":"","_seopress_titles_title":"","_seopress_titles_desc":"Compl\u00e9ments de Chaire Seghor de la Francophonie.","_seopress_robots_index":"","footnotes":""},"tags":[],"class_list":["post-2981","page","type-page","status-publish","hentry"],"acf":[],"publishpress_future_action":{"enabled":false,"date":"2026-04-24 01:20:43","action":"change-status","newStatus":"draft","terms":[],"taxonomy":"post_tag","extraData":[]},"publishpress_future_workflow_manual_trigger":{"enabledWorkflows":[]},"_links":{"self":[{"href":"https:\/\/www.univda.it\/fr\/wp-json\/wp\/v2\/pages\/2981","targetHints":{"allow":["GET"]}}],"collection":[{"href":"https:\/\/www.univda.it\/fr\/wp-json\/wp\/v2\/pages"}],"about":[{"href":"https:\/\/www.univda.it\/fr\/wp-json\/wp\/v2\/types\/page"}],"author":[{"embeddable":true,"href":"https:\/\/www.univda.it\/fr\/wp-json\/wp\/v2\/users\/1"}],"replies":[{"embeddable":true,"href":"https:\/\/www.univda.it\/fr\/wp-json\/wp\/v2\/comments?post=2981"}],"version-history":[{"count":7,"href":"https:\/\/www.univda.it\/fr\/wp-json\/wp\/v2\/pages\/2981\/revisions"}],"predecessor-version":[{"id":58875,"href":"https:\/\/www.univda.it\/fr\/wp-json\/wp\/v2\/pages\/2981\/revisions\/58875"}],"up":[{"embeddable":true,"href":"https:\/\/www.univda.it\/fr\/wp-json\/wp\/v2\/pages\/2984"}],"wp:attachment":[{"href":"https:\/\/www.univda.it\/fr\/wp-json\/wp\/v2\/media?parent=2981"}],"wp:term":[{"taxonomy":"post_tag","embeddable":true,"href":"https:\/\/www.univda.it\/fr\/wp-json\/wp\/v2\/tags?post=2981"}],"curies":[{"name":"wp","href":"https:\/\/api.w.org\/{rel}","templated":true}]}}