{"id":2988,"date":"2018-10-22T14:08:24","date_gmt":"2018-10-22T12:08:24","guid":{"rendered":"https:\/\/www.univda.it\/universite\/chaire-senghor-de-la-francophonie\/actions\/activites-de-rayonnement\/"},"modified":"2025-02-17T14:28:40","modified_gmt":"2025-02-17T13:28:40","slug":"activites-de-rayonnement","status":"publish","type":"page","link":"https:\/\/www.univda.it\/fr\/universite\/chaire-senghor-de-la-francophonie\/actions\/activites-de-rayonnement\/","title":{"rendered":"Activit\u00e9s de rayonnement"},"content":{"rendered":"<h5>Ev\u00e9nements<\/h5>\n<p><strong>Journ\u00e9es de la Francophonie &#8211; 2024<br \/>\n<\/strong><\/p>\n<p><a href=\"https:\/\/www.univda.it\/eventi-univda\/presentation-du-livre-pedagogique-de-gabriella-vernetto-troisieme-cahier-de-thor-la-vie-en-refuge\/\">20 mars 2024<\/a><br \/>\nPr\u00e9sentation du livre p\u00e9dagogique\u00a0de\u00a0Gabriella Vernetto, Troisi\u00e8me cahier\u00a0de\u00a0Thor, \u00ab\u00a0La\u00a0vie en refuge\u00a0\u00bb<\/p>\n<p><a href=\"https:\/\/www.univda.it\/eventi-univda\/presentation-du-livre-de-federica-locatelli-stephane-mallarme-lhomme-poursuit-noir-sur-blanc-classiques-garnier-2022-prix-international-de-poesie-henri-mondor-de-lacademie\/\">15 mars 2024<\/a><br \/>\nPr\u00e9sentation du livre\u00a0de\u00a0Federica Locatelli \u201cSt\u00e9phane Mallarm\u00e9, l&rsquo;homme poursuit noir sur blanc\u201d, Classiques Garnier, 2022, Prix international\u00a0de\u00a0po\u00e9sie &lsquo;Henri Mondor\u00a0dell&rsquo;Acad\u00e9mie fran\u00e7aise 2023&rsquo;<\/p>\n<p><strong>Plaisier de Culture &#8211; 2023<\/strong><\/p>\n<p><a href=\"https:\/\/www.univda.it\/eventi-univda\/la-chapelle-saint-anselme-en-musique-prelude-aux-plaisirs-de-culture\/\">15 septembre 2023<\/a><br \/>\nConcert \u201cLa chapelle Saint-Anselme en musique. Pr\u00e9lude aux Plaisirs de culture.\u201d Mirum Musicis Ensemble \u2013\u00a0Luca Taccardi\u00a0viole de gambe et\u00a0Eva Cavazzolo, clavecin \u2013 Spectacle pr\u00e9c\u00e9d\u00e9 par une immersion dans l\u2019histoire des lieux, confi\u00e9e \u00e0 Joseph Rivolin, Ancien directeur des Archives historiques r\u00e9gionales<\/p>\n<p><strong>Journ\u00e9es de la Francophonie &#8211; 2023<br \/>\n<\/strong><\/p>\n<p>25 mars 2023<br \/>\nS\u00e9minaire \u00ab\u00a0Ce coin de terre. Teresa Charles, \u00e9crivaine, entre modernit\u00e9 et tradition\u00a0\u00bb, sous l\u2019\u00e9gide la Chaire Senghor en collaboration avec le Centro Studi Storico-letterari Natalino Sapegno, l\u2019Universit\u00e9 de V\u00e9rone &#8211; Atelier de Litt\u00e9ratures francophones, la R\u00e9gion autonome de la Vall\u00e9e d\u2019Aoste, l\u2019Acad\u00e9mie Saint-Anselme d\u2019Aoste, la Biblioth\u00e8que de Donnas, le Comit\u00e9 des Traditions Vald\u00f4taines<\/p>\n<p><a href=\"https:\/\/www.univda.it\/eventi-univda\/presentation-du-livre-les-cahiers-de-thor-a-la-decouverte-du-francais-apprentissage-du-francais-selon-une-approche-actionelle-et-plurilingue\/\">22 mars 2023<\/a><br \/>\nPr\u00e9sentation du livre \u201cLes Cahiers de Thor I et II\u201d, de Gabriella Vernetto, une s\u00e9rie de cahiers didactiques pour l\u2019apprentissage du fran\u00e7ais selon une approche plurilingue et actionnelle. Projet promu par le Centre d\u2019\u00e9tudes Abb\u00e9 Tr\u00e8ves<\/p>\n<p><a href=\"https:\/\/www.univda.it\/eventi-univda\/genetique-textuelle-et-linguistique-de-lecrit-que-nous-apprennent-les-ecrits-des-eleves\/\">14 mars 2023<\/a><br \/>\nConf\u00e9rence G<em>\u00e9n\u00e9tique<\/em>\u00a0<em>textuelle\u00a0et linguistique de l&rsquo;\u00e9crit\u00a0<\/em>:\u00a0<em>que nous apprennent les \u00e9crits des \u00e9l\u00e8ves ?<\/em>\u00a0Claire Doquet, Universit\u00e9 de Paris III Sorbonne &#8211; CNRS<\/p>\n<p><strong>Journ\u00e9es de la Francophonie &#8211; 2022<\/strong><\/p>\n<p><a href=\"https:\/\/www.univda.it\/eventi-univda\/conference-en-ligne-leducation-sexuelle-scolaire-en-france-du-debut-du-xxe-siecle-a-nos-jours\/\">22 Mars 2022<\/a><br \/>\nConf\u00e9rence en ligne \u00ab L\u2019\u00e9ducation sexuelle scolaire en France, du d\u00e9but du XXe si\u00e8cle \u00e0 nos jours\u00bb, Yves Verneuil, Universit\u00e9 Lyon 2.<\/p>\n<p><strong>Journ\u00e9es de la Francophonie &#8211; 2021<\/strong><\/p>\n<p><a href=\"https:\/\/www.univda.it\/eventi-univda\/limpact-des-dernieres-elections-americaines-sur-les-relations-internationales\/\">19 mars 2021<\/a><br \/>\nConf\u00e9rence par F\u00fcsun Turkmen, Directrice du D\u00e9partement de Relations Internationales de l\u2019Universit\u00e9 Galatasaray, Istanbul, Turquie, Pr\u00e9sidente du R\u00e9seau international des Chaires Senghor de la Francophonie. <a href=\"https:\/\/youtu.be\/l_T59ZqREBo\">La vid\u00e9o de la conf\u00e9rence est en ligne!<\/a><\/p>\n<p><a href=\"https:\/\/www.univda.it\/eventi-univda\/reconnaitre-ou-considerer-le-regard-du-canada-sur-sa-francophonie\/\">17 mars 2021<\/a><br \/>\nConf\u00e9rence &#8211; d\u00e9bat par Christophe Traisnel, Directeur adjoint de l\u2019\u00c9cole des Hautes \u00c9tudes Publiques, Titulaire de la Chaire Senghor en francophonies compar\u00e9es de l\u2019Universit\u00e9 de Moncton, Canada, Vice-pr\u00e9sident du R\u00e9seau international des Chaires Senghor de la Francophonie. <a href=\"https:\/\/youtu.be\/PxkWwlyzCGo\">La vid\u00e9o de la conf\u00e9rence est en ligne!<\/a><\/p>\n<p><strong>Journ\u00e9es de la Francophonie &#8211; 2020<\/strong><\/p>\n<p><a href=\"https:\/\/www.univda.it\/eventi-univda\/le-president-macron-la-politique-etrangere-et-la-francophonie\/\">12 mars 2020<\/a><br \/>\nS\u00e9minaire International \u00ab Le Pr\u00e9sident Macron, la politique \u00e9trang\u00e8re et la francophonie \u00bb, Conf\u00e9renci\u00e8re principale : F\u00fcsun Turkmen, Universit\u00e9 de Galatasaray, Istanbul, Pr\u00e9sidente du RICSF<\/p>\n<p><strong><span class=\"Bold\">Journ\u00e9es de la Francophonie &#8211; 2019<\/span><\/strong><\/p>\n<p><a href=\"https:\/\/www.univda.it\/eventi-univda\/les-decouvreurs-des-alpes-table-ronde\/\">29 mars 2019<\/a><br \/>\nTable ronde\u00a0avec Michael Kohlhauer (Universit\u00e9 de Savoie Mont-Blanc) et Federica Locatelli et Fran\u00e7oise Rigat (Universit\u00e9 de la Vall\u00e9e d\u2019Aoste).<\/p>\n<p><a href=\"https:\/\/www.univda.it\/eventi-univda\/lhistoire-de-lecole-en-france-entre-le-xixeme-et-le-xxeme-siecle-seminaire-de-pedagogie\/\">27 mars 2019<\/a><br \/>\nS\u00e9minaire \u00ab L\u2019Histoire de l\u2019\u00e9cole en France entre XIX\u1d49 et XX\u1d49 si\u00e8cle \u00bb en collaboration avec M. Piseri, UniVdA ; Yves Verneuil et Serge Tomamichel, Universit\u00e9 Lyon 2.<\/p>\n<p><a href=\"https:\/\/www.univda.it\/eventi-univda\/lhistoire-de-lecole-en-france-entre-le-xixeme-et-le-xxeme-siecle-seminaire-de-pedagogie\/\">23 mars 2019<\/a><br \/>\nS\u00e9minaire de P\u00e9dagogie \u00ab L\u2019Histoire de l\u2019\u00e9cole en France entre le XIX\u00e8me et le XX\u00e8me si\u00e8cle \u00bb<\/p>\n<p><a href=\"https:\/\/www.univda.it\/eventi-univda\/sur-les-pas-de-xavier-de-maistre\/\">9 mars 2019<\/a><br \/>\n\u00ab Sur les pas de Xavier de Maistre \u00bb.\u00a0Visite guid\u00e9e \u00e0 Aoste.<\/p>\n<p><strong><span class=\"Bold\">Journ\u00e9es de la Francophonie &#8211; 2018<\/span><\/strong><\/p>\n<p><a href=\"https:\/\/www.univda.it\/eventi-univda\/enjeux-et-perspectives-dune-inscription-sur-la-liste-du-patrimoine-de-lunesco\/\" target=\"_blank\" rel=\"noopener noreferrer\">22 mars 2018<\/a><br \/>\nConf\u00e9rence \u00ab\u00a0Enjeux et perspectives d&rsquo;une inscription sur la liste du patrimoine de l&rsquo;Unesco\u00a0\u00bb Ouidad Tebbaa, Professeure \u00e0 l&rsquo;Universit\u00e9 de Marrakech, titulaire de la Chaire Senghor de la Francophonie de Marrakech.<\/p>\n<p><a href=\"https:\/\/www.univda.it\/eventi-univda\/le-patrimoine-archeologique-de-la-recherche-a-la-mediation\/\" target=\"_blank\" rel=\"noopener noreferrer\">24 mars 2018<\/a><br \/>\nConf\u00e9rence &#8211; visite interactive \u00ab\u00a0Le patrimoine arch\u00e9ologique: de la recherche \u00e0 la m\u00e9diation\u00a0\u00bb, dans le Site m\u00e9galithique de Saint-Martin-de-Corl\u00e9ans, Ouidad Tebbaa, Professeure \u00e0 l&rsquo;Universit\u00e9 de Marrakech, titulaire de la Chaire Senghor de la Francophonie de Marrakech avec les arch\u00e9ologues de la Surintendance des activit\u00e9s et des biens culturels de la R\u00e9gion autonome Vall\u00e9e d&rsquo;Aoste.<\/p>\n<p>24 mars 2018<br \/>\nC\u00e9r\u00e9monie de remise de prix du 19\u00e8me Concours \u00ab\u00a0Abb\u00e9 Tr\u00e8ves\u00a0\u00bb, subvention, patronage et remise de prix par les soins de la Chaire Senghor de la Vall\u00e9e d&rsquo;Aoste, en partenariat avec la Pr\u00e9sidence du Conseil, l&rsquo;Assessorat \u00e0 l&rsquo;Education et \u00e0 la Culture, le Centre d&rsquo;Etudes \u00ab\u00a0Abb\u00e9 Tr\u00e8ves\u00a0\u00bb et l&rsquo;Union Internationale de la Presse Francophone de la Vall\u00e9e d&rsquo;Aoste.<\/p>\n<p><span class=\"Bold\">Festival del la parole \u00ab Les Mots \u00bb 2018 &#8211;\u00a0<\/span><a href=\"https:\/\/www.univda.it\/eventi-univda\/lunivda-e-la-chaire-senghor-partecipano-a-les-mots-terzo-appuntamento\/\" target=\"_blank\" rel=\"noopener noreferrer\">5 mai 2018<\/a><br \/>\nConf\u00e9rence \u00ab\u00a0Le religieux : une esp\u00e9rance pour demain?\u00a0\u00bb Baudoin Decharneux, Professeur \u00e0 l&rsquo;Universit\u00e9 Libre de Bruxelles, Pr\u00e9sident de l&rsquo;ASPLF (Association des Soci\u00e9t\u00e9s de Philosophie de Langue Fran\u00e7aise). Mod\u00e9ratrice\u00a0: Teresa Grange.<\/p>\n<p><strong><span class=\"Bold\">Journ\u00e9es de la Francophonie &#8211; 2017<\/span><\/strong><\/p>\n<p>21 mars 2017<strong><br \/>\n<\/strong>Conf\u00e9rence &#8211; formation\u00a0: Jo\u00ebl July, Ma\u00eetre de conf\u00e9rences \u00e0 l&rsquo;Universit\u00e9 d&rsquo;Aix-en-Provence, destin\u00e9e aux enseignants de fran\u00e7ais de la R\u00e9gion, en collaboration avec la Surintendance aux Ecoles.<\/p>\n<p>22 mars 2017<strong><br \/>\n<\/strong>Performance &#8211; conf\u00e9rence\u00a0: \u00a0comprenant les interventions de Jo\u00ebl July, Ma\u00eetre de conf\u00e9rences \u00e0 l&rsquo;Universit\u00e9 d&rsquo;Aix-en-Provence\u00a0 \u00ab\u00a0Danser avec les mots. Voix et po\u00e9sie de la chanson fran\u00e7aise contemporaine\u00a0\u00bb, Camille Vorger, Ma\u00eetre d&rsquo;enseignement et de recherche \u00e0 l&rsquo;Universit\u00e9 de Lausanne\u00a0 \u00ab\u00a0La chanson, jeux de mots, jeux sur les mots\u00a0\u00bb\u00a0; Bastien, po\u00e8te et slameur \u00ab\u00a0Sous l&rsquo;\u00e9mail des mots. Slam et jeux de mots\u00a0\u00bb.<\/p>\n<p><span class=\"Bold\">Festival de la parole \u00ab Les Mots \u00bb 2017 &#8211; <\/span>30 avril 2017<strong><br \/>\n<\/strong>Pr\u00e9sentation du livre de Teresa Grange, Carole Veuthey et G\u00e9ry Marcoux \u00ab\u00a0L&rsquo;\u00e9cole premi\u00e8re en question. Analyses et r\u00e9flexions \u00e0 partir des pratiques d&rsquo;\u00e9valuation\u00a0\u00bb (EME Editions, Bruxelles), un ouvrage qui propose une pluralit\u00e9 de regards experts issus de quatre syst\u00e8mes \u00e9ducatifs distincts de l&rsquo;espace francophone (Belgique francophone, France, Vall\u00e9e d&rsquo;Aoste-Italie, Suisse romande) sur l&rsquo;\u00e9valuation \u00e0 l&rsquo;\u00e9cole premi\u00e8re (3-6 ans).<\/p>\n<h5><span class=\"Bold\">Activit\u00e9s culturelles inter-chaires<\/span><\/h5>\n<p>22-24 mars 2018<br \/>\nAccueil \u00e0 Aoste de la Professeure Ouidad Tebbaa,\u00a0 titulaire de la Chaire Senghor de la Francophonie de Marrakech. Participation de Mme Tebbaa \u00e0 la manifestation promotionnelle et d&rsquo;orientation \u00ab\u00a0UniversoVda\u00a0\u00bb le 23 mars 2018.<\/p>\n<p>15-16 juin 2017<br \/>\nR\u00e9union annuelle de l&rsquo;Institut International pour la Francophonie dans le si\u00e8ge de la Chaire Senghor de l&rsquo;Universit\u00e9 de la Vall\u00e9e d&rsquo;Aoste<\/p>\n<div>\n<h5><span class=\"Bold\">Conf\u00e9rences et s\u00e9minaires organis\u00e9s par l&rsquo;Universit\u00e9 de la Vall\u00e9e d&rsquo;Aoste<\/span><\/h5>\n<p><a href=\"https:\/\/www.univda.it\/eventi-univda\/le-lingue-minoritarie-nelleuropa-latina-mediterranea\/\" target=\"_blank\" rel=\"noopener noreferrer\">30 octobre 2018<\/a><br \/>\nConf\u00e9rence \u00ab\u00a0Le lingue minoritarie nell&rsquo;Europa latina mediterranea\u00a0\u00bb<\/p>\n<\/div>\n<p><a href=\"https:\/\/www.univda.it\/eventi-univda\/altamente-sportivi-lo-sport-tra-milieu-e-attrazione-turistica\/\" target=\"_blank\" rel=\"noopener noreferrer\">18 et 19 octobre 2018\u00a0<\/a><br \/>\nConf\u00e9rence \u00ab\u00a0Altamente sportivi. Lo sport tra milieu e attrazione turistica \u00bb<\/p>\n<p>5 mars -22 mai 2018<br \/>\nCycle de Conf\u00e9rences \u00ab\u00a0Une certaine id\u00e9e d&rsquo;Europe\u00a0\u00bb, proposition vid\u00e9o et d\u00e9bat aupr\u00e8s de l&rsquo;Universit\u00e9 de la Vall\u00e9e d&rsquo;Aoste mod\u00e9r\u00e9 par les professeurs P. Vesan et E. Vitale de s\u00e9minaires promus par le Groupe d&rsquo;Etudes G\u00e9opolitiques de l&rsquo;Ecole Normale Sup\u00e9rieure, Paris sur le th\u00e8me du projet politique europ\u00e9en. S\u00e9minaires de Toni Negri, Elisabeth Roudinesco, Alain Badiou, Myriam Revault d&rsquo;Allonnes, Thomas Piketty, Patrick Boucheron.<\/p>\n<div>\n<p>13-24 f\u00e9vrier 2017<br \/>\nS\u00e9minaires dans le cadre de la Winter School organis\u00e9e par l&rsquo;Universit\u00e9 de la Vall\u00e9e d&rsquo;Aoste et le D\u00e9partement de Sciences Juridiques de l&rsquo;Universit\u00e9 de Turin, coordonn\u00e9e par les professeurs D. Tosi et F. Cassella, avec la participation, entre autres, des professeurs Alexandre Guigue, Universit\u00e9 Savoie Mont Blanc; Jean-F\u00e9lix de Bujadoux , Conseiller aupr\u00e8s du Pr\u00e9sident de l&rsquo;Assembl\u00e9e Nationale; Marc Ortolani, Universit\u00e9 Nice Sophia-Antipolis.<\/p>\n<p>&nbsp;<\/p>\n<p><strong>Relations interinstitutionnelles pour la Francophonie<\/strong><\/p>\n<\/div>\n<p>Novembre &#8211; D\u00e9cembre 2017<br \/>\nContribution de la titulaire de la Chaire de la Vall\u00e9e d&rsquo;Aoste \u00e0 l&rsquo;\u00e9laboration du rapport de la d\u00e9l\u00e9gation des parlementaires de la Vall\u00e9e d&rsquo;Aoste sur le th\u00e8me \u00ab\u00a0Actions et mesures mises en \u0153uvre en vue de pr\u00e9venir la radicalisation chez les jeunes\u00a0\u00bb, pr\u00e9sent\u00e9 les 15 et 16 janvier 2018 au Comit\u00e9 de coop\u00e9ration interparlementaire entre le Conseil R\u00e9gional de la Vall\u00e9e d&rsquo;Aoste, le Parlement de la F\u00e9d\u00e9ration Wallonie-Bruxelles et le Parlement de la R\u00e9publique et Canton du Jura, Bruxelles.<\/p>\n<p>19 septembre 2017<br \/>\nRencontre avec le Pr\u00e9sident du Conseil de la R\u00e9gion autonome Vall\u00e9e d&rsquo;Aoste pour instituer une collaboration avec la Chaire Senghor dans le cadre de la pr\u00e9paration de l&rsquo;apport de la R\u00e9gion \u00e0 la Conf\u00e9rence G\u00e9n\u00e9rale de la section Europe de l&rsquo;APF (Association des Parlementaires de la Francophonie) pr\u00e9vue du 23 au 26 octobre 2017 \u00e0 Sarajevo sur le th\u00e8me \u00ab\u00a0Les strat\u00e9gies \u00e0 d\u00e9velopper en faveur de l&#8217;emploi et d&rsquo;une croissance durable et socialement juste\u00a0\u00bb. La titulaire de la Chaire Senghor a particip\u00e9 \u00e0 des r\u00e9unions avec les parlementaires vald\u00f4tains et contribu\u00e9 \u00e0 la pr\u00e9paration d&rsquo;un dossier th\u00e9matique.<\/p>\n<p>21 juin 2017<br \/>\nAccueil \u00e0 l&rsquo;Universit\u00e9 de la Vall\u00e9e d&rsquo;Aoste du Consul G\u00e9n\u00e9ral de France, M. Olivier Brochet.<\/p>\n<p>&nbsp;<\/p>\n","protected":false},"excerpt":{"rendered":"<p>Ev\u00e9nements Journ\u00e9es de la Francophonie &#8211; 2024 20 mars 2024 Pr\u00e9sentation du livre p\u00e9dagogique\u00a0de\u00a0Gabriella Vernetto, Troisi\u00e8me cahier\u00a0de\u00a0Thor, \u00ab\u00a0La\u00a0vie en refuge\u00a0\u00bb 15 mars 2024 Pr\u00e9sentation du livre\u00a0de\u00a0Federica Locatelli \u201cSt\u00e9phane Mallarm\u00e9, l&rsquo;homme poursuit noir sur blanc\u201d, Classiques Garnier, 2022, Prix international\u00a0de\u00a0po\u00e9sie &lsquo;Henri Mondor\u00a0dell&rsquo;Acad\u00e9mie fran\u00e7aise 2023&rsquo; Plaisier de Culture &#8211; 2023 15 septembre 2023 Concert \u201cLa chapelle Saint-Anselme [&hellip;]<\/p>\n","protected":false},"author":1,"featured_media":0,"parent":2984,"menu_order":62,"comment_status":"closed","ping_status":"closed","template":"page-full-width.php","meta":{"_seopress_robots_primary_cat":"","_seopress_titles_title":"","_seopress_titles_desc":"Les activit\u00e9s de rayonnement de Chaire Seghor de la Francophonie.","_seopress_robots_index":"","footnotes":""},"tags":[],"class_list":["post-2988","page","type-page","status-publish","hentry"],"acf":[],"publishpress_future_action":{"enabled":false,"date":"2026-04-24 01:20:44","action":"change-status","newStatus":"draft","terms":[],"taxonomy":"post_tag","extraData":[]},"publishpress_future_workflow_manual_trigger":{"enabledWorkflows":[]},"_links":{"self":[{"href":"https:\/\/www.univda.it\/fr\/wp-json\/wp\/v2\/pages\/2988","targetHints":{"allow":["GET"]}}],"collection":[{"href":"https:\/\/www.univda.it\/fr\/wp-json\/wp\/v2\/pages"}],"about":[{"href":"https:\/\/www.univda.it\/fr\/wp-json\/wp\/v2\/types\/page"}],"author":[{"embeddable":true,"href":"https:\/\/www.univda.it\/fr\/wp-json\/wp\/v2\/users\/1"}],"replies":[{"embeddable":true,"href":"https:\/\/www.univda.it\/fr\/wp-json\/wp\/v2\/comments?post=2988"}],"version-history":[{"count":9,"href":"https:\/\/www.univda.it\/fr\/wp-json\/wp\/v2\/pages\/2988\/revisions"}],"predecessor-version":[{"id":79345,"href":"https:\/\/www.univda.it\/fr\/wp-json\/wp\/v2\/pages\/2988\/revisions\/79345"}],"up":[{"embeddable":true,"href":"https:\/\/www.univda.it\/fr\/wp-json\/wp\/v2\/pages\/2984"}],"wp:attachment":[{"href":"https:\/\/www.univda.it\/fr\/wp-json\/wp\/v2\/media?parent=2988"}],"wp:term":[{"taxonomy":"post_tag","embeddable":true,"href":"https:\/\/www.univda.it\/fr\/wp-json\/wp\/v2\/tags?post=2988"}],"curies":[{"name":"wp","href":"https:\/\/api.w.org\/{rel}","templated":true}]}}