{"id":39785,"date":"2020-10-13T11:31:44","date_gmt":"2020-10-13T09:31:44","guid":{"rendered":"https:\/\/www.univda.it\/?page_id=39785"},"modified":"2020-11-09T10:09:50","modified_gmt":"2020-11-09T09:09:50","slug":"mobilita-studio-in-ingresso","status":"publish","type":"page","link":"https:\/\/www.univda.it\/fr\/services\/mobilite-internationale\/mobilita-erasmus\/mobilita-studio-in-ingresso\/","title":{"rendered":"Mobilit\u00e9 \u00e9tudiante Erasmus+ entrante"},"content":{"rendered":"<p><img loading=\"lazy\" decoding=\"async\" class=\"alignnone size-medium wp-image-22618\" src=\"https:\/\/www.univda.it\/wp-content\/uploads\/2019\/03\/910_foto_mobilit__ingresso-300x88.jpg\" alt=\"\" width=\"300\" height=\"88\" srcset=\"https:\/\/www.univda.it\/wp-content\/uploads\/2019\/03\/910_foto_mobilit__ingresso-300x88.jpg 300w, https:\/\/www.univda.it\/wp-content\/uploads\/2019\/03\/910_foto_mobilit__ingresso.jpg 350w\" sizes=\"auto, (max-width: 300px) 100vw, 300px\" \/><\/p>\n<p>Chers \u00e9tudiants , bienvenues \u00e0 l\u2019Universit\u00e0 della Valle d&rsquo;Aosta -Universit\u00e9 de la Vall\u00e9e d&rsquo;Aoste !<\/p>\n<p>Le personnel du Bureau Mobilit\u00e9 et Placement sera votre point de r\u00e9f\u00e9rence pour toutes les proc\u00e9dures et d\u00e9marches administratives li\u00e9es \u00e0 la p\u00e9riode de mobilit\u00e9.<\/p>\n<p>&nbsp;<\/p>\n","protected":false},"excerpt":{"rendered":"<p>Chers \u00e9tudiants , bienvenues \u00e0 l\u2019Universit\u00e0 della Valle d&rsquo;Aosta -Universit\u00e9 de la Vall\u00e9e d&rsquo;Aoste ! Le personnel du Bureau Mobilit\u00e9 et Placement sera votre point de r\u00e9f\u00e9rence pour toutes les proc\u00e9dures et d\u00e9marches administratives li\u00e9es \u00e0 la p\u00e9riode de mobilit\u00e9. &nbsp;<\/p>\n","protected":false},"author":11,"featured_media":0,"parent":39780,"menu_order":0,"comment_status":"open","ping_status":"closed","template":"page-sidebar-child.php","meta":{"_seopress_robots_primary_cat":"","_seopress_titles_title":"","_seopress_titles_desc":"","_seopress_robots_index":"","footnotes":""},"tags":[],"class_list":["post-39785","page","type-page","status-publish","hentry"],"acf":[],"publishpress_future_action":{"enabled":false,"date":"2026-04-23 08:24:40","action":"change-status","newStatus":"draft","terms":[],"taxonomy":"post_tag","extraData":[]},"publishpress_future_workflow_manual_trigger":{"enabledWorkflows":[]},"_links":{"self":[{"href":"https:\/\/www.univda.it\/fr\/wp-json\/wp\/v2\/pages\/39785","targetHints":{"allow":["GET"]}}],"collection":[{"href":"https:\/\/www.univda.it\/fr\/wp-json\/wp\/v2\/pages"}],"about":[{"href":"https:\/\/www.univda.it\/fr\/wp-json\/wp\/v2\/types\/page"}],"author":[{"embeddable":true,"href":"https:\/\/www.univda.it\/fr\/wp-json\/wp\/v2\/users\/11"}],"replies":[{"embeddable":true,"href":"https:\/\/www.univda.it\/fr\/wp-json\/wp\/v2\/comments?post=39785"}],"version-history":[{"count":5,"href":"https:\/\/www.univda.it\/fr\/wp-json\/wp\/v2\/pages\/39785\/revisions"}],"predecessor-version":[{"id":40439,"href":"https:\/\/www.univda.it\/fr\/wp-json\/wp\/v2\/pages\/39785\/revisions\/40439"}],"up":[{"embeddable":true,"href":"https:\/\/www.univda.it\/fr\/wp-json\/wp\/v2\/pages\/39780"}],"wp:attachment":[{"href":"https:\/\/www.univda.it\/fr\/wp-json\/wp\/v2\/media?parent=39785"}],"wp:term":[{"taxonomy":"post_tag","embeddable":true,"href":"https:\/\/www.univda.it\/fr\/wp-json\/wp\/v2\/tags?post=39785"}],"curies":[{"name":"wp","href":"https:\/\/api.w.org\/{rel}","templated":true}]}}