{"id":39799,"date":"2020-10-13T11:34:39","date_gmt":"2020-10-13T09:34:39","guid":{"rendered":"https:\/\/www.univda.it\/?page_id=39799"},"modified":"2020-11-09T10:11:38","modified_gmt":"2020-11-09T09:11:38","slug":"prima-dellarrivo-in-italia","status":"publish","type":"page","link":"https:\/\/www.univda.it\/fr\/services\/mobilite-internationale\/mobilita-erasmus\/mobilita-studio-in-ingresso\/prima-dellarrivo-in-italia\/","title":{"rendered":"Avant l&rsquo;arriv\u00e9e"},"content":{"rendered":"<p class=\"JustifyFull\">Vous devez tout d\u2019abord \u00eatre s\u00e9lectionn\u00e9(e)s par votre universit\u00e9 d&rsquo;origine qui devra nous envoyer un e-mail de nomination \u00e0 : <a href=\"mailto:u-rel-internazionali@univda.it\">mobilita@univda.it<\/a> .<\/p>\n<p>Assurez-vous que votre \u00e9tablissement est bien partenaire de l\u2019 Universit\u00e0 della Valle d&rsquo;Aosta- Universit\u00e9 de la Vall\u00e9e d&rsquo;Aoste.<\/p>\n<p>Vous recevrez une confirmation d&rsquo;acceptation par mail et la proc\u00e9dure d&rsquo;inscription.<\/p>\n<h4 class=\"ametys-richtext-title-2\">Contrat p\u00e9dagogique initial (CPI)<\/h4>\n<p>Ce document doit \u00eatre envoy\u00e9 avant le 30 juin, pour les premiers semestres et avant le 30 novembre pour les seconds semestres.<\/p>\n","protected":false},"excerpt":{"rendered":"<p>Vous devez tout d\u2019abord \u00eatre s\u00e9lectionn\u00e9(e)s par votre universit\u00e9 d&rsquo;origine qui devra nous envoyer un e-mail de nomination \u00e0 : mobilita@univda.it . Assurez-vous que votre \u00e9tablissement est bien partenaire de l\u2019 Universit\u00e0 della Valle d&rsquo;Aosta- Universit\u00e9 de la Vall\u00e9e d&rsquo;Aoste. Vous recevrez une confirmation d&rsquo;acceptation par mail et la proc\u00e9dure d&rsquo;inscription. Contrat p\u00e9dagogique initial (CPI) [&hellip;]<\/p>\n","protected":false},"author":11,"featured_media":0,"parent":39785,"menu_order":0,"comment_status":"open","ping_status":"closed","template":"page-full-width.php","meta":{"_seopress_robots_primary_cat":"","_seopress_titles_title":"","_seopress_titles_desc":"","_seopress_robots_index":"","footnotes":""},"tags":[],"class_list":["post-39799","page","type-page","status-publish","hentry"],"acf":[],"publishpress_future_action":{"enabled":false,"date":"2026-04-23 12:08:39","action":"change-status","newStatus":"draft","terms":[],"taxonomy":"post_tag","extraData":[]},"publishpress_future_workflow_manual_trigger":{"enabledWorkflows":[]},"_links":{"self":[{"href":"https:\/\/www.univda.it\/fr\/wp-json\/wp\/v2\/pages\/39799","targetHints":{"allow":["GET"]}}],"collection":[{"href":"https:\/\/www.univda.it\/fr\/wp-json\/wp\/v2\/pages"}],"about":[{"href":"https:\/\/www.univda.it\/fr\/wp-json\/wp\/v2\/types\/page"}],"author":[{"embeddable":true,"href":"https:\/\/www.univda.it\/fr\/wp-json\/wp\/v2\/users\/11"}],"replies":[{"embeddable":true,"href":"https:\/\/www.univda.it\/fr\/wp-json\/wp\/v2\/comments?post=39799"}],"version-history":[{"count":5,"href":"https:\/\/www.univda.it\/fr\/wp-json\/wp\/v2\/pages\/39799\/revisions"}],"predecessor-version":[{"id":40440,"href":"https:\/\/www.univda.it\/fr\/wp-json\/wp\/v2\/pages\/39799\/revisions\/40440"}],"up":[{"embeddable":true,"href":"https:\/\/www.univda.it\/fr\/wp-json\/wp\/v2\/pages\/39785"}],"wp:attachment":[{"href":"https:\/\/www.univda.it\/fr\/wp-json\/wp\/v2\/media?parent=39799"}],"wp:term":[{"taxonomy":"post_tag","embeddable":true,"href":"https:\/\/www.univda.it\/fr\/wp-json\/wp\/v2\/tags?post=39799"}],"curies":[{"name":"wp","href":"https:\/\/api.w.org\/{rel}","templated":true}]}}