{"id":39815,"date":"2020-10-13T11:37:58","date_gmt":"2020-10-13T09:37:58","guid":{"rendered":"https:\/\/www.univda.it\/?page_id=39815"},"modified":"2020-11-09T10:13:51","modified_gmt":"2020-11-09T09:13:51","slug":"durante-il-soggiorno","status":"publish","type":"page","link":"https:\/\/www.univda.it\/fr\/services\/mobilite-internationale\/mobilita-erasmus\/mobilita-studio-in-ingresso\/durante-il-soggiorno\/","title":{"rendered":"Pendant votre s\u00e9jour"},"content":{"rendered":"<div><img loading=\"lazy\" decoding=\"async\" class=\"size-medium wp-image-22621 alignleft\" src=\"https:\/\/www.univda.it\/wp-content\/uploads\/2019\/03\/115_003compresso-300x199.jpg\" alt=\"\" width=\"300\" height=\"199\" srcset=\"https:\/\/www.univda.it\/wp-content\/uploads\/2019\/03\/115_003compresso-300x199.jpg 300w, https:\/\/www.univda.it\/wp-content\/uploads\/2019\/03\/115_003compresso.jpg 350w\" sizes=\"auto, (max-width: 300px) 100vw, 300px\" \/><\/div>\n<div><\/div>\n<div class=\"boxPic\">D\u00e8s votre arriv\u00e9e dans l&rsquo;Universit\u00e0 della valle d&rsquo;Aosta- Universit\u00e9 de la Vall\u00e9e d&rsquo;Aoste, vous devez compl\u00e9ter, faire signer et tamponner l&rsquo;attestation de pr\u00e9sence par le bureau Mobilit\u00e9 et Placement.<\/div>\n<div class=\"bodyBox\">\n<div>\n<p>Celle-ci indique le premier jour de votre mobilit\u00e9.<\/p>\n<p>Pendant le s\u00e9jour le bureau Mobilit\u00e9 et Placement vous accompagne pour toute demande ayant trait \u00e0 vos \u00e9tudes en cours.<\/p>\n<p>&nbsp;<\/p>\n<\/div>\n<p>L\u2019universit\u00e9 propose un cours de Italien Langue \u00c9trang\u00e8re destin\u00e9s aux \u00e9trangers.<\/p>\n<\/div>\n","protected":false},"excerpt":{"rendered":"<p>D\u00e8s votre arriv\u00e9e dans l&rsquo;Universit\u00e0 della valle d&rsquo;Aosta- Universit\u00e9 de la Vall\u00e9e d&rsquo;Aoste, vous devez compl\u00e9ter, faire signer et tamponner l&rsquo;attestation de pr\u00e9sence par le bureau Mobilit\u00e9 et Placement. Celle-ci indique le premier jour de votre mobilit\u00e9. Pendant le s\u00e9jour le bureau Mobilit\u00e9 et Placement vous accompagne pour toute demande ayant trait \u00e0 vos \u00e9tudes [&hellip;]<\/p>\n","protected":false},"author":11,"featured_media":0,"parent":39785,"menu_order":0,"comment_status":"open","ping_status":"closed","template":"page-full-width.php","meta":{"_seopress_robots_primary_cat":"","_seopress_titles_title":"","_seopress_titles_desc":"","_seopress_robots_index":"","footnotes":""},"tags":[],"class_list":["post-39815","page","type-page","status-publish","hentry"],"acf":[],"publishpress_future_action":{"enabled":false,"date":"2026-04-23 08:48:06","action":"change-status","newStatus":"draft","terms":[],"taxonomy":"post_tag","extraData":[]},"publishpress_future_workflow_manual_trigger":{"enabledWorkflows":[]},"_links":{"self":[{"href":"https:\/\/www.univda.it\/fr\/wp-json\/wp\/v2\/pages\/39815","targetHints":{"allow":["GET"]}}],"collection":[{"href":"https:\/\/www.univda.it\/fr\/wp-json\/wp\/v2\/pages"}],"about":[{"href":"https:\/\/www.univda.it\/fr\/wp-json\/wp\/v2\/types\/page"}],"author":[{"embeddable":true,"href":"https:\/\/www.univda.it\/fr\/wp-json\/wp\/v2\/users\/11"}],"replies":[{"embeddable":true,"href":"https:\/\/www.univda.it\/fr\/wp-json\/wp\/v2\/comments?post=39815"}],"version-history":[{"count":5,"href":"https:\/\/www.univda.it\/fr\/wp-json\/wp\/v2\/pages\/39815\/revisions"}],"predecessor-version":[{"id":40441,"href":"https:\/\/www.univda.it\/fr\/wp-json\/wp\/v2\/pages\/39815\/revisions\/40441"}],"up":[{"embeddable":true,"href":"https:\/\/www.univda.it\/fr\/wp-json\/wp\/v2\/pages\/39785"}],"wp:attachment":[{"href":"https:\/\/www.univda.it\/fr\/wp-json\/wp\/v2\/media?parent=39815"}],"wp:term":[{"taxonomy":"post_tag","embeddable":true,"href":"https:\/\/www.univda.it\/fr\/wp-json\/wp\/v2\/tags?post=39815"}],"curies":[{"name":"wp","href":"https:\/\/api.w.org\/{rel}","templated":true}]}}