{"id":39822,"date":"2020-10-13T11:40:29","date_gmt":"2020-10-13T09:40:29","guid":{"rendered":"https:\/\/www.univda.it\/?page_id=39822"},"modified":"2020-11-09T10:19:02","modified_gmt":"2020-11-09T09:19:02","slug":"al-momento-della-partenza","status":"publish","type":"page","link":"https:\/\/www.univda.it\/fr\/services\/mobilite-internationale\/mobilita-erasmus\/mobilita-studio-in-ingresso\/al-momento-della-partenza\/","title":{"rendered":"Avant votre d\u00e9part"},"content":{"rendered":"<div class=\"boxPic\"><img loading=\"lazy\" decoding=\"async\" class=\"size-medium wp-image-22630 alignleft\" src=\"https:\/\/www.univda.it\/wp-content\/uploads\/2019\/03\/valigia-300x268.jpg\" alt=\"\" width=\"300\" height=\"268\" srcset=\"https:\/\/www.univda.it\/wp-content\/uploads\/2019\/03\/valigia-300x268.jpg 300w, https:\/\/www.univda.it\/wp-content\/uploads\/2019\/03\/valigia.jpg 350w\" sizes=\"auto, (max-width: 300px) 100vw, 300px\" \/><\/div>\n<div class=\"bodyBox\">\n<p class=\"JustifyFull\">Avant votre d\u00e9part, vous devez compl\u00e9ter, faire signer et tamponner l&rsquo;attestation de fin de s\u00e9jour par le bureau Mobilit\u00e9 et Placement.<\/p>\n<p class=\"JustifyFull\">Celle-ci\u00a0 permet de calculer la dur\u00e9e exacte de votre mobilit\u00e9.<\/p>\n<p>Vous allez recevoir le contract p\u00e9dagogique final (r\u00e9lev\u00e9 des notes) par mail au moment que toutes les notes sont enr\u00e9gistr\u00e9es.<\/p>\n<\/div>\n","protected":false},"excerpt":{"rendered":"<p>Avant votre d\u00e9part, vous devez compl\u00e9ter, faire signer et tamponner l&rsquo;attestation de fin de s\u00e9jour par le bureau Mobilit\u00e9 et Placement. Celle-ci\u00a0 permet de calculer la dur\u00e9e exacte de votre mobilit\u00e9. Vous allez recevoir le contract p\u00e9dagogique final (r\u00e9lev\u00e9 des notes) par mail au moment que toutes les notes sont enr\u00e9gistr\u00e9es.<\/p>\n","protected":false},"author":11,"featured_media":0,"parent":39785,"menu_order":0,"comment_status":"open","ping_status":"closed","template":"page-full-width.php","meta":{"_seopress_robots_primary_cat":"","_seopress_titles_title":"","_seopress_titles_desc":"","_seopress_robots_index":"","footnotes":""},"tags":[],"class_list":["post-39822","page","type-page","status-publish","hentry"],"acf":[],"publishpress_future_action":{"enabled":false,"date":"2026-04-23 07:36:49","action":"change-status","newStatus":"draft","terms":[],"taxonomy":"post_tag","extraData":[]},"publishpress_future_workflow_manual_trigger":{"enabledWorkflows":[]},"_links":{"self":[{"href":"https:\/\/www.univda.it\/fr\/wp-json\/wp\/v2\/pages\/39822","targetHints":{"allow":["GET"]}}],"collection":[{"href":"https:\/\/www.univda.it\/fr\/wp-json\/wp\/v2\/pages"}],"about":[{"href":"https:\/\/www.univda.it\/fr\/wp-json\/wp\/v2\/types\/page"}],"author":[{"embeddable":true,"href":"https:\/\/www.univda.it\/fr\/wp-json\/wp\/v2\/users\/11"}],"replies":[{"embeddable":true,"href":"https:\/\/www.univda.it\/fr\/wp-json\/wp\/v2\/comments?post=39822"}],"version-history":[{"count":4,"href":"https:\/\/www.univda.it\/fr\/wp-json\/wp\/v2\/pages\/39822\/revisions"}],"predecessor-version":[{"id":40442,"href":"https:\/\/www.univda.it\/fr\/wp-json\/wp\/v2\/pages\/39822\/revisions\/40442"}],"up":[{"embeddable":true,"href":"https:\/\/www.univda.it\/fr\/wp-json\/wp\/v2\/pages\/39785"}],"wp:attachment":[{"href":"https:\/\/www.univda.it\/fr\/wp-json\/wp\/v2\/media?parent=39822"}],"wp:term":[{"taxonomy":"post_tag","embeddable":true,"href":"https:\/\/www.univda.it\/fr\/wp-json\/wp\/v2\/tags?post=39822"}],"curies":[{"name":"wp","href":"https:\/\/api.w.org\/{rel}","templated":true}]}}