{"id":39828,"date":"2020-10-13T11:43:31","date_gmt":"2020-10-13T09:43:31","guid":{"rendered":"https:\/\/www.univda.it\/?page_id=39828"},"modified":"2020-11-09T10:29:05","modified_gmt":"2020-11-09T09:29:05","slug":"mobilita-docenza","status":"publish","type":"page","link":"https:\/\/www.univda.it\/fr\/services\/mobilite-internationale\/mobilita-erasmus\/mobilita-docenza\/","title":{"rendered":"Mobilit\u00e9 des enseignants &#8211; chercheurs"},"content":{"rendered":"<p>Si vous \u00eates enseignant ou chercheur dans une universit\u00e9 europ\u00e9enne partenaire de notre universit\u00e9 et vous souhaitez venir enseigner pour une courte p\u00e9riode \u00e0 l\u2019 Universit\u00e0 della Valle d&rsquo;Aosta- Universit\u00e9 de la Vall\u00e9e d&rsquo;Aoste, le programme de mobilit\u00e9 Erasmus+ est fait pour vous !<\/p>\n<p>&nbsp;<\/p>\n<p>La dur\u00e9e de la mission d\u2019enseignement est comprise entre 2 jours et 8 semaines maximum. Un minimum de 8 heures d\u2019enseignement par semaine sera demand\u00e9.<\/p>\n<p>&nbsp;<\/p>\n<p>Pour tout renseignement \u00e9crire \u00e0: <span style=\"text-decoration: underline\">mobilita@univda.it<\/span>.<\/p>\n","protected":false},"excerpt":{"rendered":"<p>Si vous \u00eates enseignant ou chercheur dans une universit\u00e9 europ\u00e9enne partenaire de notre universit\u00e9 et vous souhaitez venir enseigner pour une courte p\u00e9riode \u00e0 l\u2019 Universit\u00e0 della Valle d&rsquo;Aosta- Universit\u00e9 de la Vall\u00e9e d&rsquo;Aoste, le programme de mobilit\u00e9 Erasmus+ est fait pour vous ! &nbsp; La dur\u00e9e de la mission d\u2019enseignement est comprise entre 2 [&hellip;]<\/p>\n","protected":false},"author":11,"featured_media":0,"parent":39780,"menu_order":29,"comment_status":"open","ping_status":"closed","template":"page-sidebar-child.php","meta":{"_seopress_robots_primary_cat":"","_seopress_titles_title":"","_seopress_titles_desc":"","_seopress_robots_index":"","footnotes":""},"tags":[],"class_list":["post-39828","page","type-page","status-publish","hentry"],"acf":[],"publishpress_future_action":{"enabled":false,"date":"2026-04-18 17:43:29","action":"change-status","newStatus":"draft","terms":[],"taxonomy":"post_tag","extraData":[]},"publishpress_future_workflow_manual_trigger":{"enabledWorkflows":[]},"_links":{"self":[{"href":"https:\/\/www.univda.it\/fr\/wp-json\/wp\/v2\/pages\/39828","targetHints":{"allow":["GET"]}}],"collection":[{"href":"https:\/\/www.univda.it\/fr\/wp-json\/wp\/v2\/pages"}],"about":[{"href":"https:\/\/www.univda.it\/fr\/wp-json\/wp\/v2\/types\/page"}],"author":[{"embeddable":true,"href":"https:\/\/www.univda.it\/fr\/wp-json\/wp\/v2\/users\/11"}],"replies":[{"embeddable":true,"href":"https:\/\/www.univda.it\/fr\/wp-json\/wp\/v2\/comments?post=39828"}],"version-history":[{"count":5,"href":"https:\/\/www.univda.it\/fr\/wp-json\/wp\/v2\/pages\/39828\/revisions"}],"predecessor-version":[{"id":40447,"href":"https:\/\/www.univda.it\/fr\/wp-json\/wp\/v2\/pages\/39828\/revisions\/40447"}],"up":[{"embeddable":true,"href":"https:\/\/www.univda.it\/fr\/wp-json\/wp\/v2\/pages\/39780"}],"wp:attachment":[{"href":"https:\/\/www.univda.it\/fr\/wp-json\/wp\/v2\/media?parent=39828"}],"wp:term":[{"taxonomy":"post_tag","embeddable":true,"href":"https:\/\/www.univda.it\/fr\/wp-json\/wp\/v2\/tags?post=39828"}],"curies":[{"name":"wp","href":"https:\/\/api.w.org\/{rel}","templated":true}]}}