{"id":39836,"date":"2020-10-13T11:47:22","date_gmt":"2020-10-13T09:47:22","guid":{"rendered":"https:\/\/www.univda.it\/?page_id=39836"},"modified":"2020-11-09T11:50:08","modified_gmt":"2020-11-09T10:50:08","slug":"mobilita-presso-luniversite-internationale-de-rabat-uir","status":"publish","type":"page","link":"https:\/\/www.univda.it\/fr\/services\/mobilite-internationale\/mobilita-presso-luniversite-internationale-de-rabat-uir\/","title":{"rendered":"Programme d&rsquo;\u00e9change avec l&rsquo;Universit\u00e9 Internationale de Rabat (UIR)"},"content":{"rendered":"<div id=\"container\">\n<div id=\"main\">\n<div class=\"content\">\n<div class=\"right\">\n<div id=\"contextBox\">\n<div>\n<div class=\"padding_rd\">\n<div class=\"bodyBox clearBig width_100\">\n<p style=\"text-align: justify\">Gr\u00e2ce \u00e0 l&rsquo;entente avec l\u2019Universit\u00e9 Internationale de Rabat (UIR) deux \u00e9tudiants de l&rsquo;Universit\u00e0 della Valle d&rsquo;Aosta- Universit\u00e9 de la Vall\u00e9e d&rsquo;Aoste ont l&rsquo;oppotunit\u00e9 d&rsquo; effectuer un s\u00e9mestre d&rsquo;\u00e9tudes \u00e0 Rabat.<\/p>\n<p>&nbsp;<\/p>\n<p>&nbsp;<\/p>\n<\/div>\n<\/div>\n<\/div>\n<\/div>\n<\/div>\n<\/div>\n<\/div>\n<\/div>\n","protected":false},"excerpt":{"rendered":"<p>Gr\u00e2ce \u00e0 l&rsquo;entente avec l\u2019Universit\u00e9 Internationale de Rabat (UIR) deux \u00e9tudiants de l&rsquo;Universit\u00e0 della Valle d&rsquo;Aosta- Universit\u00e9 de la Vall\u00e9e d&rsquo;Aoste ont l&rsquo;oppotunit\u00e9 d&rsquo; effectuer un s\u00e9mestre d&rsquo;\u00e9tudes \u00e0 Rabat. &nbsp; &nbsp;<\/p>\n","protected":false},"author":11,"featured_media":0,"parent":5164,"menu_order":35,"comment_status":"open","ping_status":"closed","template":"page-full-width.php","meta":{"_seopress_robots_primary_cat":"","_seopress_titles_title":"","_seopress_titles_desc":"","_seopress_robots_index":"","footnotes":""},"tags":[],"class_list":["post-39836","page","type-page","status-publish","hentry"],"acf":[],"publishpress_future_action":{"enabled":false,"date":"2026-05-05 18:06:49","action":"change-status","newStatus":"draft","terms":[],"taxonomy":"post_tag","extraData":[]},"publishpress_future_workflow_manual_trigger":{"enabledWorkflows":[]},"_links":{"self":[{"href":"https:\/\/www.univda.it\/fr\/wp-json\/wp\/v2\/pages\/39836","targetHints":{"allow":["GET"]}}],"collection":[{"href":"https:\/\/www.univda.it\/fr\/wp-json\/wp\/v2\/pages"}],"about":[{"href":"https:\/\/www.univda.it\/fr\/wp-json\/wp\/v2\/types\/page"}],"author":[{"embeddable":true,"href":"https:\/\/www.univda.it\/fr\/wp-json\/wp\/v2\/users\/11"}],"replies":[{"embeddable":true,"href":"https:\/\/www.univda.it\/fr\/wp-json\/wp\/v2\/comments?post=39836"}],"version-history":[{"count":5,"href":"https:\/\/www.univda.it\/fr\/wp-json\/wp\/v2\/pages\/39836\/revisions"}],"predecessor-version":[{"id":40464,"href":"https:\/\/www.univda.it\/fr\/wp-json\/wp\/v2\/pages\/39836\/revisions\/40464"}],"up":[{"embeddable":true,"href":"https:\/\/www.univda.it\/fr\/wp-json\/wp\/v2\/pages\/5164"}],"wp:attachment":[{"href":"https:\/\/www.univda.it\/fr\/wp-json\/wp\/v2\/media?parent=39836"}],"wp:term":[{"taxonomy":"post_tag","embeddable":true,"href":"https:\/\/www.univda.it\/fr\/wp-json\/wp\/v2\/tags?post=39836"}],"curies":[{"name":"wp","href":"https:\/\/api.w.org\/{rel}","templated":true}]}}