{"id":39844,"date":"2020-10-13T11:50:05","date_gmt":"2020-10-13T09:50:05","guid":{"rendered":"https:\/\/www.univda.it\/?page_id=39844"},"modified":"2020-11-09T11:59:42","modified_gmt":"2020-11-09T10:59:42","slug":"mobilita-presso-luniversity-of-louisville-uofl-solo-lm37","status":"publish","type":"page","link":"https:\/\/www.univda.it\/fr\/services\/mobilite-internationale\/autres-possibilites-de-mobilite-internationale\/mobilita-presso-luniversity-of-louisville-uofl-solo-lm37\/","title":{"rendered":"Programme d&rsquo;\u00e9change avec l&rsquo;University of Louisville (UofL)"},"content":{"rendered":"<p>Gr\u00e2ce \u00e0 l\u2019entente avec l\u2019University of Louisville (UofL) deux \u00e9tudiants engag\u00e9s dans le Master en Langues et Cultures pour la promotion des espaces de montagne de l\u2019Universit\u00e0 della Valle d\u2019Aosta- Universit\u00e9 de la Vall\u00e9e d\u2019Aoste, ont l\u2019oppotunit\u00e9 d\u2019 effectuer un s\u00e9mestre d\u2019\u00e9tudes aux \u00c9tats-Unis.<\/p>\n<p>&nbsp;<\/p>\n","protected":false},"excerpt":{"rendered":"<p>Gr\u00e2ce \u00e0 l\u2019entente avec l\u2019University of Louisville (UofL) deux \u00e9tudiants engag\u00e9s dans le Master en Langues et Cultures pour la promotion des espaces de montagne de l\u2019Universit\u00e0 della Valle d\u2019Aosta- Universit\u00e9 de la Vall\u00e9e d\u2019Aoste, ont l\u2019oppotunit\u00e9 d\u2019 effectuer un s\u00e9mestre d\u2019\u00e9tudes aux \u00c9tats-Unis. &nbsp;<\/p>\n","protected":false},"author":11,"featured_media":0,"parent":5166,"menu_order":0,"comment_status":"closed","ping_status":"closed","template":"page-full-width.php","meta":{"_seopress_robots_primary_cat":"","_seopress_titles_title":"","_seopress_titles_desc":"","_seopress_robots_index":"","footnotes":""},"tags":[],"class_list":["post-39844","page","type-page","status-publish","hentry"],"acf":[],"publishpress_future_action":{"enabled":false,"date":"2026-04-28 21:33:58","action":"change-status","newStatus":"draft","terms":[],"taxonomy":"post_tag","extraData":[]},"publishpress_future_workflow_manual_trigger":{"enabledWorkflows":[]},"_links":{"self":[{"href":"https:\/\/www.univda.it\/fr\/wp-json\/wp\/v2\/pages\/39844","targetHints":{"allow":["GET"]}}],"collection":[{"href":"https:\/\/www.univda.it\/fr\/wp-json\/wp\/v2\/pages"}],"about":[{"href":"https:\/\/www.univda.it\/fr\/wp-json\/wp\/v2\/types\/page"}],"author":[{"embeddable":true,"href":"https:\/\/www.univda.it\/fr\/wp-json\/wp\/v2\/users\/11"}],"replies":[{"embeddable":true,"href":"https:\/\/www.univda.it\/fr\/wp-json\/wp\/v2\/comments?post=39844"}],"version-history":[{"count":3,"href":"https:\/\/www.univda.it\/fr\/wp-json\/wp\/v2\/pages\/39844\/revisions"}],"predecessor-version":[{"id":40466,"href":"https:\/\/www.univda.it\/fr\/wp-json\/wp\/v2\/pages\/39844\/revisions\/40466"}],"up":[{"embeddable":true,"href":"https:\/\/www.univda.it\/fr\/wp-json\/wp\/v2\/pages\/5166"}],"wp:attachment":[{"href":"https:\/\/www.univda.it\/fr\/wp-json\/wp\/v2\/media?parent=39844"}],"wp:term":[{"taxonomy":"post_tag","embeddable":true,"href":"https:\/\/www.univda.it\/fr\/wp-json\/wp\/v2\/tags?post=39844"}],"curies":[{"name":"wp","href":"https:\/\/api.w.org\/{rel}","templated":true}]}}