{"id":40481,"date":"2020-11-09T18:12:09","date_gmt":"2020-11-09T17:12:09","guid":{"rendered":"https:\/\/www.univda.it\/?page_id=40481"},"modified":"2020-11-09T18:12:09","modified_gmt":"2020-11-09T17:12:09","slug":"doppio-diploma-scienze-politiche-con-luniversidad-de-zaragoza","status":"publish","type":"page","link":"https:\/\/www.univda.it\/fr\/services\/mobilite-internationale\/mobilita-internazionali-per-doppi-diplomi\/doppio-diploma-scienze-politiche-con-luniversidad-de-zaragoza\/","title":{"rendered":"Doppio Diploma Scienze Politiche con l&rsquo;Universidad de Zaragoza"},"content":{"rendered":"<p>Nell\u2019ambito di una convenzione quadro tra l\u2019Universit\u00e0 della Valle d\u2019Aosta \u2013 Universit\u00e9 de la Vall\u00e9e d\u2019Aoste e\u00a0l\u2019<a href=\"https:\/\/www.unizar.es\/\">Universidad de Zaragoza<\/a>, \u00e8 stato stipulato un accordo per la realizzazione di un progetto di scambio che, a partire dall\u2019<strong>anno accademico 2020\/2021<\/strong>, consentir\u00e0 agli studenti del Corso di laurea in Gesti\u00f3n y Administraci\u00f3n P\u00fablica della Facolt\u00e0 di Empresa y Gesti\u00f3n P\u00fablica dell\u2019Universit\u00e0 di Zaragoza (UNI-ZAR) e agli studenti del Corso di laurea in Scienze politiche e delle relazioni internazionali dell\u2019Universit\u00e0 della Valle d&rsquo;Aosta-Universit\u00e9 de la Vall\u00e9e d\u2019Aoste (UNIVDA) di conseguire un <strong>doppio diploma<\/strong> di laurea:<\/p>\n<ul>\n<li>diploma di laurea in Gesti\u00f3n y Administraci\u00f3n P\u00fablica dell\u2019UNIZAR;<\/li>\n<li>diploma di laurea in Scienze politiche e delle relazioni internazionali dell\u2019UNIVDA.<\/li>\n<\/ul>\n<p>Ogni anno <strong>4 studenti<\/strong> del corso di laurea in Scienze politiche e delle relazioni internazionali dell\u2019Universit\u00e0 della Valle d\u2019Aosta e 4 studenti della Facolt\u00e0 di Empresa y Gesti\u00f3n P\u00fablica dell\u2019Universit\u00e0 di Zaragoza avranno l\u2019opportunit\u00e0 di seguire un percorso di studi particolare, distribuito su 4 anni e 250 cfu, che prevede la <strong>frequenza del terzo anno di corso presso l\u2019Universit\u00e0 partner<\/strong>.<\/p>\n<p>Alla conclusione del quadriennio, gli studenti di entrambi gli atenei avranno la possibilit\u00e0 di svolgere il proprio lavoro finale di tesi su una delle materie seguite, ivi comprese quelle studiate nel corso del proprio periodo di scambio.<\/p>\n<p>Il conseguimento di un\u00a0duplice titolo di studi\u00a0rende particolarmente <strong>qualificante il profilo dei laureati<\/strong> che decidano di seguire un simile percorso, non solo rafforzandone la competitivit\u00e0 sul mercato nazionale del lavoro, ma anche aprendo a molteplici possibilit\u00e0 di studio e lavoro a livello internazionale.<\/p>\n","protected":false},"excerpt":{"rendered":"<p>Nell\u2019ambito di una convenzione quadro tra l\u2019Universit\u00e0 della Valle d\u2019Aosta \u2013 Universit\u00e9 de la Vall\u00e9e d\u2019Aoste e\u00a0l\u2019Universidad de Zaragoza, \u00e8 stato stipulato un accordo per la realizzazione di un progetto di scambio che, a partire dall\u2019anno accademico 2020\/2021, consentir\u00e0 agli studenti del Corso di laurea in Gesti\u00f3n y Administraci\u00f3n P\u00fablica della Facolt\u00e0 di Empresa y [&hellip;]<\/p>\n","protected":false},"author":11,"featured_media":0,"parent":40475,"menu_order":35,"comment_status":"open","ping_status":"closed","template":"page-full-width.php","meta":{"_seopress_robots_primary_cat":"","_seopress_titles_title":"","_seopress_titles_desc":"","_seopress_robots_index":"","footnotes":""},"tags":[],"class_list":["post-40481","page","type-page","status-publish","hentry"],"acf":[],"publishpress_future_action":{"enabled":false,"date":"2026-04-27 20:12:36","action":"change-status","newStatus":"draft","terms":[],"taxonomy":"post_tag","extraData":[]},"publishpress_future_workflow_manual_trigger":{"enabledWorkflows":[]},"_links":{"self":[{"href":"https:\/\/www.univda.it\/fr\/wp-json\/wp\/v2\/pages\/40481","targetHints":{"allow":["GET"]}}],"collection":[{"href":"https:\/\/www.univda.it\/fr\/wp-json\/wp\/v2\/pages"}],"about":[{"href":"https:\/\/www.univda.it\/fr\/wp-json\/wp\/v2\/types\/page"}],"author":[{"embeddable":true,"href":"https:\/\/www.univda.it\/fr\/wp-json\/wp\/v2\/users\/11"}],"replies":[{"embeddable":true,"href":"https:\/\/www.univda.it\/fr\/wp-json\/wp\/v2\/comments?post=40481"}],"version-history":[{"count":1,"href":"https:\/\/www.univda.it\/fr\/wp-json\/wp\/v2\/pages\/40481\/revisions"}],"predecessor-version":[{"id":40482,"href":"https:\/\/www.univda.it\/fr\/wp-json\/wp\/v2\/pages\/40481\/revisions\/40482"}],"up":[{"embeddable":true,"href":"https:\/\/www.univda.it\/fr\/wp-json\/wp\/v2\/pages\/40475"}],"wp:attachment":[{"href":"https:\/\/www.univda.it\/fr\/wp-json\/wp\/v2\/media?parent=40481"}],"wp:term":[{"taxonomy":"post_tag","embeddable":true,"href":"https:\/\/www.univda.it\/fr\/wp-json\/wp\/v2\/tags?post=40481"}],"curies":[{"name":"wp","href":"https:\/\/api.w.org\/{rel}","templated":true}]}}