{"id":40492,"date":"2020-11-09T18:14:42","date_gmt":"2020-11-09T17:14:42","guid":{"rendered":"https:\/\/www.univda.it\/?page_id=40492"},"modified":"2020-11-09T18:14:42","modified_gmt":"2020-11-09T17:14:42","slug":"doppio-diploma-scienze-politiche-con-luniversite-savoie-mont-blanc","status":"publish","type":"page","link":"https:\/\/www.univda.it\/fr\/services\/mobilite-internationale\/mobilita-internazionali-per-doppi-diplomi\/doppio-diploma-scienze-politiche-con-luniversite-savoie-mont-blanc\/","title":{"rendered":"Doppio Diploma Scienze Politiche con l&rsquo;Universit\u00e9 Savoie Mont Blanc"},"content":{"rendered":"<p class=\"JustifyFull\">Nell&rsquo;ambito di una convenzione quadro tra l&rsquo;Universit\u00e0 della Valle d&rsquo;Aosta &#8211; Universit\u00e9 de la Vall\u00e9e d&rsquo;Aoste e\u00a0<a href=\"http:\/\/www.univ-smb.fr\/\"><span class=\"Bold\">l&rsquo;Universit\u00e9 Savoie Mont Blanc<\/span><\/a>, il Corso di studi di Scienze politiche e delle relazioni internazionali ha concluso con la Facult\u00e9 de Droit di Chamb\u00e9ry un accordo per la realizzazione di un progetto di scambio dei rispettivi studenti volto al conseguimento, alla fine del percorso formativo triennale, di un doppio diploma di laurea:<\/p>\n<ul>\n<li><span class=\"Bold\">Diploma di laurea in Scienze politiche e delle relazioni internazionali<\/span>, rilasciato dall&rsquo;Universit\u00e0 della Valle d&rsquo;Aosta &#8211; Universit\u00e9 de la Vall\u00e9e d&rsquo;Aoste;<\/li>\n<li><span class=\"Bold\">Licence\u00a0en Droit<\/span>, rilasciata dall&rsquo;Universit\u00e9 Savoie Mont Blanc.<\/li>\n<\/ul>\n<p class=\"JustifyFull\">In forza dell&rsquo;accordo concluso, ogni anno 15 studenti di Scienze politiche e delle relazioni internazionali dell&rsquo;Universit\u00e0 della Valle d&rsquo;Aosta e 15 studenti della Facult\u00e9 de Droit dell&rsquo;Universit\u00e9 Savoie Mont Blanc possono richiedere di seguire un percorso di studi particolare che prevede la frequenza del\u00a0<span class=\"Bold\">terzo anno<\/span>\u00a0di corso presso l&rsquo;Universit\u00e0 partner. Alla conclusione del triennio, gli studenti di entrambi gli atenei hanno la possibilit\u00e0 di svolgere il proprio lavoro finale di tesi su una delle materie seguite nel triennio, ivi comprese quelle studiate nel corso del proprio periodo di scambio.<\/p>\n<p class=\"JustifyFull\">Sin dall&rsquo;avvio della propria esperienza universitaria gli studenti sono invitati a valutare la possibilit\u00e0 di aderire a tale programma di scambio. Gi\u00e0 alla fine del primo anno di corso viene quindi operata una selezione delle candidature pervenute, al fine di inserire gli studenti in un percorso particolare che permetta di inserirsi in modo positivo nel contesto dell&rsquo;Universit\u00e0 partner.<\/p>\n<p class=\"JustifyFull\">Il percorso di studi elaborato vuole favorire la costruzione, per gli studenti coinvolti, di un profilo professionale assolutamente peculiare che contempli l&rsquo;acquisizione tanto delle competenze e conoscenze proprie dei percorsi di scienze politiche e relazioni internazionali, quanto di quelle pi\u00f9 strettamente connesse ad una formazione giuridica.<\/p>\n<p class=\"JustifyFull\">Il conseguimento di un\u00a0<span class=\"Bold\">duplice titolo di studi<\/span>\u00a0rende particolarmente qualificante il profilo dei laureati che decidano di seguire un simile percorso, non solo rafforzandone la competitivit\u00e0 sul mercato nazionale del lavoro, ma anche aprendo a molteplici possibilit\u00e0 di studio e lavoro a livello internazionale.<\/p>\n","protected":false},"excerpt":{"rendered":"<p>Nell&rsquo;ambito di una convenzione quadro tra l&rsquo;Universit\u00e0 della Valle d&rsquo;Aosta &#8211; Universit\u00e9 de la Vall\u00e9e d&rsquo;Aoste e\u00a0l&rsquo;Universit\u00e9 Savoie Mont Blanc, il Corso di studi di Scienze politiche e delle relazioni internazionali ha concluso con la Facult\u00e9 de Droit di Chamb\u00e9ry un accordo per la realizzazione di un progetto di scambio dei rispettivi studenti volto al [&hellip;]<\/p>\n","protected":false},"author":11,"featured_media":0,"parent":40475,"menu_order":45,"comment_status":"open","ping_status":"closed","template":"page-full-width.php","meta":{"_seopress_robots_primary_cat":"","_seopress_titles_title":"","_seopress_titles_desc":"","_seopress_robots_index":"","footnotes":""},"tags":[],"class_list":["post-40492","page","type-page","status-publish","hentry"],"acf":[],"publishpress_future_action":{"enabled":false,"date":"2026-04-27 21:57:20","action":"change-status","newStatus":"draft","terms":[],"taxonomy":"post_tag","extraData":[]},"publishpress_future_workflow_manual_trigger":{"enabledWorkflows":[]},"_links":{"self":[{"href":"https:\/\/www.univda.it\/fr\/wp-json\/wp\/v2\/pages\/40492","targetHints":{"allow":["GET"]}}],"collection":[{"href":"https:\/\/www.univda.it\/fr\/wp-json\/wp\/v2\/pages"}],"about":[{"href":"https:\/\/www.univda.it\/fr\/wp-json\/wp\/v2\/types\/page"}],"author":[{"embeddable":true,"href":"https:\/\/www.univda.it\/fr\/wp-json\/wp\/v2\/users\/11"}],"replies":[{"embeddable":true,"href":"https:\/\/www.univda.it\/fr\/wp-json\/wp\/v2\/comments?post=40492"}],"version-history":[{"count":1,"href":"https:\/\/www.univda.it\/fr\/wp-json\/wp\/v2\/pages\/40492\/revisions"}],"predecessor-version":[{"id":40493,"href":"https:\/\/www.univda.it\/fr\/wp-json\/wp\/v2\/pages\/40492\/revisions\/40493"}],"up":[{"embeddable":true,"href":"https:\/\/www.univda.it\/fr\/wp-json\/wp\/v2\/pages\/40475"}],"wp:attachment":[{"href":"https:\/\/www.univda.it\/fr\/wp-json\/wp\/v2\/media?parent=40492"}],"wp:term":[{"taxonomy":"post_tag","embeddable":true,"href":"https:\/\/www.univda.it\/fr\/wp-json\/wp\/v2\/tags?post=40492"}],"curies":[{"name":"wp","href":"https:\/\/api.w.org\/{rel}","templated":true}]}}