{"id":40503,"date":"2020-11-09T18:18:11","date_gmt":"2020-11-09T17:18:11","guid":{"rendered":"https:\/\/www.univda.it\/?page_id=40503"},"modified":"2020-11-09T18:18:11","modified_gmt":"2020-11-09T17:18:11","slug":"doppio-diploma-lm56-con-luniversite-nice-cote-dazur","status":"publish","type":"page","link":"https:\/\/www.univda.it\/fr\/services\/mobilite-internationale\/mobilita-internazionali-per-doppi-diplomi\/doppio-diploma-lm56-con-luniversite-nice-cote-dazur\/","title":{"rendered":"Doppio Diploma LM56 con l&rsquo;Universit\u00e9 Nice C\u00f4te d&rsquo;Azur"},"content":{"rendered":"<div class=\"bodyBox clearBig width_100\">\n<p>Nell&rsquo;ambito dell&rsquo;accordo quadro tra l&rsquo;Universit\u00e0 della Valle d&rsquo;Aosta &#8211;\u00a0<span class=\"Bold\">Universit\u00e9 de la Vall\u00e9e d&rsquo;Aoste e l&rsquo;Universit\u00e9 de Nice C\u00f4te d&rsquo;Azur <\/span>, \u00e8 offerta la possibilit\u00e0 di un percorso formativo finalizzato al conseguimento di un doppio titolo di studio:<\/p>\n<ul>\n<li><span class=\"Bold\">Master pro en Langues et affaires internationales, relations franco-italiennes<\/span><\/li>\n<li>Laurea Magistrale in Economia e Politiche del Territorio e dell&rsquo;Impresa<\/li>\n<\/ul>\n<p>Il percorso formativo finalizzato al conseguimento del doppio diploma prevede che, ogni anno, 6 studenti di ciascuna universit\u00e0 frequentino e sostengano gli esami delle attivit\u00e0 didattiche del primo anno del master 1 LEA \/ primo anno della laurea magistrale presso l&rsquo;Universit\u00e0 della Valle d&rsquo;Aosta &#8211; Universit\u00e9 de la Vall\u00e9e d&rsquo;Aoste e che frequentino e sostengano gli esami delle attivit\u00e0 didattiche del secondo anno del\u00a0<a href=\"http:\/\/unice.fr\/formation\/formation-initiale\/hmla12122\">\u00ab\u00a0Master 2 pro Langues et Affaires internationales, relations franco &#8211; italiennes\u00a0\u00bb<\/a> presso l&rsquo;Universit\u00e9 de Nice C\u00f4te d&rsquo;Azur .<\/p>\n<\/div>\n","protected":false},"excerpt":{"rendered":"<p>Nell&rsquo;ambito dell&rsquo;accordo quadro tra l&rsquo;Universit\u00e0 della Valle d&rsquo;Aosta &#8211;\u00a0Universit\u00e9 de la Vall\u00e9e d&rsquo;Aoste e l&rsquo;Universit\u00e9 de Nice C\u00f4te d&rsquo;Azur , \u00e8 offerta la possibilit\u00e0 di un percorso formativo finalizzato al conseguimento di un doppio titolo di studio: Master pro en Langues et affaires internationales, relations franco-italiennes Laurea Magistrale in Economia e Politiche del Territorio e [&hellip;]<\/p>\n","protected":false},"author":11,"featured_media":0,"parent":40475,"menu_order":65,"comment_status":"open","ping_status":"closed","template":"page-full-width.php","meta":{"_seopress_robots_primary_cat":"","_seopress_titles_title":"","_seopress_titles_desc":"","_seopress_robots_index":"","footnotes":""},"tags":[],"class_list":["post-40503","page","type-page","status-publish","hentry"],"acf":[],"publishpress_future_action":{"enabled":false,"date":"2026-04-27 21:55:12","action":"change-status","newStatus":"draft","terms":[],"taxonomy":"post_tag","extraData":[]},"publishpress_future_workflow_manual_trigger":{"enabledWorkflows":[]},"_links":{"self":[{"href":"https:\/\/www.univda.it\/fr\/wp-json\/wp\/v2\/pages\/40503","targetHints":{"allow":["GET"]}}],"collection":[{"href":"https:\/\/www.univda.it\/fr\/wp-json\/wp\/v2\/pages"}],"about":[{"href":"https:\/\/www.univda.it\/fr\/wp-json\/wp\/v2\/types\/page"}],"author":[{"embeddable":true,"href":"https:\/\/www.univda.it\/fr\/wp-json\/wp\/v2\/users\/11"}],"replies":[{"embeddable":true,"href":"https:\/\/www.univda.it\/fr\/wp-json\/wp\/v2\/comments?post=40503"}],"version-history":[{"count":1,"href":"https:\/\/www.univda.it\/fr\/wp-json\/wp\/v2\/pages\/40503\/revisions"}],"predecessor-version":[{"id":40504,"href":"https:\/\/www.univda.it\/fr\/wp-json\/wp\/v2\/pages\/40503\/revisions\/40504"}],"up":[{"embeddable":true,"href":"https:\/\/www.univda.it\/fr\/wp-json\/wp\/v2\/pages\/40475"}],"wp:attachment":[{"href":"https:\/\/www.univda.it\/fr\/wp-json\/wp\/v2\/media?parent=40503"}],"wp:term":[{"taxonomy":"post_tag","embeddable":true,"href":"https:\/\/www.univda.it\/fr\/wp-json\/wp\/v2\/tags?post=40503"}],"curies":[{"name":"wp","href":"https:\/\/api.w.org\/{rel}","templated":true}]}}