{"id":40511,"date":"2020-11-09T18:23:00","date_gmt":"2020-11-09T17:23:00","guid":{"rendered":"https:\/\/www.univda.it\/?page_id=40511"},"modified":"2020-11-09T18:23:00","modified_gmt":"2020-11-09T17:23:00","slug":"doppio-diploma-lm56-con-luniversite-savoie-mont-blanc","status":"publish","type":"page","link":"https:\/\/www.univda.it\/fr\/services\/mobilite-internationale\/mobilita-internazionali-per-doppi-diplomi\/doppio-diploma-lm56-con-luniversite-savoie-mont-blanc\/","title":{"rendered":"Doppio Diploma LM56 con l&rsquo;Universit\u00e9 Savoie Mont Blanc"},"content":{"rendered":"<div class=\"bodyBox clearBig width_100\">\n<p>Nell&rsquo;ambito dell&rsquo;accordo quadro tra l&rsquo;Universit\u00e0 della Valle d&rsquo;Aosta &#8211; Universit\u00e9 de la Vall\u00e9e d&rsquo;Aoste e l&rsquo;Universit\u00e9 Savoie Mont Blanc di Chamb\u00e9ry, \u00e8 offerta la possibilit\u00e0 di un percorso formativo finalizzato al conseguimento di un doppio titolo di studio:<\/p>\n<ul>\n<li><span class=\"Bold\">Master en Langues \u00e9trang\u00e8res appliqu\u00e9s \u00e0 l&rsquo;internationalisation des organizations<\/span>\u00a0 (parcours D\u00e9veloppement et internationalisation des entreprises et des territories)<\/li>\n<li>Laurea Magistrale in Economia e Politiche del Territorio e dell&rsquo;Impresa<\/li>\n<\/ul>\n<p>Il percorso formativo finalizzato al conseguimento del doppio diploma prevede che, ogni anno, 5 studenti di ciascuna universit\u00e0 frequentino e sostengano gli esami delle attivit\u00e0 didattiche del primo anno del master 1 LEA \/ primo anno della laurea magistrale presso l&rsquo;Universit\u00e0 della Valle d&rsquo;Aosta &#8211; Universit\u00e9 de la Vall\u00e9e d&rsquo;Aoste e che frequentino e sostengano gli esami delle attivit\u00e0 didattiche del secondo anno del\u00a0<a href=\"http:\/\/formations.univ-smb.fr\/fr\/catalogue\/master-XB\/arts-lettres-langues-ALL\/master-langues-etrangeres-appliquees-m1-m2-program-master-langues-etrangeres-appliquees.html\">\u00ab\u00a0Master 2 en Langues \u00e9trang\u00e8res appliqu\u00e9es \u00e0 l&rsquo;internationalisation des organisations\u00a0\u00bb<\/a>\u00a0presso l&rsquo;Universit\u00e9 Savoie Mont Blanc di Chamb\u00e9ry.<\/p>\n<\/div>\n","protected":false},"excerpt":{"rendered":"<p>Nell&rsquo;ambito dell&rsquo;accordo quadro tra l&rsquo;Universit\u00e0 della Valle d&rsquo;Aosta &#8211; Universit\u00e9 de la Vall\u00e9e d&rsquo;Aoste e l&rsquo;Universit\u00e9 Savoie Mont Blanc di Chamb\u00e9ry, \u00e8 offerta la possibilit\u00e0 di un percorso formativo finalizzato al conseguimento di un doppio titolo di studio: Master en Langues \u00e9trang\u00e8res appliqu\u00e9s \u00e0 l&rsquo;internationalisation des organizations\u00a0 (parcours D\u00e9veloppement et internationalisation des entreprises et des [&hellip;]<\/p>\n","protected":false},"author":11,"featured_media":0,"parent":40475,"menu_order":55,"comment_status":"open","ping_status":"closed","template":"page-full-width.php","meta":{"_seopress_robots_primary_cat":"","_seopress_titles_title":"","_seopress_titles_desc":"","_seopress_robots_index":"","footnotes":""},"tags":[],"class_list":["post-40511","page","type-page","status-publish","hentry"],"acf":[],"publishpress_future_action":{"enabled":false,"date":"2026-04-23 22:23:22","action":"change-status","newStatus":"draft","terms":[],"taxonomy":"post_tag","extraData":[]},"publishpress_future_workflow_manual_trigger":{"enabledWorkflows":[]},"_links":{"self":[{"href":"https:\/\/www.univda.it\/fr\/wp-json\/wp\/v2\/pages\/40511","targetHints":{"allow":["GET"]}}],"collection":[{"href":"https:\/\/www.univda.it\/fr\/wp-json\/wp\/v2\/pages"}],"about":[{"href":"https:\/\/www.univda.it\/fr\/wp-json\/wp\/v2\/types\/page"}],"author":[{"embeddable":true,"href":"https:\/\/www.univda.it\/fr\/wp-json\/wp\/v2\/users\/11"}],"replies":[{"embeddable":true,"href":"https:\/\/www.univda.it\/fr\/wp-json\/wp\/v2\/comments?post=40511"}],"version-history":[{"count":1,"href":"https:\/\/www.univda.it\/fr\/wp-json\/wp\/v2\/pages\/40511\/revisions"}],"predecessor-version":[{"id":40512,"href":"https:\/\/www.univda.it\/fr\/wp-json\/wp\/v2\/pages\/40511\/revisions\/40512"}],"up":[{"embeddable":true,"href":"https:\/\/www.univda.it\/fr\/wp-json\/wp\/v2\/pages\/40475"}],"wp:attachment":[{"href":"https:\/\/www.univda.it\/fr\/wp-json\/wp\/v2\/media?parent=40511"}],"wp:term":[{"taxonomy":"post_tag","embeddable":true,"href":"https:\/\/www.univda.it\/fr\/wp-json\/wp\/v2\/tags?post=40511"}],"curies":[{"name":"wp","href":"https:\/\/api.w.org\/{rel}","templated":true}]}}