{"id":42226,"date":"2021-02-02T15:57:11","date_gmt":"2021-02-02T14:57:11","guid":{"rendered":"https:\/\/www.univda.it\/?page_id=42226"},"modified":"2021-02-02T15:57:11","modified_gmt":"2021-02-02T14:57:11","slug":"mobilite-chez-luniversite-du-quebec-a-chicoutimi","status":"publish","type":"page","link":"https:\/\/www.univda.it\/fr\/services\/mobilite-internationale\/mobilite-chez-luniversite-du-quebec-a-chicoutimi\/","title":{"rendered":"Mobilit\u00e9 chez l\u2019Universit\u00e9 du Qu\u00e9bec \u00e0 Chicoutimi"},"content":{"rendered":"","protected":false},"excerpt":{"rendered":"","protected":false},"author":525,"featured_media":0,"parent":5164,"menu_order":45,"comment_status":"open","ping_status":"closed","template":"page-full-width.php","meta":{"_seopress_robots_primary_cat":"","_seopress_titles_title":"","_seopress_titles_desc":"","_seopress_robots_index":"","footnotes":""},"tags":[],"class_list":["post-42226","page","type-page","status-publish","hentry"],"acf":[],"publishpress_future_action":{"enabled":false,"date":"2026-05-09 10:47:08","action":"change-status","newStatus":"draft","terms":[],"taxonomy":"post_tag","extraData":[]},"publishpress_future_workflow_manual_trigger":{"enabledWorkflows":[]},"_links":{"self":[{"href":"https:\/\/www.univda.it\/fr\/wp-json\/wp\/v2\/pages\/42226","targetHints":{"allow":["GET"]}}],"collection":[{"href":"https:\/\/www.univda.it\/fr\/wp-json\/wp\/v2\/pages"}],"about":[{"href":"https:\/\/www.univda.it\/fr\/wp-json\/wp\/v2\/types\/page"}],"author":[{"embeddable":true,"href":"https:\/\/www.univda.it\/fr\/wp-json\/wp\/v2\/users\/525"}],"replies":[{"embeddable":true,"href":"https:\/\/www.univda.it\/fr\/wp-json\/wp\/v2\/comments?post=42226"}],"version-history":[{"count":1,"href":"https:\/\/www.univda.it\/fr\/wp-json\/wp\/v2\/pages\/42226\/revisions"}],"predecessor-version":[{"id":42227,"href":"https:\/\/www.univda.it\/fr\/wp-json\/wp\/v2\/pages\/42226\/revisions\/42227"}],"up":[{"embeddable":true,"href":"https:\/\/www.univda.it\/fr\/wp-json\/wp\/v2\/pages\/5164"}],"wp:attachment":[{"href":"https:\/\/www.univda.it\/fr\/wp-json\/wp\/v2\/media?parent=42226"}],"wp:term":[{"taxonomy":"post_tag","embeddable":true,"href":"https:\/\/www.univda.it\/fr\/wp-json\/wp\/v2\/tags?post=42226"}],"curies":[{"name":"wp","href":"https:\/\/api.w.org\/{rel}","templated":true}]}}