{"id":5164,"date":"2018-11-30T13:57:23","date_gmt":"2018-11-30T12:57:23","guid":{"rendered":"https:\/\/www.univda.it\/?page_id=5164"},"modified":"2020-10-29T13:57:08","modified_gmt":"2020-10-29T12:57:08","slug":"mobilite-internationale","status":"publish","type":"page","link":"https:\/\/www.univda.it\/fr\/services\/mobilite-internationale\/","title":{"rendered":"Mobilit\u00e9 internationale"},"content":{"rendered":"<p>Le bureau est comp\u00e9tent pour toutes les questions d\u2019ordre administratif. Il assure le lien avec votre \u00e9tablissement d\u2019accueil.<\/p>\n<p>Il est \u00e0 votre disposition avant, pendant et apr\u00e8s votre mobilit\u00e9.<\/p>\n<div class=\"bodyBox\">\n<p>&nbsp;<\/p>\n<p><strong>Contacts :<br \/>\n<\/strong><span class=\"Bold\">Ufficio Mobilit\u00e0 e Placement<br \/>\n<\/span>Loc. Le Grand-Chemin 181 \u2013 11020 Saint-Christophe (AO)<br \/>\ntel: 0165 1875300;<br \/>\ne-mail:\u00a0<a href=\"mailto:mobilita@univda.it\"><u>mobilita@univda.it<\/u><\/a>\u00a0<u><\/u><\/p>\n<\/div>\n<div class=\"bodyBox\">\n<p>&nbsp;<\/p>\n<\/div>\n","protected":false},"excerpt":{"rendered":"<p>Le bureau est comp\u00e9tent pour toutes les questions d\u2019ordre administratif. Il assure le lien avec votre \u00e9tablissement d\u2019accueil. Il est \u00e0 votre disposition avant, pendant et apr\u00e8s votre mobilit\u00e9. &nbsp; Contacts : Ufficio Mobilit\u00e0 e Placement Loc. Le Grand-Chemin 181 \u2013 11020 Saint-Christophe (AO) tel: 0165 1875300; e-mail:\u00a0mobilita@univda.it\u00a0 &nbsp;<\/p>\n","protected":false},"author":1,"featured_media":0,"parent":4448,"menu_order":112,"comment_status":"open","ping_status":"closed","template":"page-sidebar-child.php","meta":{"_seopress_robots_primary_cat":"","_seopress_titles_title":"","_seopress_titles_desc":"","_seopress_robots_index":"","footnotes":""},"tags":[],"class_list":["post-5164","page","type-page","status-publish","hentry"],"acf":[],"publishpress_future_action":{"enabled":false,"date":"2026-04-14 17:56:27","action":"change-status","newStatus":"draft","terms":[],"taxonomy":"post_tag","extraData":[]},"publishpress_future_workflow_manual_trigger":{"enabledWorkflows":[]},"_links":{"self":[{"href":"https:\/\/www.univda.it\/fr\/wp-json\/wp\/v2\/pages\/5164","targetHints":{"allow":["GET"]}}],"collection":[{"href":"https:\/\/www.univda.it\/fr\/wp-json\/wp\/v2\/pages"}],"about":[{"href":"https:\/\/www.univda.it\/fr\/wp-json\/wp\/v2\/types\/page"}],"author":[{"embeddable":true,"href":"https:\/\/www.univda.it\/fr\/wp-json\/wp\/v2\/users\/1"}],"replies":[{"embeddable":true,"href":"https:\/\/www.univda.it\/fr\/wp-json\/wp\/v2\/comments?post=5164"}],"version-history":[{"count":5,"href":"https:\/\/www.univda.it\/fr\/wp-json\/wp\/v2\/pages\/5164\/revisions"}],"predecessor-version":[{"id":40208,"href":"https:\/\/www.univda.it\/fr\/wp-json\/wp\/v2\/pages\/5164\/revisions\/40208"}],"up":[{"embeddable":true,"href":"https:\/\/www.univda.it\/fr\/wp-json\/wp\/v2\/pages\/4448"}],"wp:attachment":[{"href":"https:\/\/www.univda.it\/fr\/wp-json\/wp\/v2\/media?parent=5164"}],"wp:term":[{"taxonomy":"post_tag","embeddable":true,"href":"https:\/\/www.univda.it\/fr\/wp-json\/wp\/v2\/tags?post=5164"}],"curies":[{"name":"wp","href":"https:\/\/api.w.org\/{rel}","templated":true}]}}