{"id":5475,"date":"2018-12-12T21:02:01","date_gmt":"2018-12-12T20:02:01","guid":{"rendered":"https:\/\/www.univda.it\/?page_id=5475"},"modified":"2024-06-12T09:36:24","modified_gmt":"2024-06-12T07:36:24","slug":"pluridisciplinaire","status":"publish","type":"page","link":"https:\/\/www.univda.it\/fr\/services\/bibliotheque\/ressources-en-ligne\/pluridisciplinaire\/","title":{"rendered":"Pluridisciplinaire"},"content":{"rendered":"<ul>\n<li><strong><a href=\"http:\/\/www.artelittera.com\/\">Artelittera.com<\/a><\/strong><\/li>\n<\/ul>\n<p>Ce site permet de t\u00e9l\u00e9charger \u00e0 prix modique des chapitres isol\u00e9s de livres et d&rsquo;autres essais en fran\u00e7ais, en anglais, en allemand et en espagnol.<\/p>\n<ul>\n<li><a href=\"http:\/\/cordela.regione.vda.it\/home.aspx\"><span class=\"Bold\">Cordela<\/span><\/a>\u00a0&#8211;\u00a0<span class=\"Bold\">Biblioth\u00e8que\u00a0num\u00e9rique vald\u00f4taine<\/span><\/li>\n<\/ul>\n<div>\n<p class=\"JustifyFull\">Cordela rassemble les documents num\u00e9riques de la Biblioth\u00e8que r\u00e9gionale Bruno Salvadori et des Archives historiques r\u00e9gionales d&rsquo;Aoste. N\u00e9e apr\u00e8s plusieurs campagnes de num\u00e9risation des p\u00e9riodiques locaux lanc\u00e9es en 2012, Cordela s&rsquo;est ensuite d\u00e9velopp\u00e9e au point qu&rsquo;elle propose aujourd&rsquo;hui divers types de documents\u00a0en format num\u00e9rique: journaux et revues, manuscrits, livres, cartes historiques, affiches, estampes et dessins. Son d\u00e9veloppement se poursuivra r\u00e9guli\u00e8rement au cours des prochaines ann\u00e9es, essentiellement pour mettre \u00e0 la disposition du public des livres anciens et pr\u00e9cieux d&rsquo;int\u00e9r\u00eat local, ainsi que les principales sources d&rsquo;archives de l&rsquo;histoire vald\u00f4taine<\/p>\n<\/div>\n<ul>\n<li><a href=\"http:\/\/www.doabooks.org\/doab\"><b>DOAB<\/b><\/a><\/li>\n<\/ul>\n<div><b>Directory of Open Access Books<\/b>.\u00a0R\u00e9alis\u00e9 par l&rsquo;Open Access Publishing in\u00a0European Networks (OAPEN\u00a0http:\/\/www.oapen.org\/home), ce site Web donne libre acc\u00e8s \u00e0 750 monographies en version int\u00e9grale publi\u00e9es par 20 \u00e9diteurs en Sciences humaines et sociales.<\/div>\n<ul>\n<li><strong><a href=\"http:\/\/www.doaj.org\/\">DOAJ<\/a><\/strong><\/li>\n<\/ul>\n<p><strong>Directory of Open Access Journals<\/strong>. Il permet d&rsquo;effectuer des recherches dans de nombreuses revues en acc\u00e8s libre couvrant de multiples disciplines, en mettant \u00e0 disposition des articles en texte int\u00e9gral\u00a0(parmi les\u00a0sujets de pr\u00e9dilection pour notre Universit\u00e9, nous rappelons \u00ab\u00a0Business and Economics\u00a0\u00bb, \u00ab\u00a0Earth and Environmental Sciences\u00a0\u00bb, \u00ab\u00a0Languages and Literatures\u00a0\u00bb, \u00ab\u00a0Mathematics and Statistics\u00a0\u00bb, \u00ab\u00a0Social Sciences\u00a0\u00bb).<\/p>\n<ul>\n<li><strong><a href=\"http:\/\/www.opendoar.org\/\">OpenDOAR<\/a><\/strong><\/li>\n<\/ul>\n<p><b>Directory of Open Access Repository<\/b>. D\u00e9velopp\u00e9 par l&rsquo;Universit\u00e9 de Nottingham, ce site est un r\u00e9pertoire mondial de sites acad\u00e9miques d&rsquo;archives ouvertes. Pour chaque archive il fournit une fiche descriptive ainsi que l&rsquo;adresse URL de r\u00e9f\u00e9rence.<\/p>\n<ul>\n<li><span class=\"Bold\"><a href=\"http:\/\/www.eduopen.org\/\">EduOpen<\/a><\/span><\/li>\n<\/ul>\n<p>EduOpen \u00e8 una rete di atenei che offre corsi online di livello universitario. La frequenza ai corsi \u00e8 aperta a tutti &#8211;\u00a0anche a non studenti universitari &#8211;\u00a0ed \u00e8 gratuita. Gli \u00ab\u00a0studenti\u00a0\u00bb possono ottenere, alla fine del percorso, vari livelli di attestati o certificati: Attestato di Partecipazione, Certificato Verificato o Crediti Formativi Universitari (CFU). Tutti gli \u00ab\u00a0studenti\u00a0\u00bb che completano un corso riceveranno anche un Digital Badge rilasciato dalla piattaforma Bestr del CINECA<\/p>\n<ul>\n<li><strong><a href=\"http:\/\/eprints.rclis.org\/\">E-Lis<\/a><\/strong><\/li>\n<\/ul>\n<div>Archives ouvertes en biblioth\u00e9conomie, bibliographie et sciences de l&rsquo;information et de la communication, aliment\u00e9 par le CILEA (Consortio Interuniversitario Lombardo per l&rsquo;Elaborazione Automatica). L&rsquo;auto-archivage (les auteurs d\u00e9posent eux-m\u00eames leurs travaux dans les archives) s&rsquo;appuie sur un sch\u00e9ma de m\u00e9tadonn\u00e9es qui regroupe les documents par domaines, ce qui facilite l&rsquo;\u00e9valuation par les pairs et garantit la diffusion de mat\u00e9riel valid\u00e9 scientifiquement.<\/div>\n<div>\n<div><\/div>\n<ul>\n<li><strong><a href=\"http:\/\/books.google.com\/\">Google Libri<\/a><\/strong><\/li>\n<\/ul>\n<\/div>\n<p>Il permet de rechercher un livre et d&rsquo;obtenir des informations sur les librairies et les biblioth\u00e8ques qui le poss\u00e8dent, ainsi que sur les librairies en ligne qui le vendent.<\/p>\n<ul>\n<li><a href=\"http:\/\/scholar.google.it\/\"><strong>Google Scholar<\/strong><\/a><\/li>\n<\/ul>\n<p>Il permet d&rsquo;effectuer des recherches \u00e9tendues sur la litt\u00e9rature acad\u00e9mique, notamment sur des documents qui ne sont pas faciles \u00e0 localiser, tels que, par exemple, des documents destin\u00e9s \u00e0 \u00eatre publi\u00e9s, des th\u00e8ses, des r\u00e9sum\u00e9s et des articles provenant d&rsquo;\u00e9diteurs universitaires, d&rsquo;associations professionnelles, de bases de donn\u00e9es d&rsquo;\u00e9tudes en attente de publication, d&rsquo;universit\u00e9s et d&rsquo;autres organismes universitaires.<\/p>\n<ul>\n<li><a href=\"http:\/\/halshs.archives-ouvertes.fr\/\"><strong>HAL-SHS<\/strong><\/a><\/li>\n<\/ul>\n<p>Hyper article en ligne &#8211;\u00a0 Sciences de l&rsquo;homme et de la soci\u00e9t\u00e9. Archives fran\u00e7aises en libre acc\u00e8s qui mettent \u00e0 disposition des contenus scientifiques relevant de plusieurs domaines.<\/p>\n<ul>\n<li><a href=\"http:\/\/www.jstor.org\/\"><strong>JSTOR<\/strong><\/a>&#8211; Accessible exclusivement depuis le r\u00e9seau de l&rsquo;Universit\u00e9<\/li>\n<\/ul>\n<p>Archives de publications p\u00e9riodiques. Les collections actuellement disponibles par abonnement (Arts &amp; Sciences Collections I, II, III, IV, V, VI, VII) abordent diff\u00e9rents sujets, tels que Business &amp; Economics, Education, History, Language &amp; Literature, Law, Music, Political Science.<\/p>\n<ul>\n<li>\u00a0<strong><a href=\"http:\/\/www.oclc.org\/oaister\/default.htm\">OAIster<\/a><\/strong><\/li>\n<\/ul>\n<p>(Open Access Initiative)\u00a0Il permet d&rsquo;effectuer des recherches dans de nombreuses ressources en libre acc\u00e8s \u00e0 partir d&rsquo;un catalogue collectif auquel contribuent des institutions du monde entier.<\/p>\n<ul>\n<li><b><a href=\"http:\/\/www.openarchives.it\/pleiadi\/\">PLEIADI<\/a>\u00a0(<strong>Portale per la Letteratura scientifica Elettronica Italiana su Archivi aperti e Depositi Istituzionali)<\/strong><\/b><\/li>\n<\/ul>\n<div>Plateforme nationale pour l&rsquo;acc\u00e8s centralis\u00e9 \u00e0 la production scientifique d\u00e9pos\u00e9e dans les archives ouvertes italiennes.<\/div>\n<div>\n<ul>\n<li><a href=\"http:\/\/www.rivisteweb.it\/\"><strong>Rivisteweb<\/strong><\/a>\u00a0&#8211; Accessible exclusivement depuis le r\u00e9seau de l&rsquo;Universit\u00e9<\/li>\n<\/ul>\n<p>Acc\u00e8s \u00e0 la version num\u00e9rique des revues publi\u00e9es par l&rsquo;\u00e9diteur italien \u00ab\u00a0Il Mulino\u00a0\u00bb, avec possibilit\u00e9 de t\u00e9l\u00e9chargement des articles.<\/p>\n<\/div>\n<ul>\n<li><a href=\"http:\/\/www.sapub.org\/journal\/index.aspx\"><strong>Scientific &amp; Academic publishing\u00a0<\/strong><\/a><\/li>\n<\/ul>\n<div>Scientific\u00a0&amp; Academic Publishing (SAP) est un \u00e9diteur de revues en libre acc\u00e8s qui couvrent un large \u00e9ventail de disciplines. Le site permet d&rsquo;acc\u00e9der gratuitement aux articles des revues. Parmi les sujets de pr\u00e9dilection pour notre Universit\u00e9, nous signalons \u00ab\u00a0Business &amp; Management\u00a0\u00bb, \u00ab\u00a0Education\u00a0\u00bb, \u00ab\u00a0Environmental Sciences\u00a0\u00bb, \u00ab\u00a0Mathematics &amp; Statistics\u00a0\u00bb, \u00ab\u00a0Psychology.<\/div>\n<div><\/div>\n<div>\n<ul>\n<li><a href=\"http:\/\/www.ssrn.com\/\"><b>Social Science Research Network<\/b><\/a><\/li>\n<\/ul>\n<div>Social Science Research Network (SSRN) est un r\u00e9seau international de collaboration qui a pour objectif la mise en ligne la plus rapide possible des r\u00e9sultats de recherche en sciences sociales en s&rsquo;appuyant sur le partage de documents en pr\u00e9-publication et de publications universitaires en version int\u00e9grale et sur la communication directe entre lecteurs et auteurs. Conform\u00e9ment \u00e0 la l\u00e9gislation en mati\u00e8re de copyright, marques et brevets, les auteurs peuvent charger leurs travaux en pdf, la plupart t\u00e9l\u00e9chargeable gratuitement.<br \/>\nLe SSRN se compose de 11 r\u00e9seaux de recherche sp\u00e9cialis\u00e9s dans chacune des disciplines du domaine.<\/div>\n<\/div>\n<ul>\n<li><a href=\"http:\/\/www.treccani.it\/\"><strong>Treccani<\/strong><\/a><\/li>\n<\/ul>\n<p>Encyclop\u00e9die et dictionnaire d&rsquo;italien.<\/p>\n","protected":false},"excerpt":{"rendered":"<p>Artelittera.com Ce site permet de t\u00e9l\u00e9charger \u00e0 prix modique des chapitres isol\u00e9s de livres et d&rsquo;autres essais en fran\u00e7ais, en anglais, en allemand et en espagnol. Cordela\u00a0&#8211;\u00a0Biblioth\u00e8que\u00a0num\u00e9rique vald\u00f4taine Cordela rassemble les documents num\u00e9riques de la Biblioth\u00e8que r\u00e9gionale Bruno Salvadori et des Archives historiques r\u00e9gionales d&rsquo;Aoste. N\u00e9e apr\u00e8s plusieurs campagnes de num\u00e9risation des p\u00e9riodiques locaux lanc\u00e9es [&hellip;]<\/p>\n","protected":false},"author":1,"featured_media":0,"parent":5467,"menu_order":0,"comment_status":"closed","ping_status":"closed","template":"page-full-width.php","meta":{"_seopress_robots_primary_cat":"","_seopress_titles_title":"%%title%% %%sep%% Universit\u00e9 de la Vall\u00e9e d'Aoste","_seopress_titles_desc":"Dans cette section vous pouvez trover les ressources \u00e0 caract\u00e8re pluridisciplinaire pour les \u00e9tudiants de l'Universit\u00e9 de la Vall\u00e9e d'Aoste","_seopress_robots_index":"","footnotes":""},"tags":[],"class_list":["post-5475","page","type-page","status-publish","hentry"],"acf":[],"publishpress_future_action":{"enabled":false,"date":"2026-04-24 01:20:44","action":"change-status","newStatus":"draft","terms":[],"taxonomy":"post_tag","extraData":[]},"publishpress_future_workflow_manual_trigger":{"enabledWorkflows":[]},"_links":{"self":[{"href":"https:\/\/www.univda.it\/fr\/wp-json\/wp\/v2\/pages\/5475","targetHints":{"allow":["GET"]}}],"collection":[{"href":"https:\/\/www.univda.it\/fr\/wp-json\/wp\/v2\/pages"}],"about":[{"href":"https:\/\/www.univda.it\/fr\/wp-json\/wp\/v2\/types\/page"}],"author":[{"embeddable":true,"href":"https:\/\/www.univda.it\/fr\/wp-json\/wp\/v2\/users\/1"}],"replies":[{"embeddable":true,"href":"https:\/\/www.univda.it\/fr\/wp-json\/wp\/v2\/comments?post=5475"}],"version-history":[{"count":1,"href":"https:\/\/www.univda.it\/fr\/wp-json\/wp\/v2\/pages\/5475\/revisions"}],"predecessor-version":[{"id":5476,"href":"https:\/\/www.univda.it\/fr\/wp-json\/wp\/v2\/pages\/5475\/revisions\/5476"}],"up":[{"embeddable":true,"href":"https:\/\/www.univda.it\/fr\/wp-json\/wp\/v2\/pages\/5467"}],"wp:attachment":[{"href":"https:\/\/www.univda.it\/fr\/wp-json\/wp\/v2\/media?parent=5475"}],"wp:term":[{"taxonomy":"post_tag","embeddable":true,"href":"https:\/\/www.univda.it\/fr\/wp-json\/wp\/v2\/tags?post=5475"}],"curies":[{"name":"wp","href":"https:\/\/api.w.org\/{rel}","templated":true}]}}