{"id":5836,"date":"2018-12-13T10:28:36","date_gmt":"2018-12-13T09:28:36","guid":{"rendered":"https:\/\/www.univda.it\/?page_id=5836"},"modified":"2020-11-09T11:23:47","modified_gmt":"2020-11-09T10:23:47","slug":"autres-subventions","status":"publish","type":"page","link":"https:\/\/www.univda.it\/fr\/services\/mobilite-internationale\/autres-subventions\/","title":{"rendered":"Autres subventions pour stages"},"content":{"rendered":"<p>l&rsquo;Universit\u00e0 della Valle d&rsquo;Aosta- Universit\u00e9 de la Vall\u00e9e d&rsquo;Aoste mis \u00e0 disposition de ses \u00e9tudiants des bourses de mobilit\u00e9 pour des stages \u00e0 l&rsquo;\u00e9tranger, hors des pays de l&rsquo;UE.<\/p>\n<p>&nbsp;<\/p>\n","protected":false},"excerpt":{"rendered":"<p>l&rsquo;Universit\u00e0 della Valle d&rsquo;Aosta- Universit\u00e9 de la Vall\u00e9e d&rsquo;Aoste mis \u00e0 disposition de ses \u00e9tudiants des bourses de mobilit\u00e9 pour des stages \u00e0 l&rsquo;\u00e9tranger, hors des pays de l&rsquo;UE. &nbsp;<\/p>\n","protected":false},"author":1,"featured_media":0,"parent":5164,"menu_order":0,"comment_status":"open","ping_status":"closed","template":"page-full-width.php","meta":{"_seopress_robots_primary_cat":"","_seopress_titles_title":"%%title%% %%sep%% Universit\u00e9 de la Vall\u00e9e d'Aoste","_seopress_titles_desc":"Pour l'ann\u00e9e 2013\/2014, l'Universit\u00e9 a mis \u00e0 la disposition des \u00e9tudiants r\u00e9guli\u00e8rement inscrits des bourses de mobilit\u00e9 pour des stages \u00e0 l'\u00e9tranger.","_seopress_robots_index":"","footnotes":""},"tags":[],"class_list":["post-5836","page","type-page","status-publish","hentry"],"acf":[],"publishpress_future_action":{"enabled":false,"date":"2026-04-12 21:07:25","action":"change-status","newStatus":"draft","terms":[],"taxonomy":"post_tag","extraData":[]},"publishpress_future_workflow_manual_trigger":{"enabledWorkflows":[]},"_links":{"self":[{"href":"https:\/\/www.univda.it\/fr\/wp-json\/wp\/v2\/pages\/5836","targetHints":{"allow":["GET"]}}],"collection":[{"href":"https:\/\/www.univda.it\/fr\/wp-json\/wp\/v2\/pages"}],"about":[{"href":"https:\/\/www.univda.it\/fr\/wp-json\/wp\/v2\/types\/page"}],"author":[{"embeddable":true,"href":"https:\/\/www.univda.it\/fr\/wp-json\/wp\/v2\/users\/1"}],"replies":[{"embeddable":true,"href":"https:\/\/www.univda.it\/fr\/wp-json\/wp\/v2\/comments?post=5836"}],"version-history":[{"count":3,"href":"https:\/\/www.univda.it\/fr\/wp-json\/wp\/v2\/pages\/5836\/revisions"}],"predecessor-version":[{"id":40460,"href":"https:\/\/www.univda.it\/fr\/wp-json\/wp\/v2\/pages\/5836\/revisions\/40460"}],"up":[{"embeddable":true,"href":"https:\/\/www.univda.it\/fr\/wp-json\/wp\/v2\/pages\/5164"}],"wp:attachment":[{"href":"https:\/\/www.univda.it\/fr\/wp-json\/wp\/v2\/media?parent=5836"}],"wp:term":[{"taxonomy":"post_tag","embeddable":true,"href":"https:\/\/www.univda.it\/fr\/wp-json\/wp\/v2\/tags?post=5836"}],"curies":[{"name":"wp","href":"https:\/\/api.w.org\/{rel}","templated":true}]}}