{"id":5859,"date":"2018-12-13T10:45:04","date_gmt":"2018-12-13T09:45:04","guid":{"rendered":"https:\/\/www.univda.it\/?page_id=5859"},"modified":"2023-02-24T10:35:17","modified_gmt":"2023-02-24T09:35:17","slug":"stages-et-insertion-professionnelle","status":"publish","type":"page","link":"https:\/\/www.univda.it\/fr\/services\/stages-et-insertion-professionnelle\/","title":{"rendered":"Stages et insertion professionnelle"},"content":{"rendered":"<p>Pour plus d&rsquo;informations :<\/p>\n<div><\/div>\n<div>Orientation des \u00e9tudiants et Relations Universit\u00e9-entreprises<\/div>\n<div>73\/75, Grand Chemin &#8211; Saint Christophe (AO)<\/div>\n<div>t\u00e9l : + 39 0165 066728-30<\/div>\n<div>courrier \u00e9lectronique :\u00a0<a href=\"mailto:u-placement@univda.it\">u-placement@univda.it<\/a><\/div>\n","protected":false},"excerpt":{"rendered":"<p>Pour plus d&rsquo;informations : Orientation des \u00e9tudiants et Relations Universit\u00e9-entreprises 73\/75, Grand Chemin &#8211; Saint Christophe (AO) t\u00e9l : + 39 0165 066728-30 courrier \u00e9lectronique :\u00a0u-placement@univda.it<\/p>\n","protected":false},"author":1,"featured_media":0,"parent":4448,"menu_order":131,"comment_status":"closed","ping_status":"closed","template":"page-sidebar-child.php","meta":{"_seopress_robots_primary_cat":"","_seopress_titles_title":"%%title%% %%sep%% Universit\u00e9 de la Vall\u00e9e d&#039;Aoste","_seopress_titles_desc":"Toute les informations pour le stages et les insertion professionnelle disponibles pour les \u00e9tudiants de l&#039;Universit\u00e9 de la Vall\u00e9e d&#039;Aoste","_seopress_robots_index":"","footnotes":""},"tags":[],"class_list":["post-5859","page","type-page","status-publish","hentry"],"acf":[],"publishpress_future_action":{"enabled":false,"date":"2026-04-22 22:48:25","action":"change-status","newStatus":"draft","terms":[],"taxonomy":"post_tag","extraData":[]},"publishpress_future_workflow_manual_trigger":{"enabledWorkflows":[]},"_links":{"self":[{"href":"https:\/\/www.univda.it\/fr\/wp-json\/wp\/v2\/pages\/5859","targetHints":{"allow":["GET"]}}],"collection":[{"href":"https:\/\/www.univda.it\/fr\/wp-json\/wp\/v2\/pages"}],"about":[{"href":"https:\/\/www.univda.it\/fr\/wp-json\/wp\/v2\/types\/page"}],"author":[{"embeddable":true,"href":"https:\/\/www.univda.it\/fr\/wp-json\/wp\/v2\/users\/1"}],"replies":[{"embeddable":true,"href":"https:\/\/www.univda.it\/fr\/wp-json\/wp\/v2\/comments?post=5859"}],"version-history":[{"count":1,"href":"https:\/\/www.univda.it\/fr\/wp-json\/wp\/v2\/pages\/5859\/revisions"}],"predecessor-version":[{"id":5860,"href":"https:\/\/www.univda.it\/fr\/wp-json\/wp\/v2\/pages\/5859\/revisions\/5860"}],"up":[{"embeddable":true,"href":"https:\/\/www.univda.it\/fr\/wp-json\/wp\/v2\/pages\/4448"}],"wp:attachment":[{"href":"https:\/\/www.univda.it\/fr\/wp-json\/wp\/v2\/media?parent=5859"}],"wp:term":[{"taxonomy":"post_tag","embeddable":true,"href":"https:\/\/www.univda.it\/fr\/wp-json\/wp\/v2\/tags?post=5859"}],"curies":[{"name":"wp","href":"https:\/\/api.w.org\/{rel}","templated":true}]}}