{"id":5951,"date":"2018-12-13T11:24:23","date_gmt":"2018-12-13T10:24:23","guid":{"rendered":"https:\/\/www.univda.it\/?page_id=5951"},"modified":"2020-06-23T15:45:59","modified_gmt":"2020-06-23T13:45:59","slug":"formulaires","status":"publish","type":"page","link":"https:\/\/www.univda.it\/fr\/services\/stages-et-insertion-professionnelle\/le-stage\/formulaires\/","title":{"rendered":"Formulaires"},"content":{"rendered":"<p>Avant le\u00a0<strong>d\u00e9but<\/strong>\u00a0du stage\u00a0:<\/p>\n<ol>\n<li>Convention de stage : elle d\u00e9finit les droits et les obligations des trois parties prenantes. S\u00e9lectionnez la convention qui correspond \u00e0 votre cursus :<\/li>\n<\/ol>\n<div>\n<ul type=\"square\">\n<li><a href=\"https:\/\/www.univda.it\/wp-content\/uploads\/2018\/12\/convention_de_stage_-_Langues_et_communication.doc\">convention de stage<\/a> &#8211;\u00a0Langues et communication pour l&rsquo;entreprise et le tourisme;<\/li>\n<li><a href=\"https:\/\/www.univda.it\/wp-content\/uploads\/2018\/12\/convention_de_stage_-_ECO.doc\">convention de stage<\/a> &#8211; Sciences de l&rsquo;\u00e9conomie et de la gestion d&rsquo;entreprise;<\/li>\n<li><a href=\"https:\/\/www.univda.it\/wp-content\/uploads\/2018\/12\/convention_de_stage_-SPO.doc\">convention de stage<\/a> &#8211; Sciences politiques et\u00a0des relations internationales;<\/li>\n<li><a href=\"https:\/\/www.univda.it\/wp-content\/uploads\/2018\/12\/convention_de_stage_-_LM56.doc\">convention de stage<\/a> &#8211;\u00a0Master en \u00c9conomie et politiques du territoire et de l&rsquo;entreprise;<\/li>\n<li><a href=\"https:\/\/www.univda.it\/wp-content\/uploads\/2018\/12\/convention_de_stage_-_Science_de_la_formation_primaire_et_Psychologie.doc\">convention de stage<\/a>\u00a0&#8211; Science de la formation primaire\/Psychologie;<\/li>\n<\/ul>\n<\/div>\n<ol start=\"2\">\n<li><a href=\"https:\/\/www.univda.it\/wp-content\/uploads\/2018\/12\/6112_Projet_de_formation-1.doc\">Programme du stage<\/a><\/li>\n<\/ol>\n<div><strong>Interrompre\/prolonger<\/strong>\u00a0un stage :<\/div>\n<ul>\n<li>Demande d&rsquo;interruption du stage : elle doit pr\u00e9ciser les raisons justifiant l&rsquo;interruption.\u00a0La demande doit \u00eatre adress\u00e9e au directeur du D\u00e9partement, au tuteur p\u00e9dagogique et, pour information, au Bureau \u00a0\u00bb Orientation des \u00e9tudiants et relations Universit\u00e9-entreprises \u00a0\u00bb ;<\/li>\n<li><a href=\"https:\/\/www.univda.it\/wp-content\/uploads\/2018\/12\/Demande_de_prolongation_du_stage.docx\">Demande de prolongation du stage<\/a> : \u00e0 utiliser si l&rsquo;\u00e9tudiant et l&rsquo;entreprise d\u00e9cident d&rsquo;un commun accord de prolonger la dur\u00e9e du stage.<\/li>\n<\/ul>\n<div><\/div>\n<div><strong>Au terme<\/strong>\u00a0du stage\u00a0:<\/div>\n<ul>\n<li>attestation de stage : d\u00e9livr\u00e9e sur papier \u00e0 ent\u00eate de l&rsquo;entreprise, elle pr\u00e9cise la p\u00e9riode de stage et, le cas \u00e9ch\u00e9ant, donne un aper\u00e7u des activit\u00e9s du stagiaire ;<\/li>\n<li><a href=\"https:\/\/www.univda.it\/UploadDocs\/437_Questionari_stage__nuovo____Studente.xlsx\">questionnaire d&rsquo;auto\u00e9valuation du stage<\/a>\u00a0\u00e0 remplir par l&rsquo;\u00e9tudiant ;<\/li>\n<li>fiche d&rsquo;\u00e9valuation du stage \u00e0 remplir par le tuteur d&rsquo;entreprise. S\u00e9lectionnez la fiche dans votre langue :<\/li>\n<\/ul>\n<div>\n<ul type=\"square\">\n<li><a href=\"https:\/\/www.univda.it\/UploadDocs\/438_Questionario_stage__nuovo____Ente___ITALIANO.xlsx\">questionario per la valutazione delle attivit\u00e0 di stage da parte dell&rsquo;azienda\/ente ospitante;<\/a><\/li>\n<li><a href=\"https:\/\/www.univda.it\/wp-content\/uploads\/2018\/12\/Questionario_stage_nuovo_-_Ente_-_ENGLISH.xlsx\">Internship evaluation form<\/a><a href=\"https:\/\/www.univda.it\/UploadDocs\/439_Questionario_stage__nuovo____Ente___ENGLISH.xlsx\">;<\/a><\/li>\n<li><a href=\"https:\/\/www.univda.it\/wp-content\/uploads\/2018\/12\/Questionario_stage_nuovo_-_Ente_-_FRANCAIS.xlsx\">Fiche d&rsquo;\u00e9valuation du stage;<\/a><\/li>\n<li><a href=\"https:\/\/www.univda.it\/wp-content\/uploads\/2018\/12\/Questionario_stage_nuovo_-_Ente_-_ESPAGNOL.xlsx\">cuestionario para la evaluaci\u00f3n de la actividad de pr\u00e1cticas laborales;<\/a><\/li>\n<\/ul>\n<\/div>\n","protected":false},"excerpt":{"rendered":"<p>Avant le\u00a0d\u00e9but\u00a0du stage\u00a0: Convention de stage : elle d\u00e9finit les droits et les obligations des trois parties prenantes. S\u00e9lectionnez la convention qui correspond \u00e0 votre cursus : convention de stage &#8211;\u00a0Langues et communication pour l&rsquo;entreprise et le tourisme; convention de stage &#8211; Sciences de l&rsquo;\u00e9conomie et de la gestion d&rsquo;entreprise; convention de stage &#8211; Sciences [&hellip;]<\/p>\n","protected":false},"author":1,"featured_media":0,"parent":5863,"menu_order":0,"comment_status":"open","ping_status":"closed","template":"page-full-width.php","meta":{"_seopress_robots_primary_cat":"","_seopress_titles_title":"%%title%% pour les stage %%sep%% Universit\u00e9 de la Vall\u00e9e d'Aoste","_seopress_titles_desc":"Dans cette section vous pouvez trouver tous les Documents relatifs au stage pour les \u00e9tudiants de l'Universit\u00e9 de la Vall\u00e9e d'Aoste","_seopress_robots_index":"","footnotes":""},"tags":[],"class_list":["post-5951","page","type-page","status-publish","hentry"],"acf":[],"publishpress_future_action":{"enabled":false,"date":"2026-05-04 05:43:24","action":"change-status","newStatus":"draft","terms":[],"taxonomy":"post_tag","extraData":[]},"publishpress_future_workflow_manual_trigger":{"enabledWorkflows":[]},"_links":{"self":[{"href":"https:\/\/www.univda.it\/fr\/wp-json\/wp\/v2\/pages\/5951","targetHints":{"allow":["GET"]}}],"collection":[{"href":"https:\/\/www.univda.it\/fr\/wp-json\/wp\/v2\/pages"}],"about":[{"href":"https:\/\/www.univda.it\/fr\/wp-json\/wp\/v2\/types\/page"}],"author":[{"embeddable":true,"href":"https:\/\/www.univda.it\/fr\/wp-json\/wp\/v2\/users\/1"}],"replies":[{"embeddable":true,"href":"https:\/\/www.univda.it\/fr\/wp-json\/wp\/v2\/comments?post=5951"}],"version-history":[{"count":1,"href":"https:\/\/www.univda.it\/fr\/wp-json\/wp\/v2\/pages\/5951\/revisions"}],"predecessor-version":[{"id":5977,"href":"https:\/\/www.univda.it\/fr\/wp-json\/wp\/v2\/pages\/5951\/revisions\/5977"}],"up":[{"embeddable":true,"href":"https:\/\/www.univda.it\/fr\/wp-json\/wp\/v2\/pages\/5863"}],"wp:attachment":[{"href":"https:\/\/www.univda.it\/fr\/wp-json\/wp\/v2\/media?parent=5951"}],"wp:term":[{"taxonomy":"post_tag","embeddable":true,"href":"https:\/\/www.univda.it\/fr\/wp-json\/wp\/v2\/tags?post=5951"}],"curies":[{"name":"wp","href":"https:\/\/api.w.org\/{rel}","templated":true}]}}