{"id":6037,"date":"2018-12-13T11:38:06","date_gmt":"2018-12-13T10:38:06","guid":{"rendered":"https:\/\/www.univda.it\/?page_id=6037"},"modified":"2020-06-23T15:42:48","modified_gmt":"2020-06-23T13:42:48","slug":"stages-residentiels","status":"publish","type":"page","link":"https:\/\/www.univda.it\/fr\/services\/stages-et-insertion-professionnelle\/stages-residentiels\/","title":{"rendered":"Stages r\u00e9sidentiels"},"content":{"rendered":"<h3>Le programme d&rsquo;\u00e9tudes de la Ma\u00eetrise en Sciences de la formation primaire comporte deux stages r\u00e9sidentiels, l&rsquo;un en deuxi\u00e8me et l&rsquo;autre en quatri\u00e8me ann\u00e9e.<\/h3>\n<div class=\"end\"><\/div>\n<div class=\"bodyBox clearBig width_100\">\n<p>Le stage peut se d\u00e9rouler aussi bien en Italie qu&rsquo;\u00e0 l&rsquo;\u00e9tranger, notamment, mais non exclusivement, dans des \u00e9tablissements scolaires.\u00a0En r\u00e8gle g\u00e9n\u00e9rale, il s&rsquo;agit d&rsquo;une exp\u00e9rience intensive d&rsquo;une semaine environ.<\/p>\n<div>\u00c0 chaque rentr\u00e9e universitaire, le D\u00e9partement d\u00e9finit la programmation des stages et en informe les \u00e9tudiants. En octobre-novembre, les \u00e9tudiants doivent s&rsquo;inscrire au stage pr\u00e9vu pour leur ann\u00e9e d&rsquo;inscription et leur statut (\u00e9tudiant de jour\/\u00e9tudiant du soir), en remplissant une fiche sp\u00e9cifique.<\/div>\n<\/div>\n","protected":false},"excerpt":{"rendered":"<p>Le programme d&rsquo;\u00e9tudes de la Ma\u00eetrise en Sciences de la formation primaire comporte deux stages r\u00e9sidentiels, l&rsquo;un en deuxi\u00e8me et l&rsquo;autre en quatri\u00e8me ann\u00e9e. Le stage peut se d\u00e9rouler aussi bien en Italie qu&rsquo;\u00e0 l&rsquo;\u00e9tranger, notamment, mais non exclusivement, dans des \u00e9tablissements scolaires.\u00a0En r\u00e8gle g\u00e9n\u00e9rale, il s&rsquo;agit d&rsquo;une exp\u00e9rience intensive d&rsquo;une semaine environ. \u00c0 chaque [&hellip;]<\/p>\n","protected":false},"author":1,"featured_media":0,"parent":5859,"menu_order":0,"comment_status":"closed","ping_status":"closed","template":"page-full-width.php","meta":{"_seopress_robots_primary_cat":"","_seopress_titles_title":"%%title%% %%sep%% Universit\u00e9 de la Vall\u00e9e d'Aoste","_seopress_titles_desc":"Le stage peut se d\u00e9rouler aussi bien en Italie qu'\u00e0 l'\u00e9tranger dans des \u00e9tablissements scolaires. Il s'agit d'une exp\u00e9rience intensive d'une semaine environ","_seopress_robots_index":"","footnotes":""},"tags":[],"class_list":["post-6037","page","type-page","status-publish","hentry"],"acf":[],"publishpress_future_action":{"enabled":false,"date":"2026-04-23 00:20:13","action":"change-status","newStatus":"draft","terms":[],"taxonomy":"post_tag","extraData":[]},"publishpress_future_workflow_manual_trigger":{"enabledWorkflows":[]},"_links":{"self":[{"href":"https:\/\/www.univda.it\/fr\/wp-json\/wp\/v2\/pages\/6037","targetHints":{"allow":["GET"]}}],"collection":[{"href":"https:\/\/www.univda.it\/fr\/wp-json\/wp\/v2\/pages"}],"about":[{"href":"https:\/\/www.univda.it\/fr\/wp-json\/wp\/v2\/types\/page"}],"author":[{"embeddable":true,"href":"https:\/\/www.univda.it\/fr\/wp-json\/wp\/v2\/users\/1"}],"replies":[{"embeddable":true,"href":"https:\/\/www.univda.it\/fr\/wp-json\/wp\/v2\/comments?post=6037"}],"version-history":[{"count":1,"href":"https:\/\/www.univda.it\/fr\/wp-json\/wp\/v2\/pages\/6037\/revisions"}],"predecessor-version":[{"id":6038,"href":"https:\/\/www.univda.it\/fr\/wp-json\/wp\/v2\/pages\/6037\/revisions\/6038"}],"up":[{"embeddable":true,"href":"https:\/\/www.univda.it\/fr\/wp-json\/wp\/v2\/pages\/5859"}],"wp:attachment":[{"href":"https:\/\/www.univda.it\/fr\/wp-json\/wp\/v2\/media?parent=6037"}],"wp:term":[{"taxonomy":"post_tag","embeddable":true,"href":"https:\/\/www.univda.it\/fr\/wp-json\/wp\/v2\/tags?post=6037"}],"curies":[{"name":"wp","href":"https:\/\/api.w.org\/{rel}","templated":true}]}}