{"id":6069,"date":"2018-12-13T11:46:36","date_gmt":"2018-12-13T10:46:36","guid":{"rendered":"https:\/\/www.univda.it\/?page_id=6069"},"modified":"2020-06-23T15:42:50","modified_gmt":"2020-06-23T13:42:50","slug":"almalaurea-e-collegato-lavoro","status":"publish","type":"page","link":"https:\/\/www.univda.it\/fr\/services\/stages-et-insertion-professionnelle\/almalaurea-e-collegato-lavoro\/","title":{"rendered":"AlmaLaurea e Collegato lavoro"},"content":{"rendered":"<h3>AlmaLaurea est un service novateur qui met en ligne les CV des dipl\u00f4m\u00e9s de bon nombre d&rsquo;universit\u00e9s italiennes. En ce sens, il est une plateforme de rencontre entre dipl\u00f4m\u00e9s, universit\u00e9s et entreprises.<\/h3>\n<div class=\"boxPic\"><a title=\"Logo AlmaLaurea\" href=\"https:\/\/www.univda.it\/imgDetail.jsp?src=78_immagine_logo.gif\"><img decoding=\"async\" class=\"imgborder rel_size\" title=\"Logo AlmaLaurea\" src=\"https:\/\/www.univda.it\/UploadImgs\/78_immagine_logo.gif\" alt=\"Logo AlmaLaurea\" width=\"350\" \/><\/a><\/div>\n<div class=\"bodyBox\">\n<p>&nbsp;<\/p>\n<div>AlmaLaurea est un consortium public d&rsquo;universit\u00e9s, dont notre Universit\u00e9 est membre. Il repr\u00e9sente\u00a0<b>plus de 75% des dipl\u00f4m\u00e9s d&rsquo;Italie<\/b>.\u00a0Cr\u00e9\u00e9 en 1994 comme point de contact entre jeunes, universit\u00e9s et entreprises, AlmaLaurea (www.almalaurea.it) s&rsquo;est donn\u00e9 deux objectifs majeurs :<\/div>\n<div>\u00b7\u00a0\u00a0\u00a0\u00a0\u00a0\u00a0\u00a0\u00a0\u00a0<b>collecter, pour le compte des universit\u00e9s, des informations et des \u00e9valuations provenant des dipl\u00f4m\u00e9s et concernant leur formation universitaire et leur situation professionnelle.<\/b>\u00a0Les analyses et les statistiques qui en d\u00e9coulent sont publiques et peuvent orienter les jeunes dans le choix de leur formation universitaire et professionnelle et aider les organes de direction des universit\u00e9s dans la programmation des activit\u00e9s d&rsquo;enseignement ;<\/div>\n<div>\u00b7\u00a0\u00a0\u00a0\u00a0\u00a0\u00a0\u00a0\u00a0\u00a0<b>publier en ligne les CV de nouveaux dipl\u00f4m\u00e9s et de dipl\u00f4m\u00e9s engag\u00e9s dans la vie active depuis quelques ann\u00e9es.<\/b>\u00a0\u00a0Chaque ann\u00e9e,\u00a0<b>150.000 nouveaux CV<\/b>\u00a0en moyenne, traduits\u00a0<b>en anglais<\/b>, alimentent la Base de donn\u00e9es en ligne AlmaLaurea, un outil unique en son genre en Italie par sa taille, sa qualit\u00e9 et sa rapidit\u00e9.\u00a0AlmaLaurea est un mod\u00e8le en Europe, en ce qu&rsquo;il facilite et d\u00e9mocratise l&rsquo;acc\u00e8s des dipl\u00f4m\u00e9s au march\u00e9 de l&#8217;emploi et les aide \u00e0 r\u00e9aliser leurs aspirations professionnelles.<\/div>\n<div><\/div>\n<div>Lors du d\u00e9p\u00f4t de leur demande d&rsquo;admission \u00e0 la soutenance du m\u00e9moire, les \u00e9tudiants des universit\u00e9s membres du consortium donnent, au moyen d&rsquo;un\u00a0<b>questionnaire<\/b>qui garantit la confidentialit\u00e9 des donn\u00e9es, leur avis sur la formation suivie (que les universit\u00e9s doivent transmettre au Minist\u00e8re charg\u00e9 de l&rsquo;enseignement sup\u00e9rieur) et fournissent un certain nombre d&rsquo;informations concernant leur formation et leurs exp\u00e9riences professionnelles.\u00a0Ces donn\u00e9es (agr\u00e9g\u00e9es et anonymes) sont utilis\u00e9es par le Minist\u00e8re pour \u00e9valuer les universit\u00e9s et par AlmaLaurea pour mener des enqu\u00eates concernant la situation des dipl\u00f4m\u00e9s. Une partie de ces donn\u00e9es sera int\u00e9gr\u00e9e au CV du dipl\u00f4m\u00e9. Le CV ne sera int\u00e9gr\u00e9 \u00e0 la Base de donn\u00e9es AlmaLaurea qu&rsquo;avec l&rsquo;accord de la personne int\u00e9ress\u00e9e.<\/div>\n<div><\/div>\n<div>\u00a0<a href=\"http:\/\/www.almalaurea.it\/info\/chisiamo\/\">Plus d&rsquo;informations sur AlmaLaurea<\/a><\/div>\n<\/div>\n","protected":false},"excerpt":{"rendered":"<p>AlmaLaurea est un service novateur qui met en ligne les CV des dipl\u00f4m\u00e9s de bon nombre d&rsquo;universit\u00e9s italiennes. En ce sens, il est une plateforme de rencontre entre dipl\u00f4m\u00e9s, universit\u00e9s et entreprises. &nbsp; AlmaLaurea est un consortium public d&rsquo;universit\u00e9s, dont notre Universit\u00e9 est membre. Il repr\u00e9sente\u00a0plus de 75% des dipl\u00f4m\u00e9s d&rsquo;Italie.\u00a0Cr\u00e9\u00e9 en 1994 comme point [&hellip;]<\/p>\n","protected":false},"author":1,"featured_media":0,"parent":5859,"menu_order":0,"comment_status":"closed","ping_status":"closed","template":"page-sidebar-child.php","meta":{"_seopress_robots_primary_cat":"","_seopress_titles_title":"%%title%% %%sep%% Universit\u00e9 de la Vall\u00e9e d\u00ec'Aoste","_seopress_titles_desc":"AlmaLaurea est un service novateur qui met en ligne les CV des dipl\u00f4m\u00e9s de bon nombre d'universit\u00e9s italiennes.","_seopress_robots_index":"","footnotes":""},"tags":[],"class_list":["post-6069","page","type-page","status-publish","hentry"],"acf":[],"publishpress_future_action":{"enabled":false,"date":"2026-04-23 17:23:25","action":"change-status","newStatus":"draft","terms":[],"taxonomy":"post_tag","extraData":[]},"publishpress_future_workflow_manual_trigger":{"enabledWorkflows":[]},"_links":{"self":[{"href":"https:\/\/www.univda.it\/fr\/wp-json\/wp\/v2\/pages\/6069","targetHints":{"allow":["GET"]}}],"collection":[{"href":"https:\/\/www.univda.it\/fr\/wp-json\/wp\/v2\/pages"}],"about":[{"href":"https:\/\/www.univda.it\/fr\/wp-json\/wp\/v2\/types\/page"}],"author":[{"embeddable":true,"href":"https:\/\/www.univda.it\/fr\/wp-json\/wp\/v2\/users\/1"}],"replies":[{"embeddable":true,"href":"https:\/\/www.univda.it\/fr\/wp-json\/wp\/v2\/comments?post=6069"}],"version-history":[{"count":1,"href":"https:\/\/www.univda.it\/fr\/wp-json\/wp\/v2\/pages\/6069\/revisions"}],"predecessor-version":[{"id":6070,"href":"https:\/\/www.univda.it\/fr\/wp-json\/wp\/v2\/pages\/6069\/revisions\/6070"}],"up":[{"embeddable":true,"href":"https:\/\/www.univda.it\/fr\/wp-json\/wp\/v2\/pages\/5859"}],"wp:attachment":[{"href":"https:\/\/www.univda.it\/fr\/wp-json\/wp\/v2\/media?parent=6069"}],"wp:term":[{"taxonomy":"post_tag","embeddable":true,"href":"https:\/\/www.univda.it\/fr\/wp-json\/wp\/v2\/tags?post=6069"}],"curies":[{"name":"wp","href":"https:\/\/api.w.org\/{rel}","templated":true}]}}