{"id":6078,"date":"2018-12-13T11:50:23","date_gmt":"2018-12-13T10:50:23","guid":{"rendered":"https:\/\/www.univda.it\/?page_id=6078"},"modified":"2020-06-23T15:45:25","modified_gmt":"2020-06-23T13:45:25","slug":"comment-remplir-le-questionnaire-almalaurea","status":"publish","type":"page","link":"https:\/\/www.univda.it\/fr\/services\/stages-et-insertion-professionnelle\/almalaurea-e-collegato-lavoro\/comment-remplir-le-questionnaire-almalaurea\/","title":{"rendered":"Comment remplir le questionnaire AlmaLaurea"},"content":{"rendered":"<p>Avant de remplir le questionnaire, vous devez vous enregistrer sur AlmaLaurea et obtenir les idenfiants d&rsquo;acc\u00e8s : enregistrez-vous \u00e0 AlmaLaurea.<\/p>\n<div><\/div>\n<div>Si vous avez d\u00e9j\u00e0 vos identifiants d&rsquo;acc\u00e8s au site AlmaLaurea (Attention : ils sont diff\u00e9rents de ceux permettant d&rsquo;acc\u00e9der aux services en ligne du portail de l&rsquo;Universit\u00e9),\u00a0<a href=\"http:\/\/www.almalaurea.it\/lau\/laureandi\/index.shtml\">remplissez le questionnaire.<\/a><\/div>\n","protected":false},"excerpt":{"rendered":"<p>Avant de remplir le questionnaire, vous devez vous enregistrer sur AlmaLaurea et obtenir les idenfiants d&rsquo;acc\u00e8s : enregistrez-vous \u00e0 AlmaLaurea. Si vous avez d\u00e9j\u00e0 vos identifiants d&rsquo;acc\u00e8s au site AlmaLaurea (Attention : ils sont diff\u00e9rents de ceux permettant d&rsquo;acc\u00e9der aux services en ligne du portail de l&rsquo;Universit\u00e9),\u00a0remplissez le questionnaire.<\/p>\n","protected":false},"author":1,"featured_media":0,"parent":6069,"menu_order":0,"comment_status":"closed","ping_status":"closed","template":"page-full-width.php","meta":{"_seopress_robots_primary_cat":"","_seopress_titles_title":"%%title%% %%sep%% Universit\u00e9 de la Vall\u00e9e d'Aoste","_seopress_titles_desc":"Avant de remplir le questionnaire, vous devez vous enregistrer sur AlmaLaurea et obtenir les idenfiants d'acc\u00e8s : enregistrez-vous \u00e0 AlmaLaurea.","_seopress_robots_index":"","footnotes":""},"tags":[],"class_list":["post-6078","page","type-page","status-publish","hentry"],"acf":[],"publishpress_future_action":{"enabled":false,"date":"2026-04-23 00:35:37","action":"change-status","newStatus":"draft","terms":[],"taxonomy":"post_tag","extraData":[]},"publishpress_future_workflow_manual_trigger":{"enabledWorkflows":[]},"_links":{"self":[{"href":"https:\/\/www.univda.it\/fr\/wp-json\/wp\/v2\/pages\/6078","targetHints":{"allow":["GET"]}}],"collection":[{"href":"https:\/\/www.univda.it\/fr\/wp-json\/wp\/v2\/pages"}],"about":[{"href":"https:\/\/www.univda.it\/fr\/wp-json\/wp\/v2\/types\/page"}],"author":[{"embeddable":true,"href":"https:\/\/www.univda.it\/fr\/wp-json\/wp\/v2\/users\/1"}],"replies":[{"embeddable":true,"href":"https:\/\/www.univda.it\/fr\/wp-json\/wp\/v2\/comments?post=6078"}],"version-history":[{"count":1,"href":"https:\/\/www.univda.it\/fr\/wp-json\/wp\/v2\/pages\/6078\/revisions"}],"predecessor-version":[{"id":6079,"href":"https:\/\/www.univda.it\/fr\/wp-json\/wp\/v2\/pages\/6078\/revisions\/6079"}],"up":[{"embeddable":true,"href":"https:\/\/www.univda.it\/fr\/wp-json\/wp\/v2\/pages\/6069"}],"wp:attachment":[{"href":"https:\/\/www.univda.it\/fr\/wp-json\/wp\/v2\/media?parent=6078"}],"wp:term":[{"taxonomy":"post_tag","embeddable":true,"href":"https:\/\/www.univda.it\/fr\/wp-json\/wp\/v2\/tags?post=6078"}],"curies":[{"name":"wp","href":"https:\/\/api.w.org\/{rel}","templated":true}]}}