{"id":6095,"date":"2018-12-13T11:56:21","date_gmt":"2018-12-13T10:56:21","guid":{"rendered":"https:\/\/www.univda.it\/?page_id=6095"},"modified":"2020-06-23T15:51:18","modified_gmt":"2020-06-23T13:51:18","slug":"entreprises","status":"publish","type":"page","link":"https:\/\/www.univda.it\/fr\/services\/stages-et-insertion-professionnelle\/almalaurea-e-collegato-lavoro\/espace-emploi\/entreprises\/","title":{"rendered":"Entreprises"},"content":{"rendered":"<p><strong>Enregistrement<\/strong><\/p>\n<div>\n<p>L&rsquo;enregistrement est indispensable afin de pouvoir acc\u00e9der aux listes des dipl\u00f4m\u00e9s, conform\u00e9ment \u00e0 la loi n\u00b0 183 du 4 novembre 2010, modifi\u00e9e et compl\u00e9t\u00e9e. (Collegato lavoro).<\/p>\n<p><span class=\"Bold\">D\u00e9marche \u00e0 suivre<\/span><\/p>\n<ul>\n<li>Remplissez le formulaire disponible en cliquant sur le lien \u00ab\u00a0Enregistrement\u00a0\u00bb pour demander l&rsquo;acc\u00e8s au service. Lors de l&rsquo;enregistrement, indiquez une adresse e-mail \u00e0 laquelle vous recevrez les identifiants d&rsquo;acc\u00e8s et les instructions d&rsquo;utilisation du service.<\/li>\n<li>Acc\u00e9dez \u00e0 la base de donn\u00e9es par le lien \u00ab\u00a0Acc\u00e8s\u00a0\u00bb.<\/li>\n<li>Saisissez les crit\u00e8res de s\u00e9lection et t\u00e9l\u00e9chargez les CV choisis.<\/li>\n<li>Si vous avez atteint le nombre maximum de CV, vous pouvez en t\u00e9l\u00e9charger d&rsquo;autres en cliquant sur \u00ab Aide aux entreprises \u00bb.<\/li>\n<\/ul>\n<p><strong>Acc\u00e8s<\/strong><\/p>\n<p>Votre entreprise est-elle enregistr\u00e9e ?<br \/>\nAvez-vous re\u00e7u confirmation de votre accr\u00e9ditation ?<br \/>\nSi oui, vous pouvez acc\u00e9der \u00e0 votre espace r\u00e9serv\u00e9 et utiliser les services \u00e0 votre disposition.<br \/>\nL&rsquo;acc\u00e8s aux listes des dipl\u00f4m\u00e9s est totalement gratuit, mais l&rsquo;enregistrement et l&rsquo;accr\u00e9ditation sont obligatoires.<\/p>\n<p><strong>Aide aux entreprises<\/strong><\/p>\n<p>Cliquez sur ce lien si vous avez besoin d&rsquo;aide ou si vous avez atteint le nombre maximum de CV \u00e0 t\u00e9l\u00e9charger.<\/p>\n<p><strong>R\u00e9cup\u00e9ration du mot de passe<\/strong><\/p>\n<p>Si vous avez oubli\u00e9 votre mot de passe, acc\u00e9dez au service de r\u00e9cup\u00e9ration de vos identifiants d&rsquo;acc\u00e8s.<\/p>\n<p><strong>Recherche libre<\/strong><\/p>\n<p><span class=\"Bold\">\u00a0Information<\/span><\/p>\n<p>Aux termes de la loi n\u00b0 183 du 4 novembre 2010, l&rsquo;Universit\u00e9 rend disponibles les CV des \u00e9tudiants et des dipl\u00f4m\u00e9s qui, au cours des 12 derniers mois, ont accord\u00e9 leur autorisation \u00e0 la publication de leurs donn\u00e9es conform\u00e9ment \u00e0 la l\u00e9gislation sur le traitement des donn\u00e9es \u00e0 caract\u00e8re personnel.<\/p>\n<p>Rappel : ces listes ne peuvent \u00eatre utilis\u00e9es que pour des fins d&rsquo;insertion professionnelle. L&rsquo;utilisateur s&rsquo;engage \u00e0 respecter cette contrainte et \u00e0 n&rsquo;utiliser les donn\u00e9es fournies qu&rsquo;\u00e0 des fins de recrutement du personnel et d&rsquo;insertion professionnelle, conform\u00e9ment au Code en mati\u00e8re de protection des donn\u00e9es personnelles<\/p>\n<\/div>\n","protected":false},"excerpt":{"rendered":"<p>Enregistrement L&rsquo;enregistrement est indispensable afin de pouvoir acc\u00e9der aux listes des dipl\u00f4m\u00e9s, conform\u00e9ment \u00e0 la loi n\u00b0 183 du 4 novembre 2010, modifi\u00e9e et compl\u00e9t\u00e9e. (Collegato lavoro). D\u00e9marche \u00e0 suivre Remplissez le formulaire disponible en cliquant sur le lien \u00ab\u00a0Enregistrement\u00a0\u00bb pour demander l&rsquo;acc\u00e8s au service. Lors de l&rsquo;enregistrement, indiquez une adresse e-mail \u00e0 laquelle vous [&hellip;]<\/p>\n","protected":false},"author":1,"featured_media":0,"parent":6083,"menu_order":0,"comment_status":"closed","ping_status":"closed","template":"page-full-width.php","meta":{"_seopress_robots_primary_cat":"","_seopress_titles_title":"%%title%% %%sep%% Universit\u00e9 de la Vall\u00e9e d'Aoste","_seopress_titles_desc":"L'enregistrement est indispensable afin de pouvoir acc\u00e9der aux listes des dipl\u00f4m\u00e9s, conform\u00e9ment \u00e0 la loi n\u00b0 183 du 4 novembre 2010, modifi\u00e9e et compl\u00e9t\u00e9e","_seopress_robots_index":"","footnotes":""},"tags":[],"class_list":["post-6095","page","type-page","status-publish","hentry"],"acf":[],"publishpress_future_action":{"enabled":false,"date":"2026-04-23 12:08:57","action":"change-status","newStatus":"draft","terms":[],"taxonomy":"post_tag","extraData":[]},"publishpress_future_workflow_manual_trigger":{"enabledWorkflows":[]},"_links":{"self":[{"href":"https:\/\/www.univda.it\/fr\/wp-json\/wp\/v2\/pages\/6095","targetHints":{"allow":["GET"]}}],"collection":[{"href":"https:\/\/www.univda.it\/fr\/wp-json\/wp\/v2\/pages"}],"about":[{"href":"https:\/\/www.univda.it\/fr\/wp-json\/wp\/v2\/types\/page"}],"author":[{"embeddable":true,"href":"https:\/\/www.univda.it\/fr\/wp-json\/wp\/v2\/users\/1"}],"replies":[{"embeddable":true,"href":"https:\/\/www.univda.it\/fr\/wp-json\/wp\/v2\/comments?post=6095"}],"version-history":[{"count":1,"href":"https:\/\/www.univda.it\/fr\/wp-json\/wp\/v2\/pages\/6095\/revisions"}],"predecessor-version":[{"id":6096,"href":"https:\/\/www.univda.it\/fr\/wp-json\/wp\/v2\/pages\/6095\/revisions\/6096"}],"up":[{"embeddable":true,"href":"https:\/\/www.univda.it\/fr\/wp-json\/wp\/v2\/pages\/6083"}],"wp:attachment":[{"href":"https:\/\/www.univda.it\/fr\/wp-json\/wp\/v2\/media?parent=6095"}],"wp:term":[{"taxonomy":"post_tag","embeddable":true,"href":"https:\/\/www.univda.it\/fr\/wp-json\/wp\/v2\/tags?post=6095"}],"curies":[{"name":"wp","href":"https:\/\/api.w.org\/{rel}","templated":true}]}}