{"id":6100,"date":"2018-12-13T12:00:17","date_gmt":"2018-12-13T11:00:17","guid":{"rendered":"https:\/\/www.univda.it\/?page_id=6100"},"modified":"2020-06-23T15:51:20","modified_gmt":"2020-06-23T13:51:20","slug":"etudiants-et-diplomes","status":"publish","type":"page","link":"https:\/\/www.univda.it\/fr\/services\/stages-et-insertion-professionnelle\/almalaurea-e-collegato-lavoro\/espace-emploi\/etudiants-et-diplomes\/","title":{"rendered":"\u00c9tudiants et dipl\u00f4m\u00e9s"},"content":{"rendered":"<div><strong><a href=\"https:\/\/www.univda.it\/context.jsp?ID_LINK=1783&amp;area=6\">Enregistrement<\/a><\/strong><br \/>\nL&rsquo;enregistrement vous permet de cr\u00e9er et de g\u00e9rer votre CV. Si vous \u00eates \u00e9tudiant en fin d&rsquo;\u00e9tudes et n&rsquo;\u00eates pas encore enregistr\u00e9(e), n&rsquo;oubliez pas de remplir le questionnaire qui vous est destin\u00e9.<\/div>\n<div><\/div>\n<div><strong><a href=\"http:\/\/www.almalaurea.it\/lau\/\">Acc\u00e8s<\/a><\/strong><br \/>\nEffectuez le login pour mettre \u00e0 jour votre CV, remplir le questionnaire et envoyer votre candidature aux offres d&#8217;emploi.<\/div>\n<div><\/div>\n<div>\n<p><strong><a href=\"https:\/\/www.univda.it\/context.jsp?ID_LINK=1783&amp;area=6\">Tableau des annonces<\/a><\/strong>Consultez les offres de stage\/d&#8217;emploi propos\u00e9es par les entreprises.<\/p>\n<p>Attention : pour r\u00e9pondre aux annonces, vous devez \u00eatre enregistr\u00e9(e) sur AlmaLaurea et avoir fourni votre CV.<\/p>\n<\/div>\n","protected":false},"excerpt":{"rendered":"<p>Enregistrement L&rsquo;enregistrement vous permet de cr\u00e9er et de g\u00e9rer votre CV. Si vous \u00eates \u00e9tudiant en fin d&rsquo;\u00e9tudes et n&rsquo;\u00eates pas encore enregistr\u00e9(e), n&rsquo;oubliez pas de remplir le questionnaire qui vous est destin\u00e9. Acc\u00e8s Effectuez le login pour mettre \u00e0 jour votre CV, remplir le questionnaire et envoyer votre candidature aux offres d&#8217;emploi. Tableau des [&hellip;]<\/p>\n","protected":false},"author":1,"featured_media":0,"parent":6083,"menu_order":0,"comment_status":"closed","ping_status":"closed","template":"page-full-width.php","meta":{"_seopress_robots_primary_cat":"","_seopress_titles_title":"%%title%% %%sep%% Universit\u00e9 de la Vall\u00e9e d'Aoste","_seopress_titles_desc":"L'enregistrement vous permet de cr\u00e9er et de g\u00e9rer votre CV. Si vous \u00eates \u00e9tudiant en fin d'\u00e9tudes et n'\u00eates pas encore enregistr\u00e9(e)","_seopress_robots_index":"","footnotes":""},"tags":[],"class_list":["post-6100","page","type-page","status-publish","hentry"],"acf":[],"publishpress_future_action":{"enabled":false,"date":"2026-04-21 17:31:07","action":"change-status","newStatus":"draft","terms":[],"taxonomy":"post_tag","extraData":[]},"publishpress_future_workflow_manual_trigger":{"enabledWorkflows":[]},"_links":{"self":[{"href":"https:\/\/www.univda.it\/fr\/wp-json\/wp\/v2\/pages\/6100","targetHints":{"allow":["GET"]}}],"collection":[{"href":"https:\/\/www.univda.it\/fr\/wp-json\/wp\/v2\/pages"}],"about":[{"href":"https:\/\/www.univda.it\/fr\/wp-json\/wp\/v2\/types\/page"}],"author":[{"embeddable":true,"href":"https:\/\/www.univda.it\/fr\/wp-json\/wp\/v2\/users\/1"}],"replies":[{"embeddable":true,"href":"https:\/\/www.univda.it\/fr\/wp-json\/wp\/v2\/comments?post=6100"}],"version-history":[{"count":2,"href":"https:\/\/www.univda.it\/fr\/wp-json\/wp\/v2\/pages\/6100\/revisions"}],"predecessor-version":[{"id":36288,"href":"https:\/\/www.univda.it\/fr\/wp-json\/wp\/v2\/pages\/6100\/revisions\/36288"}],"up":[{"embeddable":true,"href":"https:\/\/www.univda.it\/fr\/wp-json\/wp\/v2\/pages\/6083"}],"wp:attachment":[{"href":"https:\/\/www.univda.it\/fr\/wp-json\/wp\/v2\/media?parent=6100"}],"wp:term":[{"taxonomy":"post_tag","embeddable":true,"href":"https:\/\/www.univda.it\/fr\/wp-json\/wp\/v2\/tags?post=6100"}],"curies":[{"name":"wp","href":"https:\/\/api.w.org\/{rel}","templated":true}]}}