{"id":6104,"date":"2018-12-13T12:05:59","date_gmt":"2018-12-13T11:05:59","guid":{"rendered":"https:\/\/www.univda.it\/?page_id=6104"},"modified":"2020-06-23T15:43:20","modified_gmt":"2020-06-23T13:43:20","slug":"le-stage-pour-les-diplomes-en-psychologie","status":"publish","type":"page","link":"https:\/\/www.univda.it\/fr\/services\/stages-et-insertion-professionnelle\/le-stage-pour-les-diplomes-en-psychologie\/","title":{"rendered":"Le stage pour les dipl\u00f4m\u00e9s en Psychologie"},"content":{"rendered":"<div>Les dipl\u00f4m\u00e9s en Psychologie qui souhaitent passer l&rsquo;examen d&rsquo;\u00c9tat pour exercer la profession de\u00a0<i>Dottore<\/i>\u00a0en Sciences et techniques psychologiques (section B du Tableau de l&rsquo;ordre professionnel des psychologues, pour les dipl\u00f4m\u00e9s de licence) ou de Psychologue (section A du Tableau, pour les dipl\u00f4m\u00e9s de master) doivent effectuer un stage professionnalisant dont la dur\u00e9e est la suivante :<\/div>\n<div><\/div>\n<div>\u00b7\u00a0\u00a0\u00a0\u00a0\u00a0\u00a0\u00a0\u00a0 un semestre, 500 heures au total (20 cr\u00e9dits), pour l&rsquo;acc\u00e8s \u00e0 la section B du Tableau ;<\/div>\n<div>\u00b7\u00a0\u00a0\u00a0\u00a0\u00a0\u00a0\u00a0\u00a0 un an, 1000 heures au total (40 cr\u00e9dits), pour l&rsquo;acc\u00e8s \u00e0 la section A du Tableau.<\/div>\n<div><\/div>\n<div>Le stage se d\u00e9finit comme un ensemble de possibilit\u00e9s visant \u00e0 assurer l&rsquo;apprentissage et le d\u00e9veloppement de comp\u00e9tences professionnelles et \u00e0 faciliter l&rsquo;int\u00e9gration du dipl\u00f4m\u00e9 dans sa communaut\u00e9 professionnelle. Fond\u00e9 sur la reconnaissance de la valeur formative de l&rsquo;exp\u00e9rience directe, encadr\u00e9e par des professionnels appartenant \u00e0 la m\u00eame communaut\u00e9 professionnelle que le stagiaire, le stage permet d&rsquo;atteindre les objectifs suivants ou en facilite la r\u00e9alisation :<\/div>\n<p>a) int\u00e9grer th\u00e9orie et pratique ;<br \/>\nb) apprendre des d\u00e9marches associ\u00e9es \u00e0 des notions de psychologie ;<br \/>\nc) commencer une pratique professionnelle encadr\u00e9e ;<br \/>\nd) \u00eatre \u00e0 m\u00eame de r\u00e9fl\u00e9chir \u00e0 ses propres activit\u00e9s et aux activit\u00e9s d&rsquo;autrui et d&rsquo;en discuter ;<br \/>\ne) commencer \u00e0 travailler dans un milieu professionnel sp\u00e9cifique avec d&rsquo;autres personnes.<\/p>\n<p>Les activit\u00e9s qui font l&rsquo;objet du stage doivent permettre l&rsquo;application des notions relevant des domaines suivants :<br \/>\n&#8211; psychologie clinique ;<br \/>\n&#8211; psychologie du d\u00e9veloppement et de l&rsquo;\u00e9ducation ;<br \/>\n&#8211; psychologie g\u00e9n\u00e9rale ;<br \/>\n&#8211; psychologie sociale, du travail et des organisations.<\/p>\n","protected":false},"excerpt":{"rendered":"<p>Les dipl\u00f4m\u00e9s en Psychologie qui souhaitent passer l&rsquo;examen d&rsquo;\u00c9tat pour exercer la profession de\u00a0Dottore\u00a0en Sciences et techniques psychologiques (section B du Tableau de l&rsquo;ordre professionnel des psychologues, pour les dipl\u00f4m\u00e9s de licence) ou de Psychologue (section A du Tableau, pour les dipl\u00f4m\u00e9s de master) doivent effectuer un stage professionnalisant dont la dur\u00e9e est la suivante [&hellip;]<\/p>\n","protected":false},"author":1,"featured_media":0,"parent":5859,"menu_order":0,"comment_status":"closed","ping_status":"closed","template":"page-sidebar-child.php","meta":{"_seopress_robots_primary_cat":"","_seopress_titles_title":"%%title%% %%sep%% Universit\u00e9 de la Vall\u00e9e d'Aoste","_seopress_titles_desc":"Le stage se d\u00e9finit comme un ensemble de possibilit\u00e9s visant \u00e0 assurer l'apprentissage et le d\u00e9veloppement de comp\u00e9tences professionnelles","_seopress_robots_index":"","footnotes":""},"tags":[],"class_list":["post-6104","page","type-page","status-publish","hentry"],"acf":[],"publishpress_future_action":{"enabled":false,"date":"2026-04-23 22:38:06","action":"change-status","newStatus":"draft","terms":[],"taxonomy":"post_tag","extraData":[]},"publishpress_future_workflow_manual_trigger":{"enabledWorkflows":[]},"_links":{"self":[{"href":"https:\/\/www.univda.it\/fr\/wp-json\/wp\/v2\/pages\/6104","targetHints":{"allow":["GET"]}}],"collection":[{"href":"https:\/\/www.univda.it\/fr\/wp-json\/wp\/v2\/pages"}],"about":[{"href":"https:\/\/www.univda.it\/fr\/wp-json\/wp\/v2\/types\/page"}],"author":[{"embeddable":true,"href":"https:\/\/www.univda.it\/fr\/wp-json\/wp\/v2\/users\/1"}],"replies":[{"embeddable":true,"href":"https:\/\/www.univda.it\/fr\/wp-json\/wp\/v2\/comments?post=6104"}],"version-history":[{"count":1,"href":"https:\/\/www.univda.it\/fr\/wp-json\/wp\/v2\/pages\/6104\/revisions"}],"predecessor-version":[{"id":6105,"href":"https:\/\/www.univda.it\/fr\/wp-json\/wp\/v2\/pages\/6104\/revisions\/6105"}],"up":[{"embeddable":true,"href":"https:\/\/www.univda.it\/fr\/wp-json\/wp\/v2\/pages\/5859"}],"wp:attachment":[{"href":"https:\/\/www.univda.it\/fr\/wp-json\/wp\/v2\/media?parent=6104"}],"wp:term":[{"taxonomy":"post_tag","embeddable":true,"href":"https:\/\/www.univda.it\/fr\/wp-json\/wp\/v2\/tags?post=6104"}],"curies":[{"name":"wp","href":"https:\/\/api.w.org\/{rel}","templated":true}]}}