{"id":6112,"date":"2018-12-13T12:10:23","date_gmt":"2018-12-13T11:10:23","guid":{"rendered":"https:\/\/www.univda.it\/?page_id=6112"},"modified":"2020-06-23T15:45:51","modified_gmt":"2020-06-23T13:45:51","slug":"les-lieux-du-stage","status":"publish","type":"page","link":"https:\/\/www.univda.it\/fr\/services\/stages-et-insertion-professionnelle\/le-stage-pour-les-diplomes-en-psychologie\/les-lieux-du-stage\/","title":{"rendered":"Les lieux du stage"},"content":{"rendered":"<p>Actuellement les organismes\/entreprises conventionn\u00e9s avec l&rsquo;Universit\u00e9 de la Vall\u00e9e d&rsquo;Aoste sont :<\/p>\n<table style=\"height: 991px;\" border=\"1\" width=\"663\" cellspacing=\"1\" cellpadding=\"0\">\n<tbody>\n<tr style=\"height: 48px;\">\n<td style=\"height: 48px; width: 328.8px;\">\n<div><strong>ORGANISME<\/strong><\/div>\n<\/td>\n<td style=\"height: 48px; width: 130.867px;\">\n<div><strong>SI\u00c8GE SOCIAL\u00a0<\/strong><\/div>\n<\/td>\n<td style=\"height: 48px; width: 191.333px;\">\n<div><strong>EXPIRATION DE LA CONVENTION<\/strong><\/div>\n<\/td>\n<\/tr>\n<tr style=\"height: 48px;\">\n<td style=\"height: 48px; width: 328.8px;\">\n<div>Agence sanitaire USL de la Vall\u00e9e d&rsquo;Aoste<\/div>\n<\/td>\n<td style=\"height: 48px; width: 130.867px;\">\n<div>Aoste<\/div>\n<\/td>\n<td style=\"height: 48px; width: 191.333px;\">\n<div>d\u00e9cembre 2013<\/div>\n<\/td>\n<\/tr>\n<tr style=\"height: 48px;\">\n<td style=\"height: 48px; width: 328.8px;\">\n<div>Cooperativa sociale Gineprodue<\/div>\n<\/td>\n<td style=\"height: 48px; width: 130.867px;\">\n<div>Scalenghe (Turin)<\/div>\n<\/td>\n<td style=\"height: 48px; width: 191.333px;\">\n<div>avril 2014<\/div>\n<\/td>\n<\/tr>\n<tr style=\"height: 24px;\">\n<td style=\"height: 24px; width: 328.8px;\">\n<div>Cooperativa sociale Trait d&rsquo;Union<\/div>\n<\/td>\n<td style=\"height: 24px; width: 130.867px;\">\n<div>Aoste<\/div>\n<\/td>\n<td style=\"height: 24px; width: 191.333px;\">\n<div>juillet 2011<\/div>\n<\/td>\n<\/tr>\n<tr style=\"height: 24px;\">\n<td style=\"height: 24px; width: 328.8px;\">\n<div>Agence sanitaire ASL Alba &#8211; Bra<\/div>\n<\/td>\n<td style=\"height: 24px; width: 130.867px;\">\n<div>Alba (Coni)<\/div>\n<\/td>\n<td style=\"height: 24px; width: 191.333px;\">\n<div>septembre 2011<\/div>\n<\/td>\n<\/tr>\n<tr style=\"height: 24px;\">\n<td style=\"height: 24px; width: 328.8px;\">\n<div>Tiar\u00e9 Servizi per la salute mentale<\/div>\n<\/td>\n<td style=\"height: 24px; width: 130.867px;\">\n<div>Turin<\/div>\n<\/td>\n<td style=\"height: 24px; width: 191.333px;\">\n<div>septembre 2011<\/div>\n<\/td>\n<\/tr>\n<tr style=\"height: 24px;\">\n<td style=\"height: 24px; width: 328.8px;\">\n<div>Agenzia per il lavoro Gi Group<\/div>\n<\/td>\n<td style=\"height: 24px; width: 130.867px;\">\n<div>Milan<\/div>\n<\/td>\n<td style=\"height: 24px; width: 191.333px;\">\n<div>f\u00e9vrier 2012<\/div>\n<\/td>\n<\/tr>\n<tr style=\"height: 24px;\">\n<td style=\"height: 24px; width: 328.8px;\">\n<div>Les Aigles cooperativa sociale<\/div>\n<\/td>\n<td style=\"height: 24px; width: 130.867px;\">\n<div>Sarre (Aoste)<\/div>\n<\/td>\n<td style=\"height: 24px; width: 191.333px;\">\n<div>juillet 2012<\/div>\n<\/td>\n<\/tr>\n<tr style=\"height: 24px;\">\n<td style=\"height: 24px; width: 328.8px;\">\n<div>Agence sanitaire ASL BI<\/div>\n<\/td>\n<td style=\"height: 24px; width: 130.867px;\">\n<div>Biella<\/div>\n<\/td>\n<td style=\"height: 24px; width: 191.333px;\">\n<div>janvier 2013<\/div>\n<\/td>\n<\/tr>\n<tr style=\"height: 48px;\">\n<td style=\"height: 48px; width: 328.8px;\">\n<div>Associazione Psicologia e Arte per l&rsquo;uomo<\/div>\n<\/td>\n<td style=\"height: 48px; width: 130.867px;\">\n<div>Villeneuve (Aoste)<\/div>\n<\/td>\n<td style=\"height: 48px; width: 191.333px;\">\n<div>janvier 2012<\/div>\n<\/td>\n<\/tr>\n<tr style=\"height: 48px;\">\n<td style=\"height: 48px; width: 328.8px;\">\n<div>ARP &#8211; Associazione per la ricerca in psicologia clinica<\/div>\n<\/td>\n<td style=\"height: 48px; width: 130.867px;\">\n<div>Milan<\/div>\n<\/td>\n<td style=\"height: 48px; width: 191.333px;\">\n<div>avril 2013<\/div>\n<\/td>\n<\/tr>\n<tr style=\"height: 48px;\">\n<td style=\"height: 48px; width: 328.8px;\">\n<div>Casa di cura privata \u00ab\u00a0Le Terrazze\u00a0\u00bb<\/div>\n<\/td>\n<td style=\"height: 48px; width: 130.867px;\">\n<div>Cunardo (Var\u00e8se)<\/div>\n<\/td>\n<td style=\"height: 48px; width: 191.333px;\">\n<div>juillet 2013<\/div>\n<\/td>\n<\/tr>\n<tr style=\"height: 24px;\">\n<td style=\"height: 24px; width: 328.8px;\">\n<div>Commune de Luino<\/div>\n<\/td>\n<td style=\"height: 24px; width: 130.867px;\">\n<div>Luino (Var\u00e8se)<\/div>\n<\/td>\n<td style=\"height: 24px; width: 191.333px;\">\n<div>septembre 2013<\/div>\n<\/td>\n<\/tr>\n<tr style=\"height: 24px;\">\n<td style=\"height: 24px; width: 328.8px;\">\n<div>Cabinet de M. Marco Greco<\/div>\n<\/td>\n<td style=\"height: 24px; width: 130.867px;\">\n<div>Turin<\/div>\n<\/td>\n<td style=\"height: 24px; width: 191.333px;\">\n<div>novembre 2013<\/div>\n<\/td>\n<\/tr>\n<tr style=\"height: 24px;\">\n<td style=\"height: 24px; width: 328.8px;\">\n<div>Agence sanitaire ASL TO1<\/div>\n<\/td>\n<td style=\"height: 24px; width: 130.867px;\">\n<div>Turin<\/div>\n<\/td>\n<td style=\"height: 24px; width: 191.333px;\">\n<div>janvier 2014<\/div>\n<\/td>\n<\/tr>\n<tr style=\"height: 24px;\">\n<td style=\"height: 24px; width: 328.8px;\">\n<div>Aosta Servizi S.c.ar.l.<\/div>\n<\/td>\n<td style=\"height: 24px; width: 130.867px;\">\n<div>Brusson (Aoste)<\/div>\n<\/td>\n<td style=\"height: 24px; width: 191.333px;\">\n<div>f\u00e9vrier 2014<\/div>\n<\/td>\n<\/tr>\n<tr style=\"height: 48px;\">\n<td style=\"height: 48px; width: 328.8px;\">\n<div>Il Residence S.r.l.<\/div>\n<\/td>\n<td style=\"height: 48px; width: 130.867px;\">\n<div>Vico Canavese (Turin)<\/div>\n<\/td>\n<td style=\"height: 48px; width: 191.333px;\">\n<div>mars 2014<\/div>\n<\/td>\n<\/tr>\n<tr style=\"height: 48px;\">\n<td style=\"height: 48px; width: 328.8px;\">\n<div>Centro di psicoterapia Erickson<\/div>\n<\/td>\n<td style=\"height: 48px; width: 130.867px;\">\n<div>Villastellone (Turin)<\/div>\n<\/td>\n<td style=\"height: 48px; width: 191.333px;\">\n<div>mai 2014<\/div>\n<\/td>\n<\/tr>\n<tr style=\"height: 24px;\">\n<td style=\"height: 24px; width: 328.8px;\">\n<div>Centro di psicologia clinica Pharus<\/div>\n<\/td>\n<td style=\"height: 24px; width: 130.867px;\">\n<div>Turin<\/div>\n<\/td>\n<td style=\"height: 24px; width: 191.333px;\">\n<div>mai 2014<\/div>\n<\/td>\n<\/tr>\n<tr style=\"height: 24px;\">\n<td style=\"height: 24px; width: 328.8px;\">Centro Torinese di solidariet\u00e0<\/td>\n<td style=\"height: 24px; width: 130.867px;\">Turin<\/td>\n<td style=\"height: 24px; width: 191.333px;\">juillet 2014<\/td>\n<\/tr>\n<tr style=\"height: 24px;\">\n<td style=\"height: 24px; width: 328.8px;\">CeRP &#8211; Centro di ricerca in psicoterapia<\/td>\n<td style=\"height: 24px; width: 130.867px;\">Milan &#8211; Trente<\/td>\n<td style=\"height: 24px; width: 191.333px;\">juillet 2014<\/td>\n<\/tr>\n<tr style=\"height: 24px;\">\n<td style=\"height: 24px; width: 328.8px;\">PRO.GES<\/td>\n<td style=\"height: 24px; width: 130.867px;\">Aoste &#8211; Parme<\/td>\n<td style=\"height: 24px; width: 191.333px;\">septembre 2014<\/td>\n<\/tr>\n<tr style=\"height: 48px;\">\n<td style=\"height: 48px; width: 328.8px;\">ASL\u00a0NA2 Nord Pozzuoli<\/td>\n<td style=\"height: 48px; width: 130.867px;\">Pozzuoli (Naples)<\/td>\n<td style=\"height: 48px; width: 191.333px;\">septembre 2014<\/td>\n<\/tr>\n<tr style=\"height: 48px;\">\n<td style=\"height: 48px; width: 328.8px;\">ASL\u00a0CN2 Alba-Bra<\/td>\n<td style=\"height: 48px; width: 130.867px;\">Alba &#8211; Bra (Coni)<\/td>\n<td style=\"height: 48px; width: 191.333px;\">octobre 2014<\/td>\n<\/tr>\n<tr style=\"height: 24px;\">\n<td style=\"height: 24px; width: 328.8px;\">ASL\u00a0Bergamo<\/td>\n<td style=\"height: 24px; width: 130.867px;\">Bergame<\/td>\n<td style=\"height: 24px; width: 191.333px;\">mars 2015<\/td>\n<\/tr>\n<tr style=\"height: 24px;\">\n<td style=\"height: 24px; width: 328.8px;\">Consultorio familiare di Pavia<\/td>\n<td style=\"height: 24px; width: 130.867px;\">Pavie<\/td>\n<td style=\"height: 24px; width: 191.333px;\">mars 2015<\/td>\n<\/tr>\n<tr style=\"height: 24px;\">\n<td style=\"height: 24px; width: 328.8px;\">La Sorgente Soc. coop. soc.<\/td>\n<td style=\"height: 24px; width: 130.867px;\">Aoste<\/td>\n<td style=\"height: 24px; width: 191.333px;\">mars 2015<\/td>\n<\/tr>\n<\/tbody>\n<\/table>\n<p>Pour effectuer un stage dans d&rsquo;autres \u00e9tablissements, il faut d&rsquo;abord que l&rsquo;organisme choisi et l&rsquo;Universit\u00e9 aient conclu une convention de stage, selon la d\u00e9marche suivante :<\/p>\n<div>\u00b7\u00a0\u00a0\u00a0\u00a0\u00a0\u00a0\u00a0\u00a0 L&rsquo;organisme doit envoyer par courriel, \u00e0 l&rsquo;adresse\u00a0<a href=\"mailto:dipartimento-SHS@univda.it\">dipartimento-SHS@univda.it<\/a><a href=\"mailto:u-placement@univda.it\">,<\/a>\u00a0un document contenant :<\/div>\n<ul>\n<li>un descriptif de l&rsquo;organisme et de ses activit\u00e9s ;<\/li>\n<li>le nom des personnes habilit\u00e9es \u00e0 exercer la fonction de tuteur (professionnels inscrits \u00e0 la section A du Tableau de l&rsquo;ordre des psychologues depuis au moins deux ans et travaillant minimum 20 heures hebdomadaires pour l&rsquo;organisme) ou, s&rsquo;il y a plusieurs professionnels, le nom d&rsquo;un psychologue-r\u00e9f\u00e9rent charg\u00e9 des rapports avec l&rsquo;Universit\u00e9 ;<\/li>\n<li>les activit\u00e9s qui seront confi\u00e9es au stagiaire.<\/li>\n<\/ul>\n<div>\u00b7\u00a0\u00a0\u00a0\u00a0\u00a0\u00a0\u00a0\u00a0 Ce document sera examin\u00e9 par la Commission de stage de la fili\u00e8re. Une fois ce document approuv\u00e9, le texte de la convention de stage sera transmis \u00e0 l&rsquo;organisme concern\u00e9.<\/div>\n<div>\u00b7\u00a0\u00a0\u00a0\u00a0\u00a0\u00a0\u00a0\u00a0 L&rsquo;organisme devra remplir et signer deux exemplaires de la convention et les faire parvenir \u00e0 l&rsquo;Universit\u00e9 pour qu&rsquo;ils soient sign\u00e9s par le recteur.<\/div>\n<div>\u00b7\u00a0\u00a0\u00a0\u00a0\u00a0\u00a0\u00a0\u00a0 Apr\u00e8s conclusion de la convention, l&rsquo;organisme pourra accueillir des stagiaires.<\/div>\n","protected":false},"excerpt":{"rendered":"<p>Actuellement les organismes\/entreprises conventionn\u00e9s avec l&rsquo;Universit\u00e9 de la Vall\u00e9e d&rsquo;Aoste sont : ORGANISME SI\u00c8GE SOCIAL\u00a0 EXPIRATION DE LA CONVENTION Agence sanitaire USL de la Vall\u00e9e d&rsquo;Aoste Aoste d\u00e9cembre 2013 Cooperativa sociale Gineprodue Scalenghe (Turin) avril 2014 Cooperativa sociale Trait d&rsquo;Union Aoste juillet 2011 Agence sanitaire ASL Alba &#8211; Bra Alba (Coni) septembre 2011 Tiar\u00e9 Servizi [&hellip;]<\/p>\n","protected":false},"author":1,"featured_media":0,"parent":6104,"menu_order":0,"comment_status":"closed","ping_status":"closed","template":"page-full-width.php","meta":{"_seopress_robots_primary_cat":"","_seopress_titles_title":"%%title%% %%sep%% Universit\u00e9 de la Vall\u00e9e d'Aoste","_seopress_titles_desc":"Pour effectuer un stage dans d'autres \u00e9tablissements, il faut d'abord que l'organisme choisi et l'Universit\u00e9 aient conclu une convention de stage","_seopress_robots_index":"","footnotes":""},"tags":[],"class_list":["post-6112","page","type-page","status-publish","hentry"],"acf":[],"publishpress_future_action":{"enabled":false,"date":"2026-04-12 19:45:12","action":"change-status","newStatus":"draft","terms":[],"taxonomy":"post_tag","extraData":[]},"publishpress_future_workflow_manual_trigger":{"enabledWorkflows":[]},"_links":{"self":[{"href":"https:\/\/www.univda.it\/fr\/wp-json\/wp\/v2\/pages\/6112","targetHints":{"allow":["GET"]}}],"collection":[{"href":"https:\/\/www.univda.it\/fr\/wp-json\/wp\/v2\/pages"}],"about":[{"href":"https:\/\/www.univda.it\/fr\/wp-json\/wp\/v2\/types\/page"}],"author":[{"embeddable":true,"href":"https:\/\/www.univda.it\/fr\/wp-json\/wp\/v2\/users\/1"}],"replies":[{"embeddable":true,"href":"https:\/\/www.univda.it\/fr\/wp-json\/wp\/v2\/comments?post=6112"}],"version-history":[{"count":1,"href":"https:\/\/www.univda.it\/fr\/wp-json\/wp\/v2\/pages\/6112\/revisions"}],"predecessor-version":[{"id":6113,"href":"https:\/\/www.univda.it\/fr\/wp-json\/wp\/v2\/pages\/6112\/revisions\/6113"}],"up":[{"embeddable":true,"href":"https:\/\/www.univda.it\/fr\/wp-json\/wp\/v2\/pages\/6104"}],"wp:attachment":[{"href":"https:\/\/www.univda.it\/fr\/wp-json\/wp\/v2\/media?parent=6112"}],"wp:term":[{"taxonomy":"post_tag","embeddable":true,"href":"https:\/\/www.univda.it\/fr\/wp-json\/wp\/v2\/tags?post=6112"}],"curies":[{"name":"wp","href":"https:\/\/api.w.org\/{rel}","templated":true}]}}