{"id":6138,"date":"2018-12-13T12:25:37","date_gmt":"2018-12-13T11:25:37","guid":{"rendered":"https:\/\/www.univda.it\/?page_id=6138"},"modified":"2020-06-23T15:45:54","modified_gmt":"2020-06-23T13:45:54","slug":"formulaires","status":"publish","type":"page","link":"https:\/\/www.univda.it\/fr\/services\/stages-et-insertion-professionnelle\/le-stage-pour-les-diplomes-en-psychologie\/formulaires\/","title":{"rendered":"Formulaires"},"content":{"rendered":"<div>Avant le d\u00e9but du stage :<\/div>\n<ul>\n<li><a href=\"https:\/\/www.univda.it\/wp-content\/uploads\/2018\/12\/Domanda_di_iscrizione.doc\">Demande d&rsquo;inscription<\/a><a href=\"https:\/\/www.univda.it\/UploadDocs\/442_Domanda_di_iscrizione.pdf\">,<\/a>\u00a0adress\u00e9e au Recteur, \u00e0 remettre au Secr\u00e9tariat des \u00e9tudiants\u00a0;<\/li>\n<li><a href=\"https:\/\/www.univda.it\/wp-content\/uploads\/2018\/12\/MODULO_TIROCINIO_A_INTERNO.doc\">programme du stage section A du Tableau de l&rsquo;ordre professionnel, pour les dipl\u00f4m\u00e9s de Master<\/a>,\u00a0dans les locaux de l&rsquo;Universit\u00e9 de la Vall\u00e9e d&rsquo;Aoste\u00a0\u00a0;<\/li>\n<li><a href=\"https:\/\/www.univda.it\/wp-content\/uploads\/2018\/12\/MODULO_TIROCINIO_B_INTERNO.doc\">programme du stage section B du Tableau de l&rsquo;ordre professionnel, pour les dipl\u00f4m\u00e9s de licence<\/a>,\u00a0dans les locaux de\u00a0l&rsquo;Universit\u00e9 de la Vall\u00e9e d&rsquo;Aoste\u00a0;<\/li>\n<li><b><\/b><b><a href=\"https:\/\/www.univda.it\/wp-content\/uploads\/2018\/12\/MODULO_TIROCINIO_A_ESTERNO.doc\">programme du stage section A du Tableau de l&rsquo;ordre professionnel, pour les dipl\u00f4m\u00e9s de Master, dans des organismes conventionn\u00e9s<\/a><\/b>\u00a0avec\u00a0l&rsquo;Universit\u00e9 de la Vall\u00e9e d&rsquo;Aoste\u00a0;<\/li>\n<li><b><\/b><b><a href=\"https:\/\/www.univda.it\/wp-content\/uploads\/2018\/12\/MODULO_TIROCINIO_B_ESTERNO-1.doc\">programme du stage section B du Tableau de l&rsquo;ordre professionnel, pour les dipl\u00f4m\u00e9s de licence, dans des organismes conventionn\u00e9s <\/a><\/b>\u00a0avec l&rsquo;Universit\u00e0 della Valle d&rsquo;Aosta &#8211; Universit\u00e9 de la Vall\u00e9e d&rsquo;Aoste.<\/li>\n<\/ul>\n<div><\/div>\n<div>Au terme du stage, en plus de son carnet de stage rempli et sign\u00e9, l&rsquo;\u00e9tudiant doit remettre :<\/div>\n<ul>\n<li>le<b><\/b><b><a href=\"https:\/\/www.univda.it\/wp-content\/uploads\/2018\/12\/questionario_autovalutaz_tirocinante.pdf\">questionnaire d&rsquo;auto\u00e9valuation du stage<\/a><\/b>\u00a0(l&rsquo;\u00e9tudiant qui a effectu\u00e9 deux semestres, soit dans deux organismes diff\u00e9rents, soit avec l&rsquo;encadrement de deux tuteurs diff\u00e9rents, doit remplir deux questionnaires) ;<\/li>\n<li>le\u00a0<a href=\"https:\/\/www.univda.it\/wp-content\/uploads\/2018\/12\/questionario_valutazione_tutor_UniVdA.pdf\">questionnaire d&rsquo;\u00e9valuation du stage<\/a> \u00e0 remplir par le psychologue-tuteur (si l&rsquo;\u00e9tudiant a effectu\u00e9 deux semestres avec l&rsquo;encadrement de deux tuteurs diff\u00e9rents, chaque tuteur devra remplir un questionnaire).<\/li>\n<\/ul>\n","protected":false},"excerpt":{"rendered":"<p>Avant le d\u00e9but du stage : Demande d&rsquo;inscription,\u00a0adress\u00e9e au Recteur, \u00e0 remettre au Secr\u00e9tariat des \u00e9tudiants\u00a0; programme du stage section A du Tableau de l&rsquo;ordre professionnel, pour les dipl\u00f4m\u00e9s de Master,\u00a0dans les locaux de l&rsquo;Universit\u00e9 de la Vall\u00e9e d&rsquo;Aoste\u00a0\u00a0; programme du stage section B du Tableau de l&rsquo;ordre professionnel, pour les dipl\u00f4m\u00e9s de licence,\u00a0dans les [&hellip;]<\/p>\n","protected":false},"author":1,"featured_media":0,"parent":6104,"menu_order":0,"comment_status":"closed","ping_status":"closed","template":"page-full-width.php","meta":{"_seopress_robots_primary_cat":"","_seopress_titles_title":"%%title%% %%sep%% Universit\u00e9 de la Vall\u00e9e d'Aoste","_seopress_titles_desc":"Documents exig\u00e9s pour le stage pour les dipl\u00f4m\u00e9s en Psychologie pour les \u00e9tudiants de la Vall\u00e9e d'Aoste","_seopress_robots_index":"","footnotes":""},"tags":[],"class_list":["post-6138","page","type-page","status-publish","hentry"],"acf":[],"publishpress_future_action":{"enabled":false,"date":"2026-04-24 00:12:09","action":"change-status","newStatus":"draft","terms":[],"taxonomy":"post_tag","extraData":[]},"publishpress_future_workflow_manual_trigger":{"enabledWorkflows":[]},"_links":{"self":[{"href":"https:\/\/www.univda.it\/fr\/wp-json\/wp\/v2\/pages\/6138","targetHints":{"allow":["GET"]}}],"collection":[{"href":"https:\/\/www.univda.it\/fr\/wp-json\/wp\/v2\/pages"}],"about":[{"href":"https:\/\/www.univda.it\/fr\/wp-json\/wp\/v2\/types\/page"}],"author":[{"embeddable":true,"href":"https:\/\/www.univda.it\/fr\/wp-json\/wp\/v2\/users\/1"}],"replies":[{"embeddable":true,"href":"https:\/\/www.univda.it\/fr\/wp-json\/wp\/v2\/comments?post=6138"}],"version-history":[{"count":2,"href":"https:\/\/www.univda.it\/fr\/wp-json\/wp\/v2\/pages\/6138\/revisions"}],"predecessor-version":[{"id":36287,"href":"https:\/\/www.univda.it\/fr\/wp-json\/wp\/v2\/pages\/6138\/revisions\/36287"}],"up":[{"embeddable":true,"href":"https:\/\/www.univda.it\/fr\/wp-json\/wp\/v2\/pages\/6104"}],"wp:attachment":[{"href":"https:\/\/www.univda.it\/fr\/wp-json\/wp\/v2\/media?parent=6138"}],"wp:term":[{"taxonomy":"post_tag","embeddable":true,"href":"https:\/\/www.univda.it\/fr\/wp-json\/wp\/v2\/tags?post=6138"}],"curies":[{"name":"wp","href":"https:\/\/api.w.org\/{rel}","templated":true}]}}