{"id":6173,"date":"2018-12-13T13:36:00","date_gmt":"2018-12-13T12:36:00","guid":{"rendered":"https:\/\/www.univda.it\/?page_id=6173"},"modified":"2020-06-23T15:45:17","modified_gmt":"2020-06-23T13:45:17","slug":"les-debouches-professionnels-des-cursus","status":"publish","type":"page","link":"https:\/\/www.univda.it\/fr\/services\/stages-et-insertion-professionnelle\/espace-entreprises-2\/les-debouches-professionnels-des-cursus\/","title":{"rendered":"Les d\u00e9bouch\u00e9s professionnels des cursus"},"content":{"rendered":"","protected":false},"excerpt":{"rendered":"","protected":false},"author":1,"featured_media":0,"parent":6167,"menu_order":0,"comment_status":"closed","ping_status":"closed","template":"page-primo-livello.php","meta":{"_seopress_robots_primary_cat":"","_seopress_titles_title":"%%title%% %%sep%% Universit\u00e8 de la Vall\u00e9e d'Aoste","_seopress_titles_desc":"Pour conna\u00eetre le profil de nos dipl\u00f4m\u00e9s et les m\u00e9tiers auxquels pr\u00e9parent les cursus, s\u00e9lectionnez le cursus de votre choix.","_seopress_robots_index":"","footnotes":""},"tags":[],"class_list":["post-6173","page","type-page","status-publish","hentry"],"acf":[],"publishpress_future_action":{"enabled":false,"date":"2026-04-23 16:40:11","action":"change-status","newStatus":"draft","terms":[],"taxonomy":"post_tag","extraData":[]},"publishpress_future_workflow_manual_trigger":{"enabledWorkflows":[]},"_links":{"self":[{"href":"https:\/\/www.univda.it\/fr\/wp-json\/wp\/v2\/pages\/6173","targetHints":{"allow":["GET"]}}],"collection":[{"href":"https:\/\/www.univda.it\/fr\/wp-json\/wp\/v2\/pages"}],"about":[{"href":"https:\/\/www.univda.it\/fr\/wp-json\/wp\/v2\/types\/page"}],"author":[{"embeddable":true,"href":"https:\/\/www.univda.it\/fr\/wp-json\/wp\/v2\/users\/1"}],"replies":[{"embeddable":true,"href":"https:\/\/www.univda.it\/fr\/wp-json\/wp\/v2\/comments?post=6173"}],"version-history":[{"count":1,"href":"https:\/\/www.univda.it\/fr\/wp-json\/wp\/v2\/pages\/6173\/revisions"}],"predecessor-version":[{"id":6174,"href":"https:\/\/www.univda.it\/fr\/wp-json\/wp\/v2\/pages\/6173\/revisions\/6174"}],"up":[{"embeddable":true,"href":"https:\/\/www.univda.it\/fr\/wp-json\/wp\/v2\/pages\/6167"}],"wp:attachment":[{"href":"https:\/\/www.univda.it\/fr\/wp-json\/wp\/v2\/media?parent=6173"}],"wp:term":[{"taxonomy":"post_tag","embeddable":true,"href":"https:\/\/www.univda.it\/fr\/wp-json\/wp\/v2\/tags?post=6173"}],"curies":[{"name":"wp","href":"https:\/\/api.w.org\/{rel}","templated":true}]}}