{"id":6176,"date":"2018-12-13T13:39:14","date_gmt":"2018-12-13T12:39:14","guid":{"rendered":"https:\/\/www.univda.it\/?page_id=6176"},"modified":"2020-06-23T15:47:21","modified_gmt":"2020-06-23T13:47:21","slug":"licence-en-langues-et-communication-pour-lentreprise-et-le-tourisme","status":"publish","type":"page","link":"https:\/\/www.univda.it\/fr\/services\/stages-et-insertion-professionnelle\/espace-entreprises-2\/les-debouches-professionnels-des-cursus\/licence-en-langues-et-communication-pour-lentreprise-et-le-tourisme\/","title":{"rendered":"Licence en Langues et communication pour l&rsquo;entreprise et le tourisme"},"content":{"rendered":"<p>Le cursus a pour objectif de former des professionnels capables d&rsquo;assumer des t\u00e2ches dans des entreprises \u00e0 vocation internationale, notamment dans le domaine de la gestion d&rsquo;entreprise et des rapports avec l&rsquo;\u00e9tranger. Il offre des d\u00e9bouch\u00e9s professionnels dans le secteur du tourisme (voyagistes, agences, h\u00f4tellerie, experts en langues et traducteurs\u00a0s&rsquo;adressant notamment \u00e0 l&rsquo;espace francophone) et d&rsquo;int\u00e9ressantes opportunit\u00e9s d&#8217;emploi dans la communication d&rsquo;entreprise et notamment :<\/p>\n<ul>\n<li>dans les secteurs du tourisme et de la distribution commerciale ;<\/li>\n<li>au sein des entreprises entretenant des \u00e9changes commerciaux avec l&rsquo;\u00e9tranger ;<\/li>\n<li>dans les secteurs des m\u00e9dias, de l&rsquo;\u00e9dition et de la communication ;<\/li>\n<li>au sein des entreprises ayant un si\u00e8ge \u00e0 l&rsquo;\u00e9tranger (ou des entreprises \u00e9trang\u00e8res pr\u00e9sentes en Italie) ;<\/li>\n<li>au sein des organisations publiques ou priv\u00e9es ayant des rapports avec l&rsquo;\u00e9tranger ;<\/li>\n<li>dans les organisations supranationales et communautaires.<\/li>\n<\/ul>\n<div><\/div>\n<div><strong>Le cursus forme les \u00e9tudiants aux m\u00e9tiers suivants\u00a0:<\/strong><\/div>\n<ul>\n<li>Organisateurs de foires et de conf\u00e9rences et assimil\u00e9s &#8211; (3.4.1.2)<\/li>\n<li>Animateurs touristiques et assimil\u00e9s &#8211; (3.4.1.3)<\/li>\n<li>Personnels de la vente et de la distribution &#8211; (3.3.3.4)<\/li>\n<li>Agents de voyage &#8211; (3.4.1.4)<\/li>\n<li>Correspondanciers multilingues et assimil\u00e9s &#8211; (3.3.1.5.0)<\/li>\n<li>Consultants en gestion financi\u00e8re d&rsquo;entreprise &#8211; (3.3.2.1.1)<\/li>\n<li>Agents de d\u00e9veloppement touristique et assimil\u00e9s &#8211; (3.4.1.1)<\/li>\n<\/ul>\n","protected":false},"excerpt":{"rendered":"<p>Le cursus a pour objectif de former des professionnels capables d&rsquo;assumer des t\u00e2ches dans des entreprises \u00e0 vocation internationale, notamment dans le domaine de la gestion d&rsquo;entreprise et des rapports avec l&rsquo;\u00e9tranger. Il offre des d\u00e9bouch\u00e9s professionnels dans le secteur du tourisme (voyagistes, agences, h\u00f4tellerie, experts en langues et traducteurs\u00a0s&rsquo;adressant notamment \u00e0 l&rsquo;espace francophone) et [&hellip;]<\/p>\n","protected":false},"author":1,"featured_media":0,"parent":6173,"menu_order":0,"comment_status":"closed","ping_status":"closed","template":"page-full-width.php","meta":{"_seopress_robots_primary_cat":"","_seopress_titles_title":"%%title%% %%sep%% Les d\u00e9bouch\u00e9s professionnels","_seopress_titles_desc":"Le cursus a pour objectif de former des professionnels capables d'assumer des t\u00e2ches dans des entreprises \u00e0 vocation internationale","_seopress_robots_index":"","footnotes":""},"tags":[],"class_list":["post-6176","page","type-page","status-publish","hentry"],"acf":[],"publishpress_future_action":{"enabled":false,"date":"2026-04-24 06:34:58","action":"change-status","newStatus":"draft","terms":[],"taxonomy":"post_tag","extraData":[]},"publishpress_future_workflow_manual_trigger":{"enabledWorkflows":[]},"_links":{"self":[{"href":"https:\/\/www.univda.it\/fr\/wp-json\/wp\/v2\/pages\/6176","targetHints":{"allow":["GET"]}}],"collection":[{"href":"https:\/\/www.univda.it\/fr\/wp-json\/wp\/v2\/pages"}],"about":[{"href":"https:\/\/www.univda.it\/fr\/wp-json\/wp\/v2\/types\/page"}],"author":[{"embeddable":true,"href":"https:\/\/www.univda.it\/fr\/wp-json\/wp\/v2\/users\/1"}],"replies":[{"embeddable":true,"href":"https:\/\/www.univda.it\/fr\/wp-json\/wp\/v2\/comments?post=6176"}],"version-history":[{"count":1,"href":"https:\/\/www.univda.it\/fr\/wp-json\/wp\/v2\/pages\/6176\/revisions"}],"predecessor-version":[{"id":6177,"href":"https:\/\/www.univda.it\/fr\/wp-json\/wp\/v2\/pages\/6176\/revisions\/6177"}],"up":[{"embeddable":true,"href":"https:\/\/www.univda.it\/fr\/wp-json\/wp\/v2\/pages\/6173"}],"wp:attachment":[{"href":"https:\/\/www.univda.it\/fr\/wp-json\/wp\/v2\/media?parent=6176"}],"wp:term":[{"taxonomy":"post_tag","embeddable":true,"href":"https:\/\/www.univda.it\/fr\/wp-json\/wp\/v2\/tags?post=6176"}],"curies":[{"name":"wp","href":"https:\/\/api.w.org\/{rel}","templated":true}]}}