{"id":6180,"date":"2018-12-13T13:42:40","date_gmt":"2018-12-13T12:42:40","guid":{"rendered":"https:\/\/www.univda.it\/?page_id=6180"},"modified":"2020-06-23T15:47:27","modified_gmt":"2020-06-23T13:47:27","slug":"licence-en-sciences-de-leconomie-et-de-la-gestion-dentreprise","status":"publish","type":"page","link":"https:\/\/www.univda.it\/fr\/services\/stages-et-insertion-professionnelle\/espace-entreprises-2\/les-debouches-professionnels-des-cursus\/licence-en-sciences-de-leconomie-et-de-la-gestion-dentreprise\/","title":{"rendered":"Licence en Sciences de l&rsquo;\u00e9conomie et de la gestion d&rsquo;entreprise"},"content":{"rendered":"<p>La Licence en Sciences de l&rsquo;\u00e9conomie offre aux dipl\u00f4m\u00e9s de nombreux d\u00e9bouch\u00e9s professionnels :<\/p>\n<ul>\n<li>dans les entreprises, dans leurs diff\u00e9rents domaines fonctionnels et \u00e0 tous les niveaux\u00a0: un domaine prioritaire est constitu\u00e9 par les entreprises touristiques, dont la structure fragment\u00e9e exige, face aux processus actuels de croissance et de concentration, des ressources et des comp\u00e9tences manag\u00e9riales qualifi\u00e9es ;<\/li>\n<li>dans les administrations publiques, les entreprises de service public, les organisations non marchandes, les diff\u00e9rents secteurs de la gestion (administrative, financi\u00e8re, organisationnelle, des relations ext\u00e9rieures, etc.) ;<\/li>\n<li>dans les institutions engag\u00e9es, \u00e0 quelque titre que ce soit, dans le d\u00e9veloppement \u00e9conomique d&rsquo;une zone touristique (instituts de recherche, centres de services aux entreprises, agences de d\u00e9veloppement local, chambres de commerce, organisations professionnelles, offices de tourisme, etc.), o\u00f9 les dipl\u00f4m\u00e9s peuvent exercer des fonctions manag\u00e9riales dans les diff\u00e9rents secteurs d&rsquo;activit\u00e9 ; dans les nouvelles entreprises et les entreprises en phase de d\u00e9marrage.<\/li>\n<\/ul>\n<div><\/div>\n<div><strong>Le cursus forme les \u00e9tudiants aux m\u00e9tiers suivants :<\/strong><\/div>\n<div>Entrepreneurs, g\u00e9rants et responsables de petites entreprises (h\u00f4tels et commerces) &#8211; (1.3.1.5)<\/div>\n<div>Sp\u00e9cialistes des relations avec le march\u00e9 &#8211; (2.5.1.5)<\/div>\n<div>Sp\u00e9cialistes de la comptabilit\u00e9 et des probl\u00e8mes financiers &#8211; (2.5.1.4)<\/div>\n<div>Entrepreneurs, g\u00e9rants et responsables de petites entreprises dans l&rsquo;industrie stricto sensu &#8211; (1.3.1.2)<\/div>\n<div>Sp\u00e9cialistes de la gestion et du contr\u00f4le dans les entreprises priv\u00e9es &#8211; (2.5.1.2)<\/div>\n<div>Entrepreneurs, g\u00e9rants et responsables de petites entreprises dans le secteur commercial &#8211; (1.3.1.4)<\/div>\n<div>Sp\u00e9cialistes de la gestion et du contr\u00f4le dans l&rsquo;administration publique &#8211; (2.5.1.1)<\/div>\n","protected":false},"excerpt":{"rendered":"<p>La Licence en Sciences de l&rsquo;\u00e9conomie offre aux dipl\u00f4m\u00e9s de nombreux d\u00e9bouch\u00e9s professionnels : dans les entreprises, dans leurs diff\u00e9rents domaines fonctionnels et \u00e0 tous les niveaux\u00a0: un domaine prioritaire est constitu\u00e9 par les entreprises touristiques, dont la structure fragment\u00e9e exige, face aux processus actuels de croissance et de concentration, des ressources et des comp\u00e9tences [&hellip;]<\/p>\n","protected":false},"author":1,"featured_media":0,"parent":6173,"menu_order":0,"comment_status":"closed","ping_status":"closed","template":"page-full-width.php","meta":{"_seopress_robots_primary_cat":"","_seopress_titles_title":"%%title%% %%sep%% D\u00e9bouch\u00e9s professionnels","_seopress_titles_desc":"La Licence en Sciences de l'\u00e9conomie offre aux dipl\u00f4m\u00e9s de nombreux d\u00e9bouch\u00e9s professionnels : dans les entreprises et dans les administrations publiques","_seopress_robots_index":"","footnotes":""},"tags":[],"class_list":["post-6180","page","type-page","status-publish","hentry"],"acf":[],"publishpress_future_action":{"enabled":false,"date":"2026-04-23 14:41:04","action":"change-status","newStatus":"draft","terms":[],"taxonomy":"post_tag","extraData":[]},"publishpress_future_workflow_manual_trigger":{"enabledWorkflows":[]},"_links":{"self":[{"href":"https:\/\/www.univda.it\/fr\/wp-json\/wp\/v2\/pages\/6180","targetHints":{"allow":["GET"]}}],"collection":[{"href":"https:\/\/www.univda.it\/fr\/wp-json\/wp\/v2\/pages"}],"about":[{"href":"https:\/\/www.univda.it\/fr\/wp-json\/wp\/v2\/types\/page"}],"author":[{"embeddable":true,"href":"https:\/\/www.univda.it\/fr\/wp-json\/wp\/v2\/users\/1"}],"replies":[{"embeddable":true,"href":"https:\/\/www.univda.it\/fr\/wp-json\/wp\/v2\/comments?post=6180"}],"version-history":[{"count":1,"href":"https:\/\/www.univda.it\/fr\/wp-json\/wp\/v2\/pages\/6180\/revisions"}],"predecessor-version":[{"id":6181,"href":"https:\/\/www.univda.it\/fr\/wp-json\/wp\/v2\/pages\/6180\/revisions\/6181"}],"up":[{"embeddable":true,"href":"https:\/\/www.univda.it\/fr\/wp-json\/wp\/v2\/pages\/6173"}],"wp:attachment":[{"href":"https:\/\/www.univda.it\/fr\/wp-json\/wp\/v2\/media?parent=6180"}],"wp:term":[{"taxonomy":"post_tag","embeddable":true,"href":"https:\/\/www.univda.it\/fr\/wp-json\/wp\/v2\/tags?post=6180"}],"curies":[{"name":"wp","href":"https:\/\/api.w.org\/{rel}","templated":true}]}}