{"id":6184,"date":"2018-12-13T13:46:03","date_gmt":"2018-12-13T12:46:03","guid":{"rendered":"https:\/\/www.univda.it\/?page_id=6184"},"modified":"2020-06-23T15:51:11","modified_gmt":"2020-06-23T13:51:11","slug":"licence-en-sciences-de-leducation","status":"publish","type":"page","link":"https:\/\/www.univda.it\/fr\/services\/stages-et-insertion-professionnelle\/espace-entreprises-2\/les-debouches-professionnels-des-cursus\/licence-en-sciences-de-leducation\/","title":{"rendered":"Licence en Sciences de l&rsquo;\u00e9ducation"},"content":{"rendered":"<div>La Licence pr\u00e9pare les \u00e9tudiants aux m\u00e9tiers suivants :<\/div>\n<ul>\n<li>\u00c9ducateur et animateur socio-\u00e9ducatif dans les structures publiques et priv\u00e9es qui g\u00e8rent et\/ou offrent des services sociaux et socio-sanitaires (r\u00e9sidentiels, \u00e0 domicile et territoriaux) pr\u00e9vus par la loi n\u00b0 328 de 2000, \u00e0 l&rsquo;intention des familles, des mineurs, des personnes \u00e2g\u00e9es, des d\u00e9tenus, des \u00e9trangers, des nomades, et des services culturels, r\u00e9cr\u00e9atifs, sportifs (centres d&rsquo;agr\u00e9gation pour les jeunes, biblioth\u00e8ques, m\u00e9diath\u00e8ques, ludoth\u00e8ques, mus\u00e9es, etc.) ainsi que des services d&rsquo;\u00e9ducation \u00e0 l&rsquo;environnement (parcs, \u00e9comus\u00e9es, agences environnementales, etc.) ;<\/li>\n<li>formateur, instructeur ou tuteur aupr\u00e8s des services de formation professionnelle et continue, publics et priv\u00e9s et du priv\u00e9 social, dans les entreprises et dans les associations professionnelles ;<\/li>\n<li>\u00e9ducateur dans les cr\u00e8ches et dans les communaut\u00e9s d&rsquo;enfants, dans les services de soutien parental, au sein des structures pr\u00e9scolaires, scolaires et extrascolaires et des services \u00e9ducatifs pour l&rsquo;enfance ;<\/li>\n<li>\u00e9ducateur dans des organismes publics et priv\u00e9s, nationaux et internationaux (surintendances, assessorats, mus\u00e9es, galeries, biblioth\u00e8ques, archives, fondations et instituts de recherche, parcs naturels, fermes p\u00e9dagogiques, etc.) ainsi que dans des associations, des coop\u00e9ratives, des entreprises et des organisations engag\u00e9es dans la valorisation, la promotion, la jouissance, la r\u00e9cup\u00e9ration et la sauvegarde des biens environnementaux et culturels. Ils pourront, en outre, travailler en tant que m\u00e9diateurs dans les structures territoriales engag\u00e9es dans la sauvegarde du patrimoine environnemental et culturel sous toutes ses formes, dans la valorisation et la gestion du territoire et dans la planification de mod\u00e8les de d\u00e9veloppement durable.<\/li>\n<\/ul>\n","protected":false},"excerpt":{"rendered":"<p>La Licence pr\u00e9pare les \u00e9tudiants aux m\u00e9tiers suivants : \u00c9ducateur et animateur socio-\u00e9ducatif dans les structures publiques et priv\u00e9es qui g\u00e8rent et\/ou offrent des services sociaux et socio-sanitaires (r\u00e9sidentiels, \u00e0 domicile et territoriaux) pr\u00e9vus par la loi n\u00b0 328 de 2000, \u00e0 l&rsquo;intention des familles, des mineurs, des personnes \u00e2g\u00e9es, des d\u00e9tenus, des \u00e9trangers, des [&hellip;]<\/p>\n","protected":false},"author":1,"featured_media":0,"parent":6173,"menu_order":130,"comment_status":"closed","ping_status":"closed","template":"page-full-width.php","meta":{"_seopress_robots_primary_cat":"","_seopress_titles_title":"%%title%% %%sep%% D\u00e9bouch\u00e9s professionnels","_seopress_titles_desc":"La Licence pr\u00e9pare les \u00e9tudiants aux m\u00e9tiers suivants \u00c9ducateur et animateur socio-\u00e9ducatif, ormateur, instructeur et \u00e9ducateur","_seopress_robots_index":"","footnotes":""},"tags":[],"class_list":["post-6184","page","type-page","status-publish","hentry"],"acf":[],"publishpress_future_action":{"enabled":false,"date":"2026-04-23 18:30:40","action":"change-status","newStatus":"draft","terms":[],"taxonomy":"post_tag","extraData":[]},"publishpress_future_workflow_manual_trigger":{"enabledWorkflows":[]},"_links":{"self":[{"href":"https:\/\/www.univda.it\/fr\/wp-json\/wp\/v2\/pages\/6184","targetHints":{"allow":["GET"]}}],"collection":[{"href":"https:\/\/www.univda.it\/fr\/wp-json\/wp\/v2\/pages"}],"about":[{"href":"https:\/\/www.univda.it\/fr\/wp-json\/wp\/v2\/types\/page"}],"author":[{"embeddable":true,"href":"https:\/\/www.univda.it\/fr\/wp-json\/wp\/v2\/users\/1"}],"replies":[{"embeddable":true,"href":"https:\/\/www.univda.it\/fr\/wp-json\/wp\/v2\/comments?post=6184"}],"version-history":[{"count":1,"href":"https:\/\/www.univda.it\/fr\/wp-json\/wp\/v2\/pages\/6184\/revisions"}],"predecessor-version":[{"id":6185,"href":"https:\/\/www.univda.it\/fr\/wp-json\/wp\/v2\/pages\/6184\/revisions\/6185"}],"up":[{"embeddable":true,"href":"https:\/\/www.univda.it\/fr\/wp-json\/wp\/v2\/pages\/6173"}],"wp:attachment":[{"href":"https:\/\/www.univda.it\/fr\/wp-json\/wp\/v2\/media?parent=6184"}],"wp:term":[{"taxonomy":"post_tag","embeddable":true,"href":"https:\/\/www.univda.it\/fr\/wp-json\/wp\/v2\/tags?post=6184"}],"curies":[{"name":"wp","href":"https:\/\/api.w.org\/{rel}","templated":true}]}}