{"id":6194,"date":"2018-12-13T13:51:47","date_gmt":"2018-12-13T12:51:47","guid":{"rendered":"https:\/\/www.univda.it\/?page_id=6194"},"modified":"2020-06-23T15:51:02","modified_gmt":"2020-06-23T13:51:02","slug":"licence-en-sciences-politiques-et-des-relations-internationales","status":"publish","type":"page","link":"https:\/\/www.univda.it\/fr\/services\/stages-et-insertion-professionnelle\/espace-entreprises-2\/les-debouches-professionnels-des-cursus\/licence-en-sciences-politiques-et-des-relations-internationales\/","title":{"rendered":"Licence en Sciences politiques et des Relations internationales"},"content":{"rendered":"<p>La Licence en Sciences politiques et des Relations internationales offre \u00e0 ses dipl\u00f4m\u00e9s les d\u00e9bouch\u00e9s professionnels suivants aux plans local, national et international :<\/p>\n<ul>\n<li>secteur priv\u00e9\u00a0: le dipl\u00f4me en Sciences politiques et des relations internationales donne acc\u00e8s aux cadres d&rsquo;entreprises et d&rsquo;organismes priv\u00e9s, dans les secteurs de l&rsquo;administration g\u00e9n\u00e9rale et des ressources humaines. Il permet en outre de travailler dans des entreprises op\u00e9rant \u00e0 l&rsquo;\u00e9chelle internationale ou qui souhaitent recruter des personnels qualifi\u00e9s, notamment les entreprises qui entretiennent des relations suivies avec des op\u00e9rateurs publics, nationaux et internationaux, ou qui sont actives dans le secteur de la communication (\u00e9dition, communication commerciale, organisation d&rsquo;\u00e9v\u00e9nements culturels, journalisme) et qui n\u00e9cessitent des dipl\u00f4m\u00e9s dot\u00e9s d&rsquo;un fort profil pluridisciplinaire et ayant une excellente ma\u00eetrise du fran\u00e7ais et de l&rsquo;anglais. Toujours dans le secteur priv\u00e9, les dipl\u00f4m\u00e9s pourront exercer une activit\u00e9 d&rsquo;experts ind\u00e9pendants dans les domaines de la consultance, de la gestion des ressources ext\u00e9rieures, de la gestion et du d\u00e9veloppement des relations publiques et de la communication ;<\/li>\n<li>secteur public\u00a0: organismes locaux, r\u00e9gionaux et nationaux, qui consid\u00e8rent l&rsquo;insertion de dipl\u00f4m\u00e9s poss\u00e9dant une bonne pr\u00e9paration pluridisciplinaire coupl\u00e9e \u00e0 des comp\u00e9tences sp\u00e9cifiques en droit et en \u00e9conomie, comme une opportunit\u00e9 pour exploiter au mieux les programmes communautaires et pour ajuster l&rsquo;action administrative en fonction d&rsquo;un cadre normatif en perp\u00e9tuelle \u00e9volution, dans le but de rendre l&rsquo;activit\u00e9 du secteur public plus efficace, performante et \u00e9conomique ;<\/li>\n<li>organisations internationales : organisations communautaires (aupr\u00e8s du Parlement et de la Commission Europ\u00e9enne) et internationales (si\u00e8ges de l&rsquo;ONU, notamment les organisations implant\u00e9es en Suisse), dans lesquelles le dipl\u00f4m\u00e9, dot\u00e9 d&rsquo;une bonne pr\u00e9paration pluridisciplinaire et de comp\u00e9tences sp\u00e9cifiques en droit, en \u00e9conomie et en histoire, peut repr\u00e9senter une ressource importante gr\u00e2ce \u00e0 sa diversit\u00e9 et \u00e0 sa formation linguistique de niveau avanc\u00e9.<\/li>\n<\/ul>\n<div><\/div>\n<div><strong>Le cursus forme les \u00e9tudiants aux m\u00e9tiers suivants:<\/strong><\/div>\n<div>\n<p>Secr\u00e9taires administratifs et charg\u00e9s des affaires g\u00e9n\u00e9rales (3.3.1.1.1)<\/p>\n<p>Charg\u00e9s des relations ext\u00e9rieures (3.3.3.6.2.)<\/p>\n<p>Organisateurs de foires, d&rsquo;expositions et d&rsquo;\u00e9v\u00e9nements culturels (3.4.1.2.1)<\/p>\n<p>Organisateurs de congr\u00e8s et de r\u00e9ceptions (3.4.1.2.2.)<\/p>\n<\/div>\n","protected":false},"excerpt":{"rendered":"<p>La Licence en Sciences politiques et des Relations internationales offre \u00e0 ses dipl\u00f4m\u00e9s les d\u00e9bouch\u00e9s professionnels suivants aux plans local, national et international : secteur priv\u00e9\u00a0: le dipl\u00f4me en Sciences politiques et des relations internationales donne acc\u00e8s aux cadres d&rsquo;entreprises et d&rsquo;organismes priv\u00e9s, dans les secteurs de l&rsquo;administration g\u00e9n\u00e9rale et des ressources humaines. Il permet [&hellip;]<\/p>\n","protected":false},"author":1,"featured_media":0,"parent":6173,"menu_order":0,"comment_status":"closed","ping_status":"closed","template":"page-full-width.php","meta":{"_seopress_robots_primary_cat":"","_seopress_titles_title":"%%title%% %%sep%%D\u00e9bouch\u00e9s professionnels","_seopress_titles_desc":"La Licence en Sciences politiques et des Relations internationales offre \u00e0 ses dipl\u00f4m\u00e9s les d\u00e9bouch\u00e9s professionnels suivants aux plans local, national et international","_seopress_robots_index":"","footnotes":""},"tags":[],"class_list":["post-6194","page","type-page","status-publish","hentry"],"acf":[],"publishpress_future_action":{"enabled":false,"date":"2026-05-05 18:29:37","action":"change-status","newStatus":"draft","terms":[],"taxonomy":"post_tag","extraData":[]},"publishpress_future_workflow_manual_trigger":{"enabledWorkflows":[]},"_links":{"self":[{"href":"https:\/\/www.univda.it\/fr\/wp-json\/wp\/v2\/pages\/6194","targetHints":{"allow":["GET"]}}],"collection":[{"href":"https:\/\/www.univda.it\/fr\/wp-json\/wp\/v2\/pages"}],"about":[{"href":"https:\/\/www.univda.it\/fr\/wp-json\/wp\/v2\/types\/page"}],"author":[{"embeddable":true,"href":"https:\/\/www.univda.it\/fr\/wp-json\/wp\/v2\/users\/1"}],"replies":[{"embeddable":true,"href":"https:\/\/www.univda.it\/fr\/wp-json\/wp\/v2\/comments?post=6194"}],"version-history":[{"count":1,"href":"https:\/\/www.univda.it\/fr\/wp-json\/wp\/v2\/pages\/6194\/revisions"}],"predecessor-version":[{"id":6195,"href":"https:\/\/www.univda.it\/fr\/wp-json\/wp\/v2\/pages\/6194\/revisions\/6195"}],"up":[{"embeddable":true,"href":"https:\/\/www.univda.it\/fr\/wp-json\/wp\/v2\/pages\/6173"}],"wp:attachment":[{"href":"https:\/\/www.univda.it\/fr\/wp-json\/wp\/v2\/media?parent=6194"}],"wp:term":[{"taxonomy":"post_tag","embeddable":true,"href":"https:\/\/www.univda.it\/fr\/wp-json\/wp\/v2\/tags?post=6194"}],"curies":[{"name":"wp","href":"https:\/\/api.w.org\/{rel}","templated":true}]}}