{"id":6199,"date":"2018-12-13T13:54:39","date_gmt":"2018-12-13T12:54:39","guid":{"rendered":"https:\/\/www.univda.it\/?page_id=6199"},"modified":"2020-06-23T15:51:07","modified_gmt":"2020-06-23T13:51:07","slug":"master-a-cycle-unique-en-sciences-de-la-formation-primaire","status":"publish","type":"page","link":"https:\/\/www.univda.it\/fr\/services\/stages-et-insertion-professionnelle\/espace-entreprises-2\/les-debouches-professionnels-des-cursus\/master-a-cycle-unique-en-sciences-de-la-formation-primaire\/","title":{"rendered":"Master \u00e0 cycle unique en Sciences de la formation primaire"},"content":{"rendered":"<div>Le cursus a pour but la formation des professeurs des \u00e9coles maternelles et des \u00e9coles primaires, des enseignants charg\u00e9s de l&rsquo;alphab\u00e9tisation des adultes et du personnel \u00e0 affecter aux \u00e9tablissements scolaires.<\/div>\n<div><\/div>\n<div>Le cursus forme les \u00e9tudiants aux m\u00e9tiers suivants :<\/div>\n<ul>\n<li>\u00c9ducateurs de la petite enfance &#8211; (2.6.4.2.0)<\/li>\n<li>Sp\u00e9cialistes de l&rsquo;\u00e9ducation et de la formation des personnes handicap\u00e9es &#8211; (2.6.5.1.0)<\/li>\n<li>Professeurs des \u00e9coles primaires &#8211; (2.6.4.1.0)<\/li>\n<\/ul>\n","protected":false},"excerpt":{"rendered":"<p>Le cursus a pour but la formation des professeurs des \u00e9coles maternelles et des \u00e9coles primaires, des enseignants charg\u00e9s de l&rsquo;alphab\u00e9tisation des adultes et du personnel \u00e0 affecter aux \u00e9tablissements scolaires. Le cursus forme les \u00e9tudiants aux m\u00e9tiers suivants : \u00c9ducateurs de la petite enfance &#8211; (2.6.4.2.0) Sp\u00e9cialistes de l&rsquo;\u00e9ducation et de la formation des [&hellip;]<\/p>\n","protected":false},"author":1,"featured_media":0,"parent":6173,"menu_order":0,"comment_status":"closed","ping_status":"closed","template":"page-full-width.php","meta":{"_seopress_robots_primary_cat":"","_seopress_titles_title":"%%title%% %%sep%% D\u00e9bouch\u00e9s professionnels","_seopress_titles_desc":"Le cursus a pour but la formation des professeurs des \u00e9coles maternelles et des \u00e9coles primaires, des enseignants charg\u00e9s de l'alphab\u00e9tisation des adultes","_seopress_robots_index":"","footnotes":""},"tags":[],"class_list":["post-6199","page","type-page","status-publish","hentry"],"acf":[],"publishpress_future_action":{"enabled":false,"date":"2026-04-23 18:30:14","action":"change-status","newStatus":"draft","terms":[],"taxonomy":"post_tag","extraData":[]},"publishpress_future_workflow_manual_trigger":{"enabledWorkflows":[]},"_links":{"self":[{"href":"https:\/\/www.univda.it\/fr\/wp-json\/wp\/v2\/pages\/6199","targetHints":{"allow":["GET"]}}],"collection":[{"href":"https:\/\/www.univda.it\/fr\/wp-json\/wp\/v2\/pages"}],"about":[{"href":"https:\/\/www.univda.it\/fr\/wp-json\/wp\/v2\/types\/page"}],"author":[{"embeddable":true,"href":"https:\/\/www.univda.it\/fr\/wp-json\/wp\/v2\/users\/1"}],"replies":[{"embeddable":true,"href":"https:\/\/www.univda.it\/fr\/wp-json\/wp\/v2\/comments?post=6199"}],"version-history":[{"count":1,"href":"https:\/\/www.univda.it\/fr\/wp-json\/wp\/v2\/pages\/6199\/revisions"}],"predecessor-version":[{"id":6200,"href":"https:\/\/www.univda.it\/fr\/wp-json\/wp\/v2\/pages\/6199\/revisions\/6200"}],"up":[{"embeddable":true,"href":"https:\/\/www.univda.it\/fr\/wp-json\/wp\/v2\/pages\/6173"}],"wp:attachment":[{"href":"https:\/\/www.univda.it\/fr\/wp-json\/wp\/v2\/media?parent=6199"}],"wp:term":[{"taxonomy":"post_tag","embeddable":true,"href":"https:\/\/www.univda.it\/fr\/wp-json\/wp\/v2\/tags?post=6199"}],"curies":[{"name":"wp","href":"https:\/\/api.w.org\/{rel}","templated":true}]}}