{"id":6203,"date":"2018-12-13T13:57:51","date_gmt":"2018-12-13T12:57:51","guid":{"rendered":"https:\/\/www.univda.it\/?page_id=6203"},"modified":"2020-06-23T15:51:14","modified_gmt":"2020-06-23T13:51:14","slug":"master-en-psychologie","status":"publish","type":"page","link":"https:\/\/www.univda.it\/fr\/services\/stages-et-insertion-professionnelle\/espace-entreprises-2\/les-debouches-professionnels-des-cursus\/master-en-psychologie\/","title":{"rendered":"Master en Psychologie"},"content":{"rendered":"<p>Le titulaire du Master en Psychologie obtient le titre de Psychologue, apr\u00e8s avoir r\u00e9ussi l&rsquo;examen d&rsquo;habilitation professionnelle. Il pourra occuper des postes \u00e0 tr\u00e8s haute responsabilit\u00e9 dans la profession lib\u00e9rale, dans les organisations et dans les services sanitaires, en milieux scolaires et \u00e9ducatifs, en entreprise, dans les associations sociales, dans les services de l&rsquo;\u00e9conomie sociale et dans tout secteur d&rsquo;activit\u00e9 o\u00f9 le d\u00e9veloppement du potentiel humain s&rsquo;impose.<\/p>\n<div>Le cursus forme les \u00e9tudiants au m\u00e9tier suivant :<\/div>\n<div>Sp\u00e9cialiste en sciences psychologiques et applications pratiques avec la clinique (2.5.3.3)<\/div>\n","protected":false},"excerpt":{"rendered":"<p>Le titulaire du Master en Psychologie obtient le titre de Psychologue, apr\u00e8s avoir r\u00e9ussi l&rsquo;examen d&rsquo;habilitation professionnelle. Il pourra occuper des postes \u00e0 tr\u00e8s haute responsabilit\u00e9 dans la profession lib\u00e9rale, dans les organisations et dans les services sanitaires, en milieux scolaires et \u00e9ducatifs, en entreprise, dans les associations sociales, dans les services de l&rsquo;\u00e9conomie sociale [&hellip;]<\/p>\n","protected":false},"author":1,"featured_media":0,"parent":6173,"menu_order":171,"comment_status":"closed","ping_status":"closed","template":"page-full-width.php","meta":{"_seopress_robots_primary_cat":"","_seopress_titles_title":"%%title%% %%sep%% D\u00e9bouch\u00e9s professionnels","_seopress_titles_desc":"Le titulaire du Master en Psychologie obtient le titre de Psychologue, apr\u00e8s avoir r\u00e9ussi l'examen d'habilitation professionnelle.","_seopress_robots_index":"","footnotes":""},"tags":[],"class_list":["post-6203","page","type-page","status-publish","hentry"],"acf":[],"publishpress_future_action":{"enabled":false,"date":"2026-04-24 01:45:53","action":"change-status","newStatus":"draft","terms":[],"taxonomy":"post_tag","extraData":[]},"publishpress_future_workflow_manual_trigger":{"enabledWorkflows":[]},"_links":{"self":[{"href":"https:\/\/www.univda.it\/fr\/wp-json\/wp\/v2\/pages\/6203","targetHints":{"allow":["GET"]}}],"collection":[{"href":"https:\/\/www.univda.it\/fr\/wp-json\/wp\/v2\/pages"}],"about":[{"href":"https:\/\/www.univda.it\/fr\/wp-json\/wp\/v2\/types\/page"}],"author":[{"embeddable":true,"href":"https:\/\/www.univda.it\/fr\/wp-json\/wp\/v2\/users\/1"}],"replies":[{"embeddable":true,"href":"https:\/\/www.univda.it\/fr\/wp-json\/wp\/v2\/comments?post=6203"}],"version-history":[{"count":1,"href":"https:\/\/www.univda.it\/fr\/wp-json\/wp\/v2\/pages\/6203\/revisions"}],"predecessor-version":[{"id":6204,"href":"https:\/\/www.univda.it\/fr\/wp-json\/wp\/v2\/pages\/6203\/revisions\/6204"}],"up":[{"embeddable":true,"href":"https:\/\/www.univda.it\/fr\/wp-json\/wp\/v2\/pages\/6173"}],"wp:attachment":[{"href":"https:\/\/www.univda.it\/fr\/wp-json\/wp\/v2\/media?parent=6203"}],"wp:term":[{"taxonomy":"post_tag","embeddable":true,"href":"https:\/\/www.univda.it\/fr\/wp-json\/wp\/v2\/tags?post=6203"}],"curies":[{"name":"wp","href":"https:\/\/api.w.org\/{rel}","templated":true}]}}