{"id":6212,"date":"2018-12-13T14:02:42","date_gmt":"2018-12-13T13:02:42","guid":{"rendered":"https:\/\/www.univda.it\/?page_id=6212"},"modified":"2020-06-23T15:42:36","modified_gmt":"2020-06-23T13:42:36","slug":"services-a-lintention-des-diplomes","status":"publish","type":"page","link":"https:\/\/www.univda.it\/fr\/services\/stages-et-insertion-professionnelle\/services-a-lintention-des-diplomes\/","title":{"rendered":"Services \u00e0 l&rsquo;intention des dipl\u00f4m\u00e9s"},"content":{"rendered":"","protected":false},"excerpt":{"rendered":"","protected":false},"author":1,"featured_media":0,"parent":5859,"menu_order":0,"comment_status":"closed","ping_status":"closed","template":"page-primo-livello.php","meta":{"_seopress_robots_primary_cat":"","_seopress_titles_title":"%%title%% %%sep%% Universit\u00e8 de la Vall\u00e9e d'Aoste","_seopress_titles_desc":"D\u00e9couvrez les autres possibilit\u00e9s de stage, de stage et de placement pour \u00e9tudiants et dipl\u00f4m\u00e9s de l'Universit\u00e9 de la Vall\u00e9e d'Aoste","_seopress_robots_index":"","footnotes":""},"tags":[],"class_list":["post-6212","page","type-page","status-publish","hentry"],"acf":[],"publishpress_future_action":{"enabled":false,"date":"2026-04-23 00:20:12","action":"change-status","newStatus":"draft","terms":[],"taxonomy":"post_tag","extraData":[]},"publishpress_future_workflow_manual_trigger":{"enabledWorkflows":[]},"_links":{"self":[{"href":"https:\/\/www.univda.it\/fr\/wp-json\/wp\/v2\/pages\/6212","targetHints":{"allow":["GET"]}}],"collection":[{"href":"https:\/\/www.univda.it\/fr\/wp-json\/wp\/v2\/pages"}],"about":[{"href":"https:\/\/www.univda.it\/fr\/wp-json\/wp\/v2\/types\/page"}],"author":[{"embeddable":true,"href":"https:\/\/www.univda.it\/fr\/wp-json\/wp\/v2\/users\/1"}],"replies":[{"embeddable":true,"href":"https:\/\/www.univda.it\/fr\/wp-json\/wp\/v2\/comments?post=6212"}],"version-history":[{"count":2,"href":"https:\/\/www.univda.it\/fr\/wp-json\/wp\/v2\/pages\/6212\/revisions"}],"predecessor-version":[{"id":36286,"href":"https:\/\/www.univda.it\/fr\/wp-json\/wp\/v2\/pages\/6212\/revisions\/36286"}],"up":[{"embeddable":true,"href":"https:\/\/www.univda.it\/fr\/wp-json\/wp\/v2\/pages\/5859"}],"wp:attachment":[{"href":"https:\/\/www.univda.it\/fr\/wp-json\/wp\/v2\/media?parent=6212"}],"wp:term":[{"taxonomy":"post_tag","embeddable":true,"href":"https:\/\/www.univda.it\/fr\/wp-json\/wp\/v2\/tags?post=6212"}],"curies":[{"name":"wp","href":"https:\/\/api.w.org\/{rel}","templated":true}]}}